{"id":4804,"date":"2021-04-07T14:31:32","date_gmt":"2021-04-07T21:31:32","guid":{"rendered":"https:\/\/cyberlock.com\/?page_id=4804"},"modified":"2021-04-09T14:58:31","modified_gmt":"2021-04-09T21:58:31","slug":"gen2","status":"publish","type":"page","link":"https:\/\/cyberlock.com\/es\/product-lines\/cyberlock\/gen2\/","title":{"rendered":"Cilindros Gen 2"},"content":{"rendered":"<p><span id=\"result_box\" class=\"\" tabindex=\"-1\" lang=\"es\"><span class=\"\">Los cilindros CyberLock son cerraduras electr\u00f3nicas de alta seguridad dise\u00f1adas para trazar y controlar el acceso en todas sus instalaciones<\/span><\/span>. <span id=\"result_box\" class=\"\" tabindex=\"-1\" lang=\"es\"><span class=\"\">Los cilindros est\u00e1n dise\u00f1ados con las dimensiones exactas de los cilindros mec\u00e1nicos de cerradura que reemplazan.<\/span><\/span> <span id=\"result_box\" class=\"\" tabindex=\"-1\" lang=\"es\"><span class=\"\">Como el cilindro CyberLock no necesita alimentaci\u00f3n ni cableado para su instalaci\u00f3n, es ideal para asegurar activos remotos y m\u00f3viles.<\/span><\/span><\/p>\n\n\n\n<div class=\"featured-container\">\n<h2><span id=\"result_box\" class=\"short_text\" tabindex=\"-1\" lang=\"es\"><span class=\"\">Tipos de cilindro destacados<\/span><\/span><\/h2>\n<div class=\"featured-prod\">\n<figure><img loading=\"lazy\" decoding=\"async\" class=\"alignnone size-thumbnail wp-image-1936\" src=\"https:\/\/cyberlock.com\/wp-content\/uploads\/2018\/01\/CL-M4-150x141.png\" alt=\"CyberLock CL-M4 Mortise Cylinder\" width=\"150\" height=\"141\" srcset=\"https:\/\/cyberlock.com\/wp-content\/uploads\/2018\/01\/CL-M4-150x141.png 150w, https:\/\/cyberlock.com\/wp-content\/uploads\/2018\/01\/CL-M4-300x281.png 300w, https:\/\/cyberlock.com\/wp-content\/uploads\/2018\/01\/CL-M4.png 633w\" sizes=\"auto, (max-width: 150px) 100vw, 150px\" \/><\/figure><p><\/p>\n<h3><span id=\"result_box\" class=\"short_text\" tabindex=\"-1\" lang=\"es\">Cilindros para puertas<\/span><\/h3>\n<p><span id=\"result_box\" class=\"\" tabindex=\"-1\" lang=\"es\"><span class=\"\">Los cilindros para puertas se adaptan a <\/span><\/span><span id=\"result_box\" class=\"\" tabindex=\"-1\" lang=\"es\"><span class=\"\">cerraduras de <\/span><\/span><span id=\"result_box\" class=\"\" tabindex=\"-1\" lang=\"es\"><span class=\"\">perilla, de palanca, de mortaja, de borde y de perfil.<\/span><\/span><\/p>\n<p><a class=\"button-link\" href=\"\/products\/category\/cyberlocks\">Ver Cilindros<\/a><\/p>\n<\/div>\n<p><!-- End featured prod --><\/p>\n<div class=\"featured-prod\">\n<figure><img loading=\"lazy\" decoding=\"async\" class=\"alignnone wp-image-1944 size-thumbnail\" src=\"https:\/\/cyberlock.com\/wp-content\/uploads\/2018\/01\/Padlock-02-150x137.png\" alt=\"CyberLock PL-01 Padlock\" width=\"150\" height=\"137\" srcset=\"https:\/\/cyberlock.com\/wp-content\/uploads\/2018\/01\/Padlock-02-150x137.png 150w, https:\/\/cyberlock.com\/wp-content\/uploads\/2018\/01\/Padlock-02-300x274.png 300w, https:\/\/cyberlock.com\/wp-content\/uploads\/2018\/01\/Padlock-02.png 657w\" sizes=\"auto, (max-width: 150px) 100vw, 150px\" \/><\/figure><p><\/p>\n<h3>Candados CyberLock<\/h3>\n<p><span id=\"result_box\" class=\"\" tabindex=\"-1\" lang=\"es\">Administre el acceso a las bah\u00edas de carga, camiones, puertas y cajas de control con los candados de alta seguridad CyberLock.<\/span><\/p>\n<p><a class=\"button-link\" href=\"\/products\/category\/cyberlocks\">Ver Cilindros<\/a><\/p>\n<\/div>\n<p><!-- End featured prod --><\/p>\n<div class=\"featured-prod\">\n<figure><img loading=\"lazy\" decoding=\"async\" class=\"alignnone wp-image-1948 size-thumbnail\" src=\"https:\/\/cyberlock.com\/wp-content\/uploads\/2018\/01\/CamLock-110x150.png\" alt=\"CyberLock Cam Lock\" width=\"110\" height=\"150\" srcset=\"https:\/\/cyberlock.com\/wp-content\/uploads\/2018\/01\/CamLock-110x150.png 110w, https:\/\/cyberlock.com\/wp-content\/uploads\/2018\/01\/CamLock-219x300.png 219w, https:\/\/cyberlock.com\/wp-content\/uploads\/2018\/01\/CamLock.png 445w\" sizes=\"auto, (max-width: 110px) 100vw, 110px\" \/><\/figure><p><\/p>\n<h3>Cerraduras de leva<\/h3>\n<p><span id=\"result_box\" class=\"\" tabindex=\"-1\" lang=\"es\"><span class=\"\">Las cerraduras de leva CyberLock son ideales para asegurar cajones de escritorio, cajas de tarifas, vitrinas de joyer\u00eda, gabinetes m\u00e9dicos y estantes de servidores.<\/span><\/span><\/p>\n<p><a class=\"button-link\" href=\"\/products\/category\/cyberlocks\">Ver Cilindros<\/a><\/p>\n<\/div>\n<p><!-- End featured prod --><\/p>\n<\/div>\n\n\n\n<p><span id=\"result_box\" class=\"short_text\" tabindex=\"-1\" lang=\"es\"><span class=\"\">Haga clic aqu\u00ed para ver&nbsp;<\/span><\/span><a href=\"\/products\/category\/cyberlocks\/\">todos cilindros CyberLock<\/a>.<\/p>\n\n\n\n<h2 class=\"wp-block-heading\" id=\"h-hechos-de-cilindros-electr-nicos\"><span id=\"result_box\" class=\"short_text\" tabindex=\"-1\" lang=\"es\"><span class=\"\">Hechos de cilindros electr\u00f3nicos<\/span><\/span><\/h2>\n\n\n\n<ul class=\"wp-block-list\"><li><span id=\"result_box\" class=\"\" tabindex=\"-1\" lang=\"es\"><span class=\"\">M\u00e1s de 380 cilindros de cerradura electr\u00f3nicos han sido dise\u00f1ados hasta la fecha.<\/span><\/span>\n<ul>\n<li><span id=\"result_box\" class=\"\" tabindex=\"-1\" lang=\"es\">Puertas, gabinetes, candados, contenedores, equipos, cajas fuertes<\/span><\/li>\n<li><span id=\"result_box\" class=\"short_text\" tabindex=\"-1\" lang=\"es\"><span class=\"\">Capacidades de dise\u00f1o y fabricaci\u00f3n a medida<\/span><\/span><\/li>\n<\/ul>\n<\/li><li><span id=\"result_box\" class=\"\" tabindex=\"-1\" lang=\"es\"><span class=\"\">Los cilindros CyberLock se adaptan al equipo mec\u00e1nico existente.<\/span><\/span><\/li><li><span id=\"result_box\" class=\"\" tabindex=\"-1\" lang=\"es\"><span class=\"\">Los cilindros electr\u00f3nicos CyberLock est\u00e1n dise\u00f1ados para evitar la duplicaci\u00f3n no autorizada del c\u00f3digo de identificaci\u00f3n del cilindro, lo que significa que cada cilindro CyberLock es \u00fanico y trazable.<\/span><\/span><\/li><li><span id=\"result_box\" class=\"\" tabindex=\"-1\" lang=\"es\"><span class=\"\">Los cilindros contienen c\u00f3digos de acceso encriptados para identificar el sistema al que pertenecen.<\/span><\/span><\/li><li><span id=\"result_box\" class=\"short_text\" tabindex=\"-1\" lang=\"es\">No se requiere cableado o bater\u00eda.<\/span>\n<ul>\n<li><span id=\"result_box\" class=\"short_text\" tabindex=\"-1\" lang=\"es\"><span class=\"\">El cilindro est\u00e1 energizado por la bater\u00eda en la llave.<\/span><\/span><\/li>\n<li><span id=\"result_box\" class=\"\" tabindex=\"-1\" lang=\"es\"><span class=\"\">Controle el acceso con pistas de auditor\u00eda incluso durante apagones.<\/span><\/span><\/li>\n<\/ul>\n<\/li><li><span id=\"result_box\" class=\"\" tabindex=\"-1\" lang=\"es\"><span class=\"\">Los cilindros registran los \u00faltimos 1100 eventos de acceso autorizado y denegado en la memoria.<\/span><\/span><\/li><li><span id=\"result_box\" class=\"\" tabindex=\"-1\" lang=\"es\">Los cilindros contienen una lista de llaves perdidas \/ robadas para evitar que las llaves perdidas tengan acceso.<\/span><\/li><li><span id=\"result_box\" class=\"short_text\" tabindex=\"-1\" lang=\"es\"><span class=\"\">Los cilindros no tienen chavetero que pueda abrir con ganz\u00faa.<\/span><\/span><\/li><li><span id=\"result_box\" class=\"\" tabindex=\"-1\" lang=\"es\">Las caracter\u00edsticas de seguridad est\u00e1ndar est\u00e1n integradas en cada cilindro:<\/span>\n<ul>\n<li><span id=\"result_box\" class=\"short_text\" tabindex=\"-1\" lang=\"es\">Resistencia a la manipulaci\u00f3n<\/span><\/li>\n<li><span id=\"result_box\" class=\"short_text\" tabindex=\"-1\" lang=\"es\">Resistencia a la torsi\u00f3n<\/span><\/li>\n<li><span id=\"result_box\" class=\"short_text\" tabindex=\"-1\" lang=\"es\"><span class=\"\">Resistencia a armas paralizadoras<br><\/span><\/span><\/li>\n<li><span id=\"result_box\" class=\"short_text\" tabindex=\"-1\" lang=\"es\">Entrada de doble llave o retraso de tiempo (opci\u00f3n de software)<\/span><\/li>\n<\/ul>\n<\/li><li><span id=\"result_box\" class=\"short_text\" tabindex=\"-1\" lang=\"es\"><span class=\"\">La opci\u00f3n de alta seguridad resistente al taladro est\u00e1 disponible.<\/span><\/span><\/li><\/ul>\n\n\n\n<p><\/p>","protected":false},"excerpt":{"rendered":"<p>Los cilindros CyberLock son cerraduras electr\u00f3nicas de alta seguridad dise\u00f1adas para trazar y controlar el acceso en todas sus instalaciones. Los cilindros est\u00e1n dise\u00f1ados con las dimensiones exactas de los cilindros mec\u00e1nicos de cerradura que reemplazan. Como el cilindro CyberLock no necesita alimentaci\u00f3n ni cableado para su instalaci\u00f3n, es ideal para asegurar activos remotos y [&hellip;]<\/p>\n","protected":false},"author":1,"featured_media":3985,"parent":1923,"menu_order":0,"comment_status":"closed","ping_status":"closed","template":"","meta":{"footnotes":"","advanced-sidebar-menu\/link-title":"","advanced-sidebar-menu\/exclude-page":false},"class_list":["post-4804","page","type-page","status-publish","has-post-thumbnail","hentry"],"_links":{"self":[{"href":"https:\/\/cyberlock.com\/es\/wp-json\/wp\/v2\/pages\/4804","targetHints":{"allow":["GET"]}}],"collection":[{"href":"https:\/\/cyberlock.com\/es\/wp-json\/wp\/v2\/pages"}],"about":[{"href":"https:\/\/cyberlock.com\/es\/wp-json\/wp\/v2\/types\/page"}],"author":[{"embeddable":true,"href":"https:\/\/cyberlock.com\/es\/wp-json\/wp\/v2\/users\/1"}],"replies":[{"embeddable":true,"href":"https:\/\/cyberlock.com\/es\/wp-json\/wp\/v2\/comments?post=4804"}],"version-history":[{"count":7,"href":"https:\/\/cyberlock.com\/es\/wp-json\/wp\/v2\/pages\/4804\/revisions"}],"predecessor-version":[{"id":4842,"href":"https:\/\/cyberlock.com\/es\/wp-json\/wp\/v2\/pages\/4804\/revisions\/4842"}],"up":[{"embeddable":true,"href":"https:\/\/cyberlock.com\/es\/wp-json\/wp\/v2\/pages\/1923"}],"wp:featuredmedia":[{"embeddable":true,"href":"https:\/\/cyberlock.com\/es\/wp-json\/wp\/v2\/media\/3985"}],"wp:attachment":[{"href":"https:\/\/cyberlock.com\/es\/wp-json\/wp\/v2\/media?parent=4804"}],"curies":[{"name":"wp","href":"https:\/\/api.w.org\/{rel}","templated":true}]}}