{"id":3223,"date":"2018-02-09T11:12:49","date_gmt":"2018-02-09T19:12:49","guid":{"rendered":"http:\/\/cyberlock.dev\/?page_id=3223"},"modified":"2018-02-21T13:39:15","modified_gmt":"2018-02-21T21:39:15","slug":"virtual-tour","status":"publish","type":"page","link":"https:\/\/cyberlock.com\/es\/solutions-center\/virtual-tour\/","title":{"rendered":"Gira virtual"},"content":{"rendered":"\n\n<div id=\"map-wrapper\">\n    <img loading=\"lazy\" decoding=\"async\" id=\"BaseImg\" src=\"https:\/\/cyberlock.com\/wp-content\/plugins\/cl-virtual-tour\/images\/Base-with-Hotspots.png\" alt=\"\" name=\"BaseImg\" usemap=\"#CL_map\" height=\"734\" border=\"0\" width=\"950\">\n\n    <map id=\"CL_map\" name=\"CL_map\"> \n        <area id=\"existing_systems\" class=\"hotspot\" shape=\"circle\" coords=\"98,578,15\" href=\"\/\">\n\n        <area id=\"key_control\" class=\"hotspot\" shape=\"circle\" coords=\"312,554,15\" href=\"\/\">\n\n        <area id=\"server_cabinets\" class=\"hotspot\" shape=\"circle\" coords=\"326,434,15\" href=\"\/\">\n\n        <area id=\"perimeter_security\" class=\"hotspot\" shape=\"circle\" coords=\"359,235,15\" href=\"\/\">\n\n        <area id=\"key_authorization\" class=\"hotspot\" shape=\"circle\" coords=\"736,351,15\" href=\"\/\">\n\n        <area id=\"utility_closets\" class=\"hotspot\" shape=\"circle\" coords=\"654,411,15\" href=\"\/\">\n\n        <area id=\"office_doors\" class=\"hotspot\" shape=\"circle\" coords=\"492,521,15\" href=\"\/\">\n\n        <area id=\"high_traffic_doors\" class=\"hotspot\" shape=\"circle\" coords=\"532,620,15\" href=\"\/\">\n\n        <area id=\"mobile_assets\" class=\"hotspot\" shape=\"circle\" coords=\"749,532,15\" href=\"\/\">\n    <\/map>\n\n    <div id=\"intro\">\n        <h2>Asegurar todo con CyberLock y el Sistema Flex<\/h2>\n        Pase el mouse sobre los s\u00edmbolos CyberLock para ver detalles sobre c\u00f3mo los productos CyberLock se pueden usar en muchas \u00e1reas diferentes.    <\/div>\n    \n    <div id=\"existing_systems_over\" class=\"overs\">\n        <h3>Sistemas existentes<\/h3>\n        Integre el Sistema Flex con dispositivos de seguridad de terceros, como lectores de RFID, esc\u00e1neres biom\u00e9tricos, alarmas y sensores para un sistema de control de acceso completo.        <br>\n        <img decoding=\"async\" id=\"circle_existing\" class=\"circles\" src=\"https:\/\/cyberlock.com\/wp-content\/plugins\/cl-virtual-tour\/images\/RFID-circle.png\" alt=\"\">\n    <\/div>\n    \n    <div id=\"key_control_over\" class=\"overs\">\n        <h3>Control llave<\/h3>\n        Almacene las llaves electr\u00f3nicas en el sitio para aumentar el control de las llaves. CyberKey Vaults se conectas directamente al software y comunicas la actividad de acceso a medida que se devuelven las llaves.        <br>\n        <img decoding=\"async\" id=\"circle_key_control\" class=\"circles\" src=\"https:\/\/cyberlock.com\/wp-content\/plugins\/cl-virtual-tour\/images\/key-control-circle.png\" alt=\"\">\n    <\/div>\n    \n    <div id=\"server_cabinets_over\" class=\"overs\">\n        <h3>Gabinetes de servidor<\/h3>\n        Instale los cilindros electr\u00f3nicos CyberLock en los gabinetes del servidor para controlar qui\u00e9n tiene acceso y cu\u00e1ndo.        <br>\n        <img decoding=\"async\" id=\"circle_server_cabinets\" class=\"circles\" src=\"https:\/\/cyberlock.com\/wp-content\/plugins\/cl-virtual-tour\/images\/server-cabinets-circle.png\" alt=\"\">\n    <\/div>\n    \n    <div id=\"perimeter_security_over\" class=\"overs\">\n        <h3>Seguridad perimetral<\/h3>\n        Asegure, restrinja, y monitorice el acceso a las puertas y jaulas perimetrales que contienen activos de alto valor con los candados electr\u00f3nicos CyberLock.        <br>\n        <img decoding=\"async\" id=\"circle_perimeter_security\" class=\"circles\" src=\"https:\/\/cyberlock.com\/wp-content\/plugins\/cl-virtual-tour\/images\/perimeter-security-circle.png\" alt=\"\">\n    <\/div>\n    \n    <div id=\"office_doors_over\" class=\"overs\">\n        <h3>Puertas de oficina<\/h3>\n        Restrinja el acceso y rastree la entrada a \u00e1reas sensibles que albergan equipos, inventarios o registros.        <br>\n        <img decoding=\"async\" id=\"circle_office_doors\" class=\"circles\" src=\"https:\/\/cyberlock.com\/wp-content\/plugins\/cl-virtual-tour\/images\/office-doors-circle.png\" alt=\"\">\n    <\/div>\n    \n    <div id=\"utility_closets_over\" class=\"overs\">\n        <h3>Armarios de utilidad<\/h3>\n        Controle y monitorice el acceso a los equipos de servicios p\u00fablicos, como paneles el\u00e9ctricos, medidores de potencia y otros controles de misi\u00f3n cr\u00edtica.        <br>\n        <img decoding=\"async\" id=\"circle_utility_closets\" class=\"circles\" src=\"https:\/\/cyberlock.com\/wp-content\/plugins\/cl-virtual-tour\/images\/utility-closets-circle.png\" alt=\"\">\n    <\/div>\n    \n    <div id=\"high_traffic_doors_over\" class=\"overs\">\n        <h3>Puertas de alto tr\u00e1fico<\/h3>\n        Instale m\u00f3dulos del Sistema Flex tales como lectores de RFID o almohadillas de PIN en entradas de alto tr\u00e1fico.        <br>\n        <img decoding=\"async\" id=\"circle_high_traffic_doors\" class=\"circles\" src=\"https:\/\/cyberlock.com\/wp-content\/plugins\/cl-virtual-tour\/images\/high-traffic-doors-circle.png\" alt=\"\">\n    <\/div>\n    \n    <div id=\"key_authorization_over\" class=\"overs\">\n        <h3>Autorizaci\u00f3n de llaves<\/h3>\n        Vuelva a autorizar y actualice las llaves regularmente con Authorizer Keyports, que se puede instalar en cualquier lugar de una instalaci\u00f3n o campus.        <br>\n        <img decoding=\"async\" id=\"circle_key_authorization\" class=\"circles\" src=\"https:\/\/cyberlock.com\/wp-content\/plugins\/cl-virtual-tour\/images\/key-authorization-circle.png\" alt=\"\">\n    <\/div>\n    \n    <div id=\"mobile_assets_over\" class=\"overs\">\n        <h3>Activos m\u00f3viles<\/h3>\n        Proteger bienes en tr\u00e1nsito. No importa cu\u00e1n geogr\u00e1ficamente generalizadas sean las operaciones, los cilindros CyberLock pueden asegurar contenedores y compartimentos de carga en cualquier lugar.        <br>\n        <img decoding=\"async\" id=\"circle_mobile_assets\" class=\"circles\" src=\"https:\/\/cyberlock.com\/wp-content\/plugins\/cl-virtual-tour\/images\/mobile-assets-circle.png\" alt=\"\">\n    <\/div>\n\n<\/div><!-- End map-wrapper div -->\n","protected":false},"excerpt":{"rendered":"","protected":false},"author":1,"featured_media":0,"parent":2616,"menu_order":0,"comment_status":"closed","ping_status":"closed","template":"page-templates\/page_no-sidebar.php","meta":{"footnotes":"","advanced-sidebar-menu\/link-title":"","advanced-sidebar-menu\/exclude-page":false},"class_list":["post-3223","page","type-page","status-publish","hentry"],"_links":{"self":[{"href":"https:\/\/cyberlock.com\/es\/wp-json\/wp\/v2\/pages\/3223","targetHints":{"allow":["GET"]}}],"collection":[{"href":"https:\/\/cyberlock.com\/es\/wp-json\/wp\/v2\/pages"}],"about":[{"href":"https:\/\/cyberlock.com\/es\/wp-json\/wp\/v2\/types\/page"}],"author":[{"embeddable":true,"href":"https:\/\/cyberlock.com\/es\/wp-json\/wp\/v2\/users\/1"}],"replies":[{"embeddable":true,"href":"https:\/\/cyberlock.com\/es\/wp-json\/wp\/v2\/comments?post=3223"}],"version-history":[{"count":5,"href":"https:\/\/cyberlock.com\/es\/wp-json\/wp\/v2\/pages\/3223\/revisions"}],"predecessor-version":[{"id":3428,"href":"https:\/\/cyberlock.com\/es\/wp-json\/wp\/v2\/pages\/3223\/revisions\/3428"}],"up":[{"embeddable":true,"href":"https:\/\/cyberlock.com\/es\/wp-json\/wp\/v2\/pages\/2616"}],"wp:attachment":[{"href":"https:\/\/cyberlock.com\/es\/wp-json\/wp\/v2\/media?parent=3223"}],"curies":[{"name":"wp","href":"https:\/\/api.w.org\/{rel}","templated":true}]}}