{"id":3201,"date":"2018-02-08T16:17:40","date_gmt":"2018-02-09T00:17:40","guid":{"rendered":"http:\/\/cyberlock.dev\/?page_id=3201"},"modified":"2019-10-04T09:51:36","modified_gmt":"2019-10-04T16:51:36","slug":"social-facebook","status":"publish","type":"page","link":"https:\/\/cyberlock.com\/es\/social-facebook\/","title":{"rendered":"CyberLock y FlashLock en Facebook"},"content":{"rendered":"<p><span id=\"result_box\" class=\"\" tabindex=\"-1\" lang=\"es\">\u00a1Aqu\u00ed est\u00e1n las publicaciones m\u00e1s recientes de nuestras p\u00e1ginas de Facebook!<\/span><\/p>\n<h2>CyberLock<\/h2>\n<p>[WD_FB id=\u00bb1&#8243;]<\/p>\n<h2>FlashLock<\/h2>\n<p>[WD_FB id=\u00bb2&#8243;]<\/p>","protected":false},"excerpt":{"rendered":"<p>\u00a1Aqu\u00ed est\u00e1n las publicaciones m\u00e1s recientes de nuestras p\u00e1ginas de Facebook! CyberLock [WD_FB id=\u00bb1&#8243;] FlashLock [WD_FB id=\u00bb2&#8243;]<\/p>\n","protected":false},"author":1,"featured_media":0,"parent":0,"menu_order":0,"comment_status":"closed","ping_status":"closed","template":"","meta":{"footnotes":"","advanced-sidebar-menu\/link-title":"","advanced-sidebar-menu\/exclude-page":false},"class_list":["post-3201","page","type-page","status-publish","hentry"],"_links":{"self":[{"href":"https:\/\/cyberlock.com\/es\/wp-json\/wp\/v2\/pages\/3201","targetHints":{"allow":["GET"]}}],"collection":[{"href":"https:\/\/cyberlock.com\/es\/wp-json\/wp\/v2\/pages"}],"about":[{"href":"https:\/\/cyberlock.com\/es\/wp-json\/wp\/v2\/types\/page"}],"author":[{"embeddable":true,"href":"https:\/\/cyberlock.com\/es\/wp-json\/wp\/v2\/users\/1"}],"replies":[{"embeddable":true,"href":"https:\/\/cyberlock.com\/es\/wp-json\/wp\/v2\/comments?post=3201"}],"version-history":[{"count":9,"href":"https:\/\/cyberlock.com\/es\/wp-json\/wp\/v2\/pages\/3201\/revisions"}],"predecessor-version":[{"id":4503,"href":"https:\/\/cyberlock.com\/es\/wp-json\/wp\/v2\/pages\/3201\/revisions\/4503"}],"wp:attachment":[{"href":"https:\/\/cyberlock.com\/es\/wp-json\/wp\/v2\/media?parent=3201"}],"curies":[{"name":"wp","href":"https:\/\/api.w.org\/{rel}","templated":true}]}}