{"id":3141,"date":"2018-02-08T10:41:42","date_gmt":"2018-02-08T18:41:42","guid":{"rendered":"http:\/\/cyberlock.dev\/?page_id=3141"},"modified":"2025-05-30T11:58:21","modified_gmt":"2025-05-30T18:58:21","slug":"cyberlock-awards-milestones","status":"publish","type":"page","link":"https:\/\/cyberlock.com\/es\/news-events\/cyberlock-awards-milestones\/","title":{"rendered":"Premios e hitos para CyberLock"},"content":{"rendered":"<p><\/p>\n<div class=\"content node-page\">\n<div class=\"field field-name-body field-type-text-with-summary field-label-hidden\">\n<div class=\"field-items\">\n<div class=\"field-item even\">\n<h2>2018<\/h2>\n<ul>\n<li><span id=\"result_box\" class=\"\" lang=\"es\" tabindex=\"-1\">ValidiKey 20 Vault seleccionado <\/span><span id=\"result_box\" class=\"\" lang=\"es\" tabindex=\"-1\">por Security Today <\/span><span id=\"result_box\" class=\"\" lang=\"es\" tabindex=\"-1\">para el premio al Nuevo Producto del A\u00f1o en la categor\u00eda Dispositivos \/ Perif\u00e9ricos de control de acceso<\/span><\/li>\n<li>CyberLock presenta CyberKey X<\/li>\n<li>ValidiKey 20 Vault <span id=\"result_box\" class=\"\" lang=\"es\" tabindex=\"-1\">seleccionado para un \u00abGovie\u00bb (Premio de Seguridad del Gobierno) por Security Today<\/span><\/li>\n<li>CyberKey Flash <span id=\"result_box\" class=\"\" lang=\"es\" tabindex=\"-1\">seleccionado para un \u00abGovie\u00bb (Premio de Seguridad del Gobierno) por Security Today<\/span><\/li>\n<\/ul>\n<h2>2017<\/h2>\n<ul>\n<li><span id=\"result_box\" class=\"\" lang=\"es\" tabindex=\"-1\">ValidiKey 2 seleccionado para el Premio al Nuevo Producto en WFX Conference and Expo &#8211; Lo mejor en seguridad y protecci\u00f3n de iglesias, sistemas de control de acceso<\/span><\/li>\n<li><span id=\"result_box\" class=\"\" lang=\"es\" tabindex=\"-1\">CyberKey Blue 2 seleccionado <\/span><span id=\"result_box\" class=\"\" lang=\"es\" tabindex=\"-1\">por Security Today <\/span><span id=\"result_box\" class=\"\" lang=\"es\" tabindex=\"-1\">para el premio al Nuevo Producto del A\u00f1o en la categor\u00eda Dispositivos \/ Perif\u00e9ricos de control de acceso &#8211; Inal\u00e1mbrico<br \/>\n<\/span><\/li>\n<li><span id=\"result_box\" class=\"short_text\" lang=\"es\" tabindex=\"-1\"><span class=\"\">CyberLock presenta CyberKey Flash<\/span><\/span><\/li>\n<li>CyberLock <span id=\"result_box\" class=\"short_text\" lang=\"es\" tabindex=\"-1\"><span class=\"\">presenta <\/span><\/span>ValidiKey V20S Vault<\/li>\n<li>CyberLock <span id=\"result_box\" class=\"short_text\" lang=\"es\" tabindex=\"-1\"><span class=\"\">presenta <\/span><\/span>ValidiKey 2<\/li>\n<\/ul>\n<h2>2016<\/h2>\n<ul>\n<li>CyberLock presenta FlashLock &#8211; <span id=\"result_box\" class=\"short_text\" lang=\"es\" tabindex=\"-1\">control de acceso sin llave<\/span><\/li>\n<li><span id=\"result_box\" class=\"\" lang=\"es\" tabindex=\"-1\">FlashLock seleccionado para el Premio de Producto Nuevo 2016 en la categor\u00eda de Sistemas de control de acceso por el sitio web de Worship Tech Director<\/span><\/li>\n<\/ul>\n<h2>2014<\/h2>\n<ul>\n<li>CyberLock presenta CyberKey Air<\/li>\n<\/ul>\n<h2>2013<\/h2>\n<ul>\n<li>CyberLock presenta Flex System Keyport<\/li>\n<\/ul>\n<h2>2012<\/h2>\n<ul>\n<li><span id=\"result_box\" class=\"\" lang=\"es\" tabindex=\"-1\">CyberKey II gana el premio al Mejor Producto de Seguridad general en la WFX Expo<\/span><\/li>\n<li>CyberLock presenta CyberKey II<\/li>\n<\/ul>\n<h2>2011<\/h2>\n<ul>\n<li><span id=\"result_box\" class=\"\" lang=\"es\" tabindex=\"-1\">El sistema CyberLock Flex y el m\u00f3dulo de puerta y E \/ S se introducen en el mercado<\/span><\/li>\n<li><span id=\"result_box\" class=\"\" lang=\"es\" tabindex=\"-1\"><span class=\"\">El m\u00f3dulo de puerta y E \/ S gana el premio al Mejor Producto de Seguridad en WFX Expo<\/span><\/span><\/li>\n<li><span id=\"result_box\" class=\"\" lang=\"es\" tabindex=\"-1\">CyberLock gana el Premio Mejores Productos desde Building Operating Management<\/span><\/li>\n<\/ul>\n<h2>2010<\/h2>\n<ul>\n<li><span id=\"result_box\" class=\"\" lang=\"es\" tabindex=\"-1\"><span class=\"\">CyberLock gana el premio Los Diez Mejores Productos del A\u00f1o desde American School &amp; University<\/span><\/span><\/li>\n<li>CyberKey Vault 20 y CyberKey Vault 1 se introducen en el mercado<\/li>\n<li><span id=\"result_box\" class=\"\" lang=\"es\" tabindex=\"-1\">CyberKey Vault 20 gana el premio Selecci\u00f3n de los Jueces de la Asociaci\u00f3n de la Industria de Seguridad y el premio al Mejor Producto de Control de Acceso en ISC West<\/span><\/li>\n<\/ul>\n<h2>2009<\/h2>\n<ul>\n<li><span id=\"result_box\" class=\"\" lang=\"es\" tabindex=\"-1\"><span class=\"\">CyberLock gana el premio al Mejor Producto de Seguridad de conjunto en la WFX Expo<\/span><\/span><\/li>\n<li><span id=\"result_box\" class=\"\" lang=\"es\" tabindex=\"-1\">La llave inteligente CyberKey compatible con Bluetooth se introduce en el mercado<\/span><\/li>\n<\/ul>\n<h2>2008<\/h2>\n<ul>\n<li><span id=\"result_box\" class=\"\" lang=\"es\" tabindex=\"-1\"><span class=\"alt-edited\">CyberKey a Bater\u00eda Recargable se introduce en el mercado<\/span><\/span><\/li>\n<\/ul>\n<h2>2007<\/h2>\n<ul>\n<li><span id=\"result_box\" class=\"\" lang=\"es\" tabindex=\"-1\"><span class=\"\">Los \u00fanicos dise\u00f1os de cerraduras que utilizan la tecnolog\u00eda CyberLock alcanzan la marca 200<\/span><\/span><\/li>\n<\/ul>\n<h2>2006<\/h2>\n<ul>\n<li><span id=\"result_box\" class=\"\" lang=\"es\" tabindex=\"-1\"><span class=\"\">CyberLock gana el premio al Mejor Producto de Seguridad del A\u00f1o en WFX Expo<\/span><\/span><\/li>\n<li><span id=\"result_box\" class=\"\" lang=\"es\" tabindex=\"-1\">La programaci\u00f3n en el campo de las llaves inteligentes CyberKey a trav\u00e9s de tel\u00e9fonos inteligentes est\u00e1 disponible<\/span><\/li>\n<\/ul>\n<h2>2005<\/h2>\n<ul>\n<li><span id=\"result_box\" class=\"short_text\" lang=\"es\" tabindex=\"-1\">CyberLock sobrevive al hurac\u00e1n Katrina<\/span><\/li>\n<li><span id=\"result_box\" class=\"\" lang=\"es\" tabindex=\"-1\">CyberLock es finalista del premio al Nuevo Producto del A\u00f1o por la revista Access Control &amp; Security Systems<\/span><\/li>\n<li><span id=\"result_box\" class=\"\" lang=\"es\" tabindex=\"-1\"><span class=\"\">CyberLock gana el premio al Producto de gesti\u00f3n de acceso del a<\/span><\/span><span id=\"result_box\" class=\"\" lang=\"es\" tabindex=\"-1\"><span class=\"\">\u00f1o en IFSEC<\/span><\/span><\/li>\n<\/ul>\n<h2>2004<\/h2>\n<ul>\n<li><span id=\"result_box\" class=\"\" lang=\"es\" tabindex=\"-1\"><span class=\"\">CyberLock gana el premio Selecci\u00f3n de los lectores para Producto del a\u00f1o desde la revista Commercial Building Products<br \/>\n<\/span><\/span><\/li>\n<li><span id=\"result_box\" class=\"\" lang=\"es\" tabindex=\"-1\">CyberLock proporciona control de acceso para una importante compa\u00f1\u00eda de sistemas de comunicaciones inal\u00e1mbricas de EE. UU.<\/span><\/li>\n<\/ul>\n<h2>2003<\/h2>\n<ul>\n<li><span id=\"result_box\" class=\"\" lang=\"es\" tabindex=\"-1\">CyberLock gana el premio Mejor en Exposici\u00f3n\u00a0 in Security en Total Facility Management<br \/>\n<\/span><\/li>\n<li><span id=\"result_box\" class=\"\" lang=\"es\" tabindex=\"-1\">CyberLock es finalista del premio al Nuevo producto del a\u00f1o por la revista Access Control &amp; Security Systems<\/span><\/li>\n<\/ul>\n<h2>2002<\/h2>\n<ul>\n<li><span id=\"result_box\" class=\"\" lang=\"es\" tabindex=\"-1\">CyberLock gana el Gran Premio y\u00a0 el premio Producto del A\u00f1o de la revista Canadian Security Magazine<\/span><\/li>\n<\/ul>\n<h2>2001<\/h2>\n<ul>\n<li><span id=\"result_box\" class=\"short_text\" lang=\"es\" tabindex=\"-1\"><span class=\"\">Las primeras cerraduras de n\u00facleo intercambiable de peque\u00f1o formato son enviados<br \/>\n<\/span><\/span><\/li>\n<\/ul>\n<h2>2000<\/h2>\n<ul>\n<li><span id=\"result_box\" class=\"\" lang=\"es\" tabindex=\"-1\">Videx presenta CyberLock para la industria de la seguridad en la exposici\u00f3n ASIS<br \/>\n<\/span><\/li>\n<\/ul>\n<\/div>\n<\/div>\n<\/div>\n<\/div>\n<p><\/p>","protected":false},"excerpt":{"rendered":"<p>2018 ValidiKey 20 Vault seleccionado por Security Today para el premio al Nuevo Producto del A\u00f1o en la categor\u00eda Dispositivos \/ Perif\u00e9ricos de control de acceso CyberLock presenta CyberKey X ValidiKey 20 Vault seleccionado para un \u00abGovie\u00bb (Premio de Seguridad del Gobierno) por Security Today CyberKey Flash seleccionado para un \u00abGovie\u00bb (Premio de Seguridad del [&hellip;]<\/p>\n","protected":false},"author":1,"featured_media":3984,"parent":2798,"menu_order":0,"comment_status":"closed","ping_status":"closed","template":"","meta":{"footnotes":"","advanced-sidebar-menu\/link-title":"","advanced-sidebar-menu\/exclude-page":false},"class_list":["post-3141","page","type-page","status-publish","has-post-thumbnail","hentry"],"_links":{"self":[{"href":"https:\/\/cyberlock.com\/es\/wp-json\/wp\/v2\/pages\/3141","targetHints":{"allow":["GET"]}}],"collection":[{"href":"https:\/\/cyberlock.com\/es\/wp-json\/wp\/v2\/pages"}],"about":[{"href":"https:\/\/cyberlock.com\/es\/wp-json\/wp\/v2\/types\/page"}],"author":[{"embeddable":true,"href":"https:\/\/cyberlock.com\/es\/wp-json\/wp\/v2\/users\/1"}],"replies":[{"embeddable":true,"href":"https:\/\/cyberlock.com\/es\/wp-json\/wp\/v2\/comments?post=3141"}],"version-history":[{"count":19,"href":"https:\/\/cyberlock.com\/es\/wp-json\/wp\/v2\/pages\/3141\/revisions"}],"predecessor-version":[{"id":5656,"href":"https:\/\/cyberlock.com\/es\/wp-json\/wp\/v2\/pages\/3141\/revisions\/5656"}],"up":[{"embeddable":true,"href":"https:\/\/cyberlock.com\/es\/wp-json\/wp\/v2\/pages\/2798"}],"wp:featuredmedia":[{"embeddable":true,"href":"https:\/\/cyberlock.com\/es\/wp-json\/wp\/v2\/media\/3984"}],"wp:attachment":[{"href":"https:\/\/cyberlock.com\/es\/wp-json\/wp\/v2\/media?parent=3141"}],"curies":[{"name":"wp","href":"https:\/\/api.w.org\/{rel}","templated":true}]}}