{"id":3086,"date":"2018-02-08T09:43:56","date_gmt":"2018-02-08T17:43:56","guid":{"rendered":"http:\/\/cyberlock.dev\/?page_id=3086"},"modified":"2018-08-07T08:21:12","modified_gmt":"2018-08-07T15:21:12","slug":"about-cyberlock","status":"publish","type":"page","link":"https:\/\/cyberlock.com\/es\/about-cyberlock\/","title":{"rendered":"Sobre CyberLock"},"content":{"rendered":"<p><span id=\"result_box\" class=\"\" lang=\"es\" tabindex=\"-1\"><span class=\"\">CyberLock, Inc. es el proveedor l\u00edder de sistemas de control de acceso centrados en la llave.<\/span> <span class=\"\">Es parte de la familia de compa\u00f1\u00edas Videx con ra\u00edces que datan de 2000, cuando se introdujeron en el mercado las primeras cerraduras y llaves inteligentes de la marca CyberLock.<\/span><\/span><\/p>\n<p><span id=\"result_box\" class=\"\" lang=\"es\" tabindex=\"-1\"><span class=\"\">Videx, Inc. ha estado dise\u00f1ando y fabricando productos electr\u00f3nicos innovadores desde que la compa\u00f1\u00eda fue fundada en Corvallis, Oregon en 1979. Los primeros productos incluyen m\u00f3dulos de mejora para computadoras Apple.<\/span> <span class=\"\">En 1985, Videx ingres\u00f3 a la industria de colecci\u00f3n de datos con su primer esc\u00e1ner de c\u00f3digo de barras port\u00e1til.<\/span> <span class=\"\">Con los a\u00f1os, se han introducido colectores de datos adicionales utilizando el bot\u00f3n de memoria t\u00e1ctil y las tecnolog\u00edas de etiquetas RFID.<\/span><\/span><\/p>\n<p><span id=\"result_box\" class=\"\" lang=\"es\" tabindex=\"-1\"><span class=\"\">En 2013, CyberLock, Inc. se convirti\u00f3 en una empresa independiente pero mantiene fuertes lazos con Videx.<\/span> <span class=\"\">Las dos compa\u00f1\u00edas contin\u00faan colaborando en innovaciones futuras.<\/span><\/span><\/p>","protected":false},"excerpt":{"rendered":"<p>CyberLock, Inc. es el proveedor l\u00edder de sistemas de control de acceso centrados en la llave. Es parte de la familia de compa\u00f1\u00edas Videx con ra\u00edces que datan de 2000, cuando se introdujeron en el mercado las primeras cerraduras y llaves inteligentes de la marca CyberLock. Videx, Inc. ha estado dise\u00f1ando y fabricando productos electr\u00f3nicos [&hellip;]<\/p>\n","protected":false},"author":1,"featured_media":3087,"parent":0,"menu_order":0,"comment_status":"closed","ping_status":"closed","template":"","meta":{"footnotes":"","advanced-sidebar-menu\/link-title":"","advanced-sidebar-menu\/exclude-page":false},"class_list":["post-3086","page","type-page","status-publish","has-post-thumbnail","hentry"],"_links":{"self":[{"href":"https:\/\/cyberlock.com\/es\/wp-json\/wp\/v2\/pages\/3086","targetHints":{"allow":["GET"]}}],"collection":[{"href":"https:\/\/cyberlock.com\/es\/wp-json\/wp\/v2\/pages"}],"about":[{"href":"https:\/\/cyberlock.com\/es\/wp-json\/wp\/v2\/types\/page"}],"author":[{"embeddable":true,"href":"https:\/\/cyberlock.com\/es\/wp-json\/wp\/v2\/users\/1"}],"replies":[{"embeddable":true,"href":"https:\/\/cyberlock.com\/es\/wp-json\/wp\/v2\/comments?post=3086"}],"version-history":[{"count":9,"href":"https:\/\/cyberlock.com\/es\/wp-json\/wp\/v2\/pages\/3086\/revisions"}],"predecessor-version":[{"id":4050,"href":"https:\/\/cyberlock.com\/es\/wp-json\/wp\/v2\/pages\/3086\/revisions\/4050"}],"wp:featuredmedia":[{"embeddable":true,"href":"https:\/\/cyberlock.com\/es\/wp-json\/wp\/v2\/media\/3087"}],"wp:attachment":[{"href":"https:\/\/cyberlock.com\/es\/wp-json\/wp\/v2\/media?parent=3086"}],"curies":[{"name":"wp","href":"https:\/\/api.w.org\/{rel}","templated":true}]}}