{"id":3021,"date":"2018-02-06T09:37:46","date_gmt":"2018-02-06T17:37:46","guid":{"rendered":"http:\/\/cyberlock.dev\/?page_id=3021"},"modified":"2023-05-16T14:12:44","modified_gmt":"2023-05-16T21:12:44","slug":"software-logins","status":"publish","type":"page","link":"https:\/\/cyberlock.com\/es\/customer-support\/software-logins\/","title":{"rendered":"Inicio de sesi\u00f3n de software"},"content":{"rendered":"<p><\/p>\n<h2>Actualizaciones de CyberAudit Enterprise<\/h2>\n<p>Haga clic aqu\u00ed para ver y <a href=\"https:\/\/www.cyberauditweb.com\/CyberAuditRegistration\">descargar actualizciones disponibles<\/a> y notas para CyberAudit Enterprise y el servidor CyberAudit. Se requiere un nombre de usuario y contrase\u00f1a.<\/p>\n<h2>Registrar CyberAudit Enterprise y Professional<\/h2>\n<p>Haga clic aqu\u00ed para <a href=\"https:\/\/www.cyberauditweb.com\/CyberAuditRegistration\">registrar una instalaci\u00f3n<\/a> de CyberAudit Enterprise o CyberAudit Professional. Se requiere una licencia y clave de instalaci\u00f3n para generar un c\u00f3digo de activaci\u00f3n.<\/p>","protected":false},"excerpt":{"rendered":"<p>Actualizaciones de CyberAudit Enterprise Haga clic aqu\u00ed para ver y descargar actualizciones disponibles y notas para CyberAudit Enterprise y el servidor CyberAudit. Se requiere un nombre de usuario y contrase\u00f1a. Registrar CyberAudit Enterprise y Professional Haga clic aqu\u00ed para registrar una instalaci\u00f3n de CyberAudit Enterprise o CyberAudit Professional. Se requiere una licencia y clave de [&hellip;]<\/p>\n","protected":false},"author":1,"featured_media":4096,"parent":2929,"menu_order":0,"comment_status":"closed","ping_status":"closed","template":"","meta":{"footnotes":"","advanced-sidebar-menu\/link-title":"","advanced-sidebar-menu\/exclude-page":false},"class_list":["post-3021","page","type-page","status-publish","has-post-thumbnail","hentry"],"_links":{"self":[{"href":"https:\/\/cyberlock.com\/es\/wp-json\/wp\/v2\/pages\/3021","targetHints":{"allow":["GET"]}}],"collection":[{"href":"https:\/\/cyberlock.com\/es\/wp-json\/wp\/v2\/pages"}],"about":[{"href":"https:\/\/cyberlock.com\/es\/wp-json\/wp\/v2\/types\/page"}],"author":[{"embeddable":true,"href":"https:\/\/cyberlock.com\/es\/wp-json\/wp\/v2\/users\/1"}],"replies":[{"embeddable":true,"href":"https:\/\/cyberlock.com\/es\/wp-json\/wp\/v2\/comments?post=3021"}],"version-history":[{"count":6,"href":"https:\/\/cyberlock.com\/es\/wp-json\/wp\/v2\/pages\/3021\/revisions"}],"predecessor-version":[{"id":5550,"href":"https:\/\/cyberlock.com\/es\/wp-json\/wp\/v2\/pages\/3021\/revisions\/5550"}],"up":[{"embeddable":true,"href":"https:\/\/cyberlock.com\/es\/wp-json\/wp\/v2\/pages\/2929"}],"wp:featuredmedia":[{"embeddable":true,"href":"https:\/\/cyberlock.com\/es\/wp-json\/wp\/v2\/media\/4096"}],"wp:attachment":[{"href":"https:\/\/cyberlock.com\/es\/wp-json\/wp\/v2\/media?parent=3021"}],"curies":[{"name":"wp","href":"https:\/\/api.w.org\/{rel}","templated":true}]}}