{"id":2929,"date":"2018-02-01T13:41:02","date_gmt":"2018-02-01T21:41:02","guid":{"rendered":"http:\/\/cyberlock.dev\/?page_id=2929"},"modified":"2025-03-13T13:43:54","modified_gmt":"2025-03-13T20:43:54","slug":"customer-support","status":"publish","type":"page","link":"https:\/\/cyberlock.com\/es\/customer-support\/","title":{"rendered":"Atenci\u00f3n al cliente"},"content":{"rendered":"<p><span id=\"result_box\" class=\"\" lang=\"es\" tabindex=\"-1\"><span class=\"\">Esta p\u00e1gina es un recurso de informaci\u00f3n t\u00e9cnica, informaci\u00f3n sobre el software y entrenamiento.<\/span><\/span><\/p>\n<div class=\"img-on-left\">\n<div class=\"img-div\"><img loading=\"lazy\" decoding=\"async\" class=\"alignnone wp-image-3972 size-full\" src=\"https:\/\/cyberlock.com\/wp-content\/uploads\/2018\/08\/FAQ.png\" alt=\"CyberLock FAQ\" width=\"105\" height=\"105\" \/><\/div>\n<div class=\"text-div\">\n<h2><a href=\"https:\/\/cyberlock.com\/customer-support\/faq\/\">Preguntas frecuentes<\/a><\/h2>\n<p><span id=\"result_box\" class=\"\" lang=\"es\" tabindex=\"-1\"><span class=\"\">Obtenga m\u00e1s informaci\u00f3n sobre los productos CyberLock y obtenga respuestas a las preguntas m\u00e1s frecuentes.<\/span><\/span><\/p>\n<\/div>\n<\/div>\n<p><!-- End img-on-left --><\/p>\n<div class=\"img-on-left\">\n<div class=\"img-div\"><img loading=\"lazy\" decoding=\"async\" class=\"alignnone wp-image-3973 size-full\" src=\"https:\/\/cyberlock.com\/wp-content\/uploads\/2018\/08\/Glossary.png\" alt=\"CyberLock Glossary\" width=\"105\" height=\"105\" \/><\/div>\n<div class=\"text-div\">\n<h2><a href=\"\/glossary\"><span id=\"result_box\" class=\"short_text\" lang=\"es\" tabindex=\"-1\"><span class=\"\">Glosario<\/span><\/span><\/a><\/h2>\n<p><span id=\"result_box\" class=\"\" lang=\"es\" tabindex=\"-1\">Obtenga m\u00e1s informaci\u00f3n sobre la terminolog\u00eda de la industria de control de acceso.<\/span><\/p>\n<\/div>\n<\/div>\n<p><!-- End img-on-left --><\/p>\n<div class=\"img-on-left\">\n<div class=\"img-div\"><img loading=\"lazy\" decoding=\"async\" class=\"alignnone wp-image-3974 size-full\" src=\"https:\/\/cyberlock.com\/wp-content\/uploads\/2018\/08\/Software-Logins.jpg\" alt=\"CyberLock Software Logins\" width=\"105\" height=\"105\" \/><\/div>\n<div class=\"text-div\">\n<h2><a href=\"https:\/\/cyberlock.com\/customer-support\/software-logins\/\"><span id=\"result_box\" class=\"short_text\" lang=\"es\" tabindex=\"-1\">Inicios de sesi\u00f3n<\/span> de software<\/a><\/h2>\n<p><span id=\"result_box\" class=\"\" lang=\"es\" tabindex=\"-1\"><span class=\"\">Vea las \u00faltimas versiones del software CyberAudit, registre una instalaci\u00f3n Enterprise, vea y descargue las actualizaciones publicadas para Enterprise e inicie sesi\u00f3n en Enterprise.<\/span><\/span><\/p>\n<\/div>\n<\/div>\n<p><!-- End img-on-left --><\/p>\n<div class=\"img-on-left\">\n<div class=\"img-div\"><img loading=\"lazy\" decoding=\"async\" class=\"alignnone wp-image-3976 size-full\" src=\"https:\/\/cyberlock.com\/wp-content\/uploads\/2018\/08\/Technical-Documents.png\" alt=\"CyberLock Technical Documents\" width=\"105\" height=\"105\" \/><\/div>\n<div class=\"text-div\">\n<h2><a href=\"https:\/\/cyberlock.com\/customer-support\/technical-documents\/\"><span id=\"result_box\" class=\"short_text\" lang=\"es\" tabindex=\"-1\"><span class=\"\">Documentos t\u00e9cnicos<\/span><\/span><\/a><\/h2>\n<p><span id=\"result_box\" class=\"\" lang=\"es\" tabindex=\"-1\">Informaci\u00f3n b\u00e1sica del producto, instrucciones de mantenimiento y manuales de software.<\/span><\/p>\n<\/div>\n<\/div>\n<p><!-- End img-on-left --><\/p>\n<div class=\"img-on-left\">\n<div class=\"img-div\"><img loading=\"lazy\" decoding=\"async\" class=\"alignnone wp-image-3977 size-full\" src=\"https:\/\/cyberlock.com\/wp-content\/uploads\/2018\/08\/Technical-Videos.png\" alt=\"CyberLock Technical Videos\" width=\"105\" height=\"105\" \/><\/div>\n<div class=\"text-div\">\n<h2><a href=\"https:\/\/cyberlock.com\/customer-support\/technical-videos\/\"><span id=\"result_box\" class=\"short_text\" lang=\"es\" tabindex=\"-1\">Videos t\u00e9cnicos<\/span><\/a><\/h2>\n<p><span id=\"result_box\" class=\"short_text\" lang=\"es\" tabindex=\"-1\"><span class=\"\">Videos sobre las instrucciones de mantenimiento de la cerradura y la llave.<\/span><\/span><\/p>\n<\/div>\n<\/div>\n<p><!-- End img-on-left --><\/p>\n<div class=\"img-on-left\">\n<div class=\"img-div\"><img loading=\"lazy\" decoding=\"async\" class=\"alignnone wp-image-3975 size-full\" src=\"https:\/\/cyberlock.com\/wp-content\/uploads\/2023\/11\/Remote-Support.png\" alt=\"CyberLock Remote Support Session Request\" width=\"105\" height=\"105\" \/><\/div>\n<div class=\"text-div\">\n<h2><a href=\"https:\/\/cyberlock.com\/customer-support\/remote-support-request\/\/\">Sesi\u00f3n\u00a0Soporte Remoto<\/a><\/h2>\n<p><span id=\"result_box\" class=\"short_text\" lang=\"es\" tabindex=\"-1\">Solicite una sesi\u00f3n de soporte remoto (en ingl\u00e9s).<\/span><\/p>\n<\/div>\n<\/div>\n<p><\/p>","protected":false},"excerpt":{"rendered":"<p>Esta p\u00e1gina es un recurso de informaci\u00f3n t\u00e9cnica, informaci\u00f3n sobre el software y entrenamiento. Preguntas frecuentes Obtenga m\u00e1s informaci\u00f3n sobre los productos CyberLock y obtenga respuestas a las preguntas m\u00e1s frecuentes. Glosario Obtenga m\u00e1s informaci\u00f3n sobre la terminolog\u00eda de la industria de control de acceso. Inicios de sesi\u00f3n de software Vea las \u00faltimas versiones del [&hellip;]<\/p>\n","protected":false},"author":1,"featured_media":3983,"parent":0,"menu_order":0,"comment_status":"closed","ping_status":"closed","template":"","meta":{"footnotes":"","advanced-sidebar-menu\/link-title":"","advanced-sidebar-menu\/exclude-page":false},"class_list":["post-2929","page","type-page","status-publish","has-post-thumbnail","hentry"],"_links":{"self":[{"href":"https:\/\/cyberlock.com\/es\/wp-json\/wp\/v2\/pages\/2929","targetHints":{"allow":["GET"]}}],"collection":[{"href":"https:\/\/cyberlock.com\/es\/wp-json\/wp\/v2\/pages"}],"about":[{"href":"https:\/\/cyberlock.com\/es\/wp-json\/wp\/v2\/types\/page"}],"author":[{"embeddable":true,"href":"https:\/\/cyberlock.com\/es\/wp-json\/wp\/v2\/users\/1"}],"replies":[{"embeddable":true,"href":"https:\/\/cyberlock.com\/es\/wp-json\/wp\/v2\/comments?post=2929"}],"version-history":[{"count":19,"href":"https:\/\/cyberlock.com\/es\/wp-json\/wp\/v2\/pages\/2929\/revisions"}],"predecessor-version":[{"id":5718,"href":"https:\/\/cyberlock.com\/es\/wp-json\/wp\/v2\/pages\/2929\/revisions\/5718"}],"wp:featuredmedia":[{"embeddable":true,"href":"https:\/\/cyberlock.com\/es\/wp-json\/wp\/v2\/media\/3983"}],"wp:attachment":[{"href":"https:\/\/cyberlock.com\/es\/wp-json\/wp\/v2\/media?parent=2929"}],"curies":[{"name":"wp","href":"https:\/\/api.w.org\/{rel}","templated":true}]}}