{"id":2781,"date":"2018-01-30T15:35:23","date_gmt":"2018-01-30T23:35:23","guid":{"rendered":"http:\/\/cyberlock.dev\/?page_id=2781"},"modified":"2026-02-18T09:43:11","modified_gmt":"2026-02-18T17:43:11","slug":"literature","status":"publish","type":"page","link":"https:\/\/cyberlock.com\/es\/solutions-center\/literature\/","title":{"rendered":"Literatura CyberLock"},"content":{"rendered":"<p>Algunos de estos folletos est\u00e1n (al momento) disponibles solamente en ingl\u00e9s.<\/p>\n<div class=\"img-on-left\">\n<div class=\"img-div\"><a href=\"https:\/\/cyberlock.com\/wp-content\/uploads\/2025\/03\/CyberLock-Catalog-GCO5723.pdf\"><img loading=\"lazy\" decoding=\"async\" class=\"alignnone\" src=\"https:\/\/cyberlock.com\/wp-content\/uploads\/2025\/03\/CyberLock-Catalog-GCO5723-pdf-116x150.jpg\" alt=\"CyberLock Catalog\" width=\"116\" height=\"150\" \/><\/a><\/div>\n<div class=\"text-div\">\n<h2>Cat\u00e1logo CyberLock<\/h2>\n<p>El cat\u00e1logo de CyberLock ofrece una descripci\u00f3n en profundidad de la soluci\u00f3n de control de acceso CyberLock, que incluye cerraduras electr\u00f3nicas CyberLock y llaves programables, CyberKey Vaults, m\u00f3dulos de control de acceso Sistema Flex y el software de administraci\u00f3n CyberAudit.<\/p>\n<\/div>\n<\/div>\n<p><!-- End img-on-left --><\/p>\n<div class=\"img-on-left\">\n<div class=\"img-div\"><a href=\"\/wp-content\/uploads\/2018\/01\/Flex-Flyer-3588.pdf\"><img decoding=\"async\" src=\"\/wp-content\/uploads\/2018\/01\/Flex-Flyer-3588-pdf-150x76.jpg\" \/><\/a><\/div>\n<div class=\"text-div\">\n<h2>Folleto del Sistema Flex<\/h2>\n<p>Obtenga m\u00e1s informaci\u00f3n sobre la soluci\u00f3n de control de acceso Sistema Flex y las opciones para la integraci\u00f3n de terceros.<\/p>\n<\/div>\n<\/div>\n<p><!-- End img-on-left --><\/p>\n<div class=\"img-on-left\">\n<div class=\"img-div\"><a href=\"\/wp-content\/uploads\/2022\/07\/Flex-System-Door-Support.pdf\"><img loading=\"lazy\" decoding=\"async\" class=\"alignnone\" src=\"\/wp-content\/uploads\/2022\/07\/Flex-System-Door-Support-pdf.jpg\" alt=\"Flex System Door &amp; I\/O Module\" width=\"116\" height=\"150\" \/><\/a><\/div>\n<div class=\"text-div\">\n<h2>M\u00f3dulo de puertas y\u00a0 E \/ S Sistema Flex<\/h2>\n<p>Este folleto proporciona una descripci\u00f3n general de las capacidades y aplicaciones del m\u00f3dulo de puerta y E \/ S.<\/p>\n<\/div>\n<\/div>\n<p><!-- End img-on-left --><\/p>\n<div class=\"img-on-left\">\n<div class=\"img-div\"><a href=\"https:\/\/cyberlock.com\/product-lines\/cyberaudit\/modules\/\"><img loading=\"lazy\" decoding=\"async\" class=\"alignnone\" src=\"https:\/\/cyberlock.com\/wp-content\/uploads\/2018\/01\/Software_Enhancement_Modules-pdf-2-116x150.jpg\" alt=\"\" width=\"116\" height=\"150\" \/><\/a><\/div>\n<div class=\"text-div\">\n<h2>M\u00f3dulos de mejora CyberAudit<\/h2>\n<p>Obtenga m\u00e1s informaci\u00f3n sobre los m\u00f3dulos de Mejora de CyberAudit, incluidos el M\u00f3dulo de gr\u00e1ficos de ubicaci\u00f3n, el Paquete de mejora de seguridad de llaves y el Filtro de lista de cerraduras.<\/p>\n<\/div>\n<\/div>\n<p><!-- End img-on-left --><\/p>\n<div class=\"img-on-left\">\n<div class=\"img-div\"><a href=\"\/wp-content\/uploads\/2022\/07\/CAW-M01-GCO5191.pdf\"><img loading=\"lazy\" decoding=\"async\" class=\"alignnone\" src=\"\/wp-content\/uploads\/2022\/07\/CAW-M01-GCO5191-pdf.jpg\" alt=\"Location Graphics Module\" width=\"116\" height=\"150\" \/><\/a><\/div>\n<div class=\"text-div\">\n<h2>Gr\u00e1ficos de ubicaci\u00f3n de CyberAudit<\/h2>\n<p>Este folleto proporciona una descripci\u00f3n en profundidad del M\u00f3dulo de mejora del software de gr\u00e1ficos de ubicaci\u00f3n de CyberAudit.<\/p>\n<\/div>\n<\/div>\n<p><!-- End img-on-left -->Algunos de estos folletos est\u00e1n (al momento) disponibles solamente en ingl\u00e9s.<\/p>\n<div class=\"img-on-left\">\n<div class=\"img-div\"><a href=\"https:\/\/cyberlock.com\/wp-content\/uploads\/2025\/03\/CyberLock-Catalog-GCO5723.pdf\"><img loading=\"lazy\" decoding=\"async\" class=\"alignnone\" src=\"https:\/\/cyberlock.com\/wp-content\/uploads\/2025\/03\/CyberLock-Catalog-GCO5723-pdf-116x150.jpg\" alt=\"CyberLock Catalog\" width=\"116\" height=\"150\" \/><\/a><\/div>\n<div class=\"text-div\">\n<h2>Cat\u00e1logo CyberLock<\/h2>\n<p>El cat\u00e1logo de CyberLock ofrece una descripci\u00f3n en profundidad de la soluci\u00f3n de control de acceso CyberLock, que incluye cerraduras electr\u00f3nicas CyberLock y llaves programables, CyberKey Vaults, m\u00f3dulos de control de acceso Sistema Flex y el software de administraci\u00f3n CyberAudit.<\/p>\n<\/div>\n<\/div>\n<p><!-- End img-on-left --><\/p>\n<div class=\"img-on-left\">\n<div class=\"img-div\"><a href=\"\/wp-content\/uploads\/2018\/01\/Flex-Flyer-3588.pdf\"><img decoding=\"async\" src=\"\/wp-content\/uploads\/2018\/01\/Flex-Flyer-3588-pdf-150x76.jpg\" \/><\/a><\/div>\n<div class=\"text-div\">\n<h2>Folleto del Sistema Flex<\/h2>\n<p>Obtenga m\u00e1s informaci\u00f3n sobre la soluci\u00f3n de control de acceso Sistema Flex y las opciones para la integraci\u00f3n de terceros.<\/p>\n<\/div>\n<\/div>\n<p><!-- End img-on-left --><\/p>\n<div class=\"img-on-left\">\n<div class=\"img-div\"><a href=\"\/wp-content\/uploads\/2022\/07\/Flex-System-Door-Support.pdf\"><img loading=\"lazy\" decoding=\"async\" class=\"alignnone\" src=\"\/wp-content\/uploads\/2022\/07\/Flex-System-Door-Support-pdf.jpg\" alt=\"Flex System Door &amp; I\/O Module\" width=\"116\" height=\"150\" \/><\/a><\/div>\n<div class=\"text-div\">\n<h2>M\u00f3dulo de puertas y\u00a0 E \/ S Sistema Flex<\/h2>\n<p>Este folleto proporciona una descripci\u00f3n general de las capacidades y aplicaciones del m\u00f3dulo de puerta y E \/ S.<\/p>\n<\/div>\n<\/div>\n<p><!-- End img-on-left --><\/p>\n<div class=\"img-on-left\">\n<div class=\"img-div\"><a href=\"https:\/\/cyberlock.com\/product-lines\/cyberaudit\/modules\/\"><img loading=\"lazy\" decoding=\"async\" class=\"alignnone\" src=\"https:\/\/cyberlock.com\/wp-content\/uploads\/2018\/01\/Software_Enhancement_Modules-pdf-2-116x150.jpg\" alt=\"\" width=\"116\" height=\"150\" \/><\/a><\/div>\n<div class=\"text-div\">\n<h2>M\u00f3dulos de mejora CyberAudit<\/h2>\n<p>Obtenga m\u00e1s informaci\u00f3n sobre los m\u00f3dulos de Mejora de CyberAudit, incluidos el M\u00f3dulo de gr\u00e1ficos de ubicaci\u00f3n, el Paquete de mejora de seguridad de llaves y el Filtro de lista de cerraduras.<\/p>\n<\/div>\n<\/div>\n<p><!-- End img-on-left --><\/p>\n<div class=\"img-on-left\">\n<div class=\"img-div\"><a href=\"\/wp-content\/uploads\/2022\/07\/CAW-M01-GCO5191.pdf\"><img loading=\"lazy\" decoding=\"async\" class=\"alignnone\" src=\"\/wp-content\/uploads\/2022\/07\/CAW-M01-GCO5191-pdf.jpg\" alt=\"Location Graphics Module\" width=\"116\" height=\"150\" \/><\/a><\/div>\n<div class=\"text-div\">\n<h2>Gr\u00e1ficos de ubicaci\u00f3n de CyberAudit<\/h2>\n<p>Este folleto proporciona una descripci\u00f3n en profundidad del M\u00f3dulo de mejora del software de gr\u00e1ficos de ubicaci\u00f3n de CyberAudit.<\/p>\n<\/div>\n<\/div>\n<p><!-- End img-on-left --><\/p>","protected":false},"excerpt":{"rendered":"<p>Algunos de estos folletos est\u00e1n (al momento) disponibles solamente en ingl\u00e9s. Cat\u00e1logo CyberLock El cat\u00e1logo de CyberLock ofrece una descripci\u00f3n en profundidad de la soluci\u00f3n de control de acceso CyberLock, que incluye cerraduras electr\u00f3nicas CyberLock y llaves programables, CyberKey Vaults, m\u00f3dulos de control de acceso Sistema Flex y el software de administraci\u00f3n CyberAudit. Folleto del [&hellip;]<\/p>\n","protected":false},"author":1,"featured_media":4196,"parent":2616,"menu_order":0,"comment_status":"closed","ping_status":"closed","template":"","meta":{"footnotes":"","advanced-sidebar-menu\/link-title":"","advanced-sidebar-menu\/exclude-page":false},"class_list":["post-2781","page","type-page","status-publish","has-post-thumbnail","hentry"],"_links":{"self":[{"href":"https:\/\/cyberlock.com\/es\/wp-json\/wp\/v2\/pages\/2781","targetHints":{"allow":["GET"]}}],"collection":[{"href":"https:\/\/cyberlock.com\/es\/wp-json\/wp\/v2\/pages"}],"about":[{"href":"https:\/\/cyberlock.com\/es\/wp-json\/wp\/v2\/types\/page"}],"author":[{"embeddable":true,"href":"https:\/\/cyberlock.com\/es\/wp-json\/wp\/v2\/users\/1"}],"replies":[{"embeddable":true,"href":"https:\/\/cyberlock.com\/es\/wp-json\/wp\/v2\/comments?post=2781"}],"version-history":[{"count":86,"href":"https:\/\/cyberlock.com\/es\/wp-json\/wp\/v2\/pages\/2781\/revisions"}],"predecessor-version":[{"id":5782,"href":"https:\/\/cyberlock.com\/es\/wp-json\/wp\/v2\/pages\/2781\/revisions\/5782"}],"up":[{"embeddable":true,"href":"https:\/\/cyberlock.com\/es\/wp-json\/wp\/v2\/pages\/2616"}],"wp:featuredmedia":[{"embeddable":true,"href":"https:\/\/cyberlock.com\/es\/wp-json\/wp\/v2\/media\/4196"}],"wp:attachment":[{"href":"https:\/\/cyberlock.com\/es\/wp-json\/wp\/v2\/media?parent=2781"}],"curies":[{"name":"wp","href":"https:\/\/api.w.org\/{rel}","templated":true}]}}