{"id":2774,"date":"2018-01-30T14:05:53","date_gmt":"2018-01-30T22:05:53","guid":{"rendered":"http:\/\/cyberlock.dev\/?page_id=2774"},"modified":"2026-02-18T13:23:17","modified_gmt":"2026-02-18T21:23:17","slug":"white-papers","status":"publish","type":"page","link":"https:\/\/cyberlock.com\/es\/solutions-center\/white-papers\/","title":{"rendered":"Libros blancos"},"content":{"rendered":"<p>Estos libros blancos est\u00e1n disponibles solamente en ingl\u00e9s.<\/p>\n<div class=\"img-on-left\">\n<div class=\"img-div\"><a href=\"\/wp-content\/uploads\/2021\/02\/Securing-Aviation-Facilities.pdf\"><img decoding=\"async\" class=\"alignnone\" src=\"\/wp-content\/uploads\/2021\/02\/Securing-Aviation-Facilities-pdf-116x150.jpg\"><\/a><\/div>\n<div class=\"text-div\">\n<h2>Asegurar las instalaciones de aviaci\u00f3n<\/h2>\n<\/div>\n<\/div>\n<p style=\"margin: 0.5em;\">\n<div class=\"img-on-left\">\n<div class=\"img-div\"><a href=\"\/wp-content\/uploads\/2021\/01\/Securing-Telecom-Infrastructure.pdf\"><img decoding=\"async\" class=\"alignnone\" src=\"\/wp-content\/uploads\/2021\/01\/Securing-Telecom-Infrastructure-pdf-116x150.jpg\"><\/a><\/div>\n<div class=\"text-div\">\n<h2>Asegurar la infraestructura de telecomunicaciones<\/h2>\n<\/div>\n<\/div>\n<p><!-- End img-on-left --><\/p>\n<div class=\"img-on-left\">\n<div class=\"img-div\"><a href=\"\/wp-content\/uploads\/2021\/01\/Securing-Water-Utilities.pdf\"><img decoding=\"async\" src=\"\/wp-content\/uploads\/2021\/01\/Securing-Water-Utilities-pdf-116x150.jpg\"><\/a><\/div>\n<div class=\"text-div\">\n<h2>Asegurar los servicios p\u00fablicos de agua<\/h2>\n<\/div>\n<\/div>\n<p><!-- End img-on-left --><\/p>\n<div class=\"img-on-left\">\n<div class=\"img-div\"><a href=\"\/wp-content\/uploads\/2021\/01\/Securing-Worship-Facilities.pdf\"><img decoding=\"async\" src=\"\/wp-content\/uploads\/2021\/01\/Securing-Worship-Facilities-pdf-117x150.jpg\"><\/a><\/div>\n<div class=\"text-div\">\n<h2>Asegurar las instalaciones de adoraci\u00f3n<\/h2>\n<\/div>\n<\/div>\n<p><!-- End img-on-left --><\/p>\n<div class=\"img-on-left\">\n<div class=\"img-div\"><a href=\"\/wp-content\/uploads\/2021\/01\/Securing-Power-Facilities.pdf\"><img decoding=\"async\" src=\"\/wp-content\/uploads\/2021\/01\/Securing-Power-Facilities-pdf-117x150.jpg\"><\/a><\/div>\n<div class=\"text-div\">\n<h2>Asegurar las instalaciones el\u00e9ctricas<\/h2>\n<\/div>\n<\/div>\n<p><!-- End img-on-left --><\/p>\n<div class=\"img-on-left\">\n<div class=\"img-div\"><a href=\"\/wp-content\/uploads\/2021\/02\/Securing-Transportation-Infrastructure.pdf\"><img decoding=\"async\" src=\"\/wp-content\/uploads\/2021\/02\/Securing-Transportation-Infrastructure-pdf-117x150.jpg\"><\/a><\/div>\n<div class=\"text-div\">\n<h2>Asegurar la infraestructura de transporte<\/h2>\n<\/div>\n<\/div>\n<p><\/p>","protected":false},"excerpt":{"rendered":"<p>Estos libros blancos est\u00e1n disponibles solamente en ingl\u00e9s. Asegurar las instalaciones de aviaci\u00f3n Asegurar la infraestructura de telecomunicaciones Asegurar los servicios p\u00fablicos de agua Asegurar las instalaciones de adoraci\u00f3n Asegurar las instalaciones el\u00e9ctricas Asegurar la infraestructura de transporte<\/p>\n","protected":false},"author":1,"featured_media":0,"parent":2616,"menu_order":0,"comment_status":"closed","ping_status":"closed","template":"","meta":{"footnotes":"","advanced-sidebar-menu\/link-title":"","advanced-sidebar-menu\/exclude-page":false},"class_list":["post-2774","page","type-page","status-publish","hentry"],"_links":{"self":[{"href":"https:\/\/cyberlock.com\/es\/wp-json\/wp\/v2\/pages\/2774","targetHints":{"allow":["GET"]}}],"collection":[{"href":"https:\/\/cyberlock.com\/es\/wp-json\/wp\/v2\/pages"}],"about":[{"href":"https:\/\/cyberlock.com\/es\/wp-json\/wp\/v2\/types\/page"}],"author":[{"embeddable":true,"href":"https:\/\/cyberlock.com\/es\/wp-json\/wp\/v2\/users\/1"}],"replies":[{"embeddable":true,"href":"https:\/\/cyberlock.com\/es\/wp-json\/wp\/v2\/comments?post=2774"}],"version-history":[{"count":57,"href":"https:\/\/cyberlock.com\/es\/wp-json\/wp\/v2\/pages\/2774\/revisions"}],"predecessor-version":[{"id":5789,"href":"https:\/\/cyberlock.com\/es\/wp-json\/wp\/v2\/pages\/2774\/revisions\/5789"}],"up":[{"embeddable":true,"href":"https:\/\/cyberlock.com\/es\/wp-json\/wp\/v2\/pages\/2616"}],"wp:attachment":[{"href":"https:\/\/cyberlock.com\/es\/wp-json\/wp\/v2\/media?parent=2774"}],"curies":[{"name":"wp","href":"https:\/\/api.w.org\/{rel}","templated":true}]}}