{"id":2760,"date":"2018-01-30T10:38:08","date_gmt":"2018-01-30T18:38:08","guid":{"rendered":"http:\/\/cyberlock.dev\/?page_id=2760"},"modified":"2026-01-20T11:28:18","modified_gmt":"2026-01-20T19:28:18","slug":"videos","status":"publish","type":"page","link":"https:\/\/cyberlock.com\/es\/solutions-center\/videos\/","title":{"rendered":"Videos de CyberLock y FlashLock"},"content":{"rendered":"<p>M\u00e1s videos est\u00e1n disponibles en la <a href=\"\/en\/solutions-center\/videos\">versi\u00f3n ingl\u00e9s de \u00e9sta p\u00e1gina<\/a>.<\/p>\n<h2>FlashLock Keyless Access: Meet Jan (versi\u00f3n espa\u00f1ol)<\/h2>\n<p><iframe loading=\"lazy\" title=\"FlashLock by CyberLock - Keyless Technology without Bluetooth (Spanish)\" width=\"640\" height=\"360\" src=\"https:\/\/www.youtube.com\/embed\/dbkKi3JZ7zg?feature=oembed\" frameborder=\"0\" allow=\"accelerometer; autoplay; clipboard-write; encrypted-media; gyroscope; picture-in-picture; web-share\" referrerpolicy=\"strict-origin-when-cross-origin\" allowfullscreen><\/iframe><br \/>\nAsegurando propriedades para alquilar con FlashLock<\/p>","protected":false},"excerpt":{"rendered":"<p>M\u00e1s videos est\u00e1n disponibles en la versi\u00f3n ingl\u00e9s de \u00e9sta p\u00e1gina. FlashLock Keyless Access: Meet Jan (versi\u00f3n espa\u00f1ol) Asegurando propriedades para alquilar con FlashLock<\/p>\n","protected":false},"author":1,"featured_media":0,"parent":2616,"menu_order":0,"comment_status":"closed","ping_status":"closed","template":"","meta":{"footnotes":"","advanced-sidebar-menu\/link-title":"","advanced-sidebar-menu\/exclude-page":false},"class_list":["post-2760","page","type-page","status-publish","hentry"],"_links":{"self":[{"href":"https:\/\/cyberlock.com\/es\/wp-json\/wp\/v2\/pages\/2760","targetHints":{"allow":["GET"]}}],"collection":[{"href":"https:\/\/cyberlock.com\/es\/wp-json\/wp\/v2\/pages"}],"about":[{"href":"https:\/\/cyberlock.com\/es\/wp-json\/wp\/v2\/types\/page"}],"author":[{"embeddable":true,"href":"https:\/\/cyberlock.com\/es\/wp-json\/wp\/v2\/users\/1"}],"replies":[{"embeddable":true,"href":"https:\/\/cyberlock.com\/es\/wp-json\/wp\/v2\/comments?post=2760"}],"version-history":[{"count":28,"href":"https:\/\/cyberlock.com\/es\/wp-json\/wp\/v2\/pages\/2760\/revisions"}],"predecessor-version":[{"id":5771,"href":"https:\/\/cyberlock.com\/es\/wp-json\/wp\/v2\/pages\/2760\/revisions\/5771"}],"up":[{"embeddable":true,"href":"https:\/\/cyberlock.com\/es\/wp-json\/wp\/v2\/pages\/2616"}],"wp:attachment":[{"href":"https:\/\/cyberlock.com\/es\/wp-json\/wp\/v2\/media?parent=2760"}],"curies":[{"name":"wp","href":"https:\/\/api.w.org\/{rel}","templated":true}]}}