{"id":2690,"date":"2018-01-29T14:18:51","date_gmt":"2018-01-29T22:18:51","guid":{"rendered":"http:\/\/cyberlock.dev\/?page_id=2690"},"modified":"2022-07-20T08:55:40","modified_gmt":"2022-07-20T15:55:40","slug":"vending","status":"publish","type":"page","link":"https:\/\/cyberlock.com\/es\/solutions-center\/applications\/vending\/","title":{"rendered":"Venta"},"content":{"rendered":"<p><\/p>\n<div class=\"application-container\">\n<div class=\"app-main-content\">\n<p>Los operadores de m\u00e1quinas expendedoras enfrentan muchos desaf\u00edos, como la duplicaci\u00f3n no autorizada de llaves y la escasez de ingresos. Se estima que el negocio t\u00edpico perder\u00e1 un promedio del 6% de los ingresos del robo de empleados. Para una operaci\u00f3n de venta, podr\u00eda ser tanto como 40%. El sistema de acceso electr\u00f3nico y gesti\u00f3n de llaves CyberLock ofrece una soluci\u00f3n pr\u00e1ctica y comprobada para la prevenci\u00f3n de p\u00e9rdidas y otras cuestiones de seguridad que afectan a la industria de las m\u00e1quinas expendedoras.<\/p>\n<h2>Responsabilidad<\/h2>\n<p>CyberLock rastrea el acceso a cada cerradura individual para que sepa cu\u00e1ndo se ha accedido a una m\u00e1quina y cu\u00e1ndo. Con los informes de actividad automatizados y las alertas por correo electr\u00f3nico, puede supervisar cada ruta para asegurarse de que sus empleados hayan realizado las paradas de servicio requeridas.<\/p>\n<h2>Control llave<\/h2>\n<p>Las llaves inteligentes CyberKey no se pueden duplicar. Las contrase\u00f1as en el software y hardware del sistema son exclusivas de cada instalaci\u00f3n y protegen contra la creaci\u00f3n de llaves no autorizadas. Si se pierde o se roba una llave, se puede desactivar r\u00e1pidamente.<\/p>\n<h2>Prevenci\u00f3n de p\u00e9rdida<\/h2>\n<p>A diferencia de las cerraduras mec\u00e1nicas, los cilindros CyberLock no tienen chavetero para forzar. Una vez instalados, los cilindros resisten la rotaci\u00f3n forzada y est\u00e1n dise\u00f1ados para permanecer en la posici\u00f3n bloqueada si se manipulan.<\/p>\n<\/div>\n<p><!-- End Application Main Content --><\/p>\n<div class=\"app-side-content\">\n<div class=\"pull-quote\">\n<p>\u00abCyberLock elimin\u00f3 nuestras p\u00e9rdidas debido a la duplicaci\u00f3n de llaves no autorizadas; el sistema se amortiz\u00f3 en 60 d\u00edas.\u00bb<\/p>\n<p>-Propietario de la empresa<\/p>\n<\/div>\n<p><!-- End Pull Quote --><\/p>\n<div class=\"app-benefits\">\n<h3>Beneficios<\/h3>\n<ul>\n<li>Prevenci\u00f3n de p\u00e9rdida<\/li>\n<li>Control llave<\/li>\n<\/ul>\n<\/div>\n<p><!-- End Application Benefits --><div id=\"app-cs-list\"><h3>Case Studies<\/h3><ul><li><a href=\"https:\/\/cyberlock.com\/es\/case-studies\/evergreen-vending\/\">Evergreen Vending<\/a><\/li><li><a href=\"https:\/\/cyberlock.com\/es\/case-studies\/hoodview-vending\/\">Hoodview Vending<\/a><\/li><li><a href=\"https:\/\/cyberlock.com\/es\/case-studies\/refreshment-solutions\/\">Refreshment Solutions<\/a><\/li><li><a href=\"https:\/\/cyberlock.com\/es\/case-studies\/whitener-snacks\/\">Whitener Snacks<\/a><\/li><\/ul><\/div><!-- End CS list --><\/p>\n<\/div>\n<p><!-- End Application Side Content --><\/p>\n<\/div>\n<p><\/p>\n<\/div>","protected":false},"excerpt":{"rendered":"<p>Los operadores de m\u00e1quinas expendedoras enfrentan muchos desaf\u00edos, como la duplicaci\u00f3n no autorizada de llaves y la escasez de ingresos. Se estima que el negocio t\u00edpico perder\u00e1 un promedio del 6% de los ingresos del robo de empleados. Para una operaci\u00f3n de venta, podr\u00eda ser tanto como 40%. El sistema de acceso electr\u00f3nico y gesti\u00f3n [&hellip;]<\/p>\n","protected":false},"author":1,"featured_media":4005,"parent":2628,"menu_order":13,"comment_status":"closed","ping_status":"closed","template":"","meta":{"footnotes":"","advanced-sidebar-menu\/link-title":"","advanced-sidebar-menu\/exclude-page":false},"class_list":["post-2690","page","type-page","status-publish","has-post-thumbnail","hentry"],"_links":{"self":[{"href":"https:\/\/cyberlock.com\/es\/wp-json\/wp\/v2\/pages\/2690","targetHints":{"allow":["GET"]}}],"collection":[{"href":"https:\/\/cyberlock.com\/es\/wp-json\/wp\/v2\/pages"}],"about":[{"href":"https:\/\/cyberlock.com\/es\/wp-json\/wp\/v2\/types\/page"}],"author":[{"embeddable":true,"href":"https:\/\/cyberlock.com\/es\/wp-json\/wp\/v2\/users\/1"}],"replies":[{"embeddable":true,"href":"https:\/\/cyberlock.com\/es\/wp-json\/wp\/v2\/comments?post=2690"}],"version-history":[{"count":10,"href":"https:\/\/cyberlock.com\/es\/wp-json\/wp\/v2\/pages\/2690\/revisions"}],"predecessor-version":[{"id":5391,"href":"https:\/\/cyberlock.com\/es\/wp-json\/wp\/v2\/pages\/2690\/revisions\/5391"}],"up":[{"embeddable":true,"href":"https:\/\/cyberlock.com\/es\/wp-json\/wp\/v2\/pages\/2628"}],"wp:featuredmedia":[{"embeddable":true,"href":"https:\/\/cyberlock.com\/es\/wp-json\/wp\/v2\/media\/4005"}],"wp:attachment":[{"href":"https:\/\/cyberlock.com\/es\/wp-json\/wp\/v2\/media?parent=2690"}],"curies":[{"name":"wp","href":"https:\/\/api.w.org\/{rel}","templated":true}]}}