{"id":2685,"date":"2018-01-29T14:12:53","date_gmt":"2018-01-29T22:12:53","guid":{"rendered":"http:\/\/cyberlock.dev\/?page_id=2685"},"modified":"2022-09-15T10:35:27","modified_gmt":"2022-09-15T17:35:27","slug":"public-safety","status":"publish","type":"page","link":"https:\/\/cyberlock.com\/es\/solutions-center\/applications\/public-safety\/","title":{"rendered":"Seguridad p\u00fablica"},"content":{"rendered":"<p><\/p>\n<div class=\"application-container\">\n<div class=\"app-main-content\">\n<p>Como bombero y respondedor de emergencia es importante estar a la altura de la preparaci\u00f3n, por lo que cuando surge una emergencia, tiene los recursos adecuados para realizar el trabajo. El sistema CyberLock de cerraduras electr\u00f3nicas y llaves programables ofrece una soluci\u00f3n asequible para departamentos de bomberos y organizaciones de servicios m\u00e9dicos de emergencia. Con CyberLock, los usuarios pueden rastrear el acceso a cada cerradura para garantizar que los gabinetes de suministro est\u00e9n bien provistos y listos para uso.<\/p>\n<h2>Responsabilidad<\/h2>\n<p>CyberLock puede ayudar a garantizar que su tripulaci\u00f3n realice las inspecciones de inventario de veh\u00edculos requeridas documentando electr\u00f3nicamente la hora y la fecha de cada evento de acceso de cerradura. Tanto la llave electr\u00f3nica como la cerradura registran aperturas y excepciones, incluidos intentos no autorizados de abrir una caja fuerte.<\/p>\n<h2>Seguridad y control de llave<\/h2>\n<p>Las llaves inteligentes CyberKey est\u00e1n programadas con permisos de acceso para cada usuario, detallando qu\u00e9 cerraduras pueden abrir y cu\u00e1ndo. Para mayor seguridad, a las llaves se les puede asignar una fecha de inicio y una fecha de expiraci\u00f3n.<\/p>\n<h2>Conveniente<\/h2>\n<p>Una flota de veh\u00edculos de rescate puede modernizarse r\u00e1pidamente con CyberLock. Simplemente quite el cilindro del cierre mec\u00e1nico en la caja fuerte de cada veh\u00edculo y reempl\u00e1celo con un cilindro electr\u00f3nico CyberLock.<\/p>\n<\/div>\n<p><!-- End Application Main Content --><\/p>\n<div class=\"app-side-content\">\n<div class=\"pull-quote\">\u00abLa responsabilidad que proporciona el sistema es extremadamente importante para nosotros. El departamento est\u00e1 muy satisfecho con la forma en que CyberLock nos ha ayudado en la regulaci\u00f3n y administraci\u00f3n de nuestros Narc\u00f3ticos Clase 2.\u00bb-Supervisor<\/p>\n<\/div>\n<p><!-- End Pull Quote --><\/p>\n<div class=\"app-benefits\">\n<h3>Beneficios<\/h3>\n<ul>\n<li>Control de acceso a narc\u00f3ticos<\/li>\n<li>Informes de auditor\u00eda<\/li>\n<\/ul>\n<\/div>\n<p><!-- End Application Benefits --><div id=\"app-cs-list\"><h3>Case Studies<\/h3><ul><li><a href=\"https:\/\/cyberlock.com\/es\/case-studies\/clark-county-fire-department\/\">Cuerpo de Bomberos de Clark County<\/a><\/li><li><a href=\"https:\/\/cyberlock.com\/es\/case-studies\/temple-terrace-police-department\/\">Departamento de Polic\u00eda Temple Terrace<\/a><\/li><li><a href=\"https:\/\/cyberlock.com\/es\/case-studies\/nature-coast-ems\/\">Nature Coast EMS<\/a><\/li><\/ul><\/div><!-- End CS list --><\/p>\n<\/div>\n<p><!-- End Application Side Content --><\/p>\n<\/div>\n<p><\/p>","protected":false},"excerpt":{"rendered":"<p>Como bombero y respondedor de emergencia es importante estar a la altura de la preparaci\u00f3n, por lo que cuando surge una emergencia, tiene los recursos adecuados para realizar el trabajo. El sistema CyberLock de cerraduras electr\u00f3nicas y llaves programables ofrece una soluci\u00f3n asequible para departamentos de bomberos y organizaciones de servicios m\u00e9dicos de emergencia. Con [&hellip;]<\/p>\n","protected":false},"author":1,"featured_media":4001,"parent":2628,"menu_order":9,"comment_status":"closed","ping_status":"closed","template":"","meta":{"footnotes":"","advanced-sidebar-menu\/link-title":"","advanced-sidebar-menu\/exclude-page":false},"class_list":["post-2685","page","type-page","status-publish","has-post-thumbnail","hentry"],"_links":{"self":[{"href":"https:\/\/cyberlock.com\/es\/wp-json\/wp\/v2\/pages\/2685","targetHints":{"allow":["GET"]}}],"collection":[{"href":"https:\/\/cyberlock.com\/es\/wp-json\/wp\/v2\/pages"}],"about":[{"href":"https:\/\/cyberlock.com\/es\/wp-json\/wp\/v2\/types\/page"}],"author":[{"embeddable":true,"href":"https:\/\/cyberlock.com\/es\/wp-json\/wp\/v2\/users\/1"}],"replies":[{"embeddable":true,"href":"https:\/\/cyberlock.com\/es\/wp-json\/wp\/v2\/comments?post=2685"}],"version-history":[{"count":7,"href":"https:\/\/cyberlock.com\/es\/wp-json\/wp\/v2\/pages\/2685\/revisions"}],"predecessor-version":[{"id":5438,"href":"https:\/\/cyberlock.com\/es\/wp-json\/wp\/v2\/pages\/2685\/revisions\/5438"}],"up":[{"embeddable":true,"href":"https:\/\/cyberlock.com\/es\/wp-json\/wp\/v2\/pages\/2628"}],"wp:featuredmedia":[{"embeddable":true,"href":"https:\/\/cyberlock.com\/es\/wp-json\/wp\/v2\/media\/4001"}],"wp:attachment":[{"href":"https:\/\/cyberlock.com\/es\/wp-json\/wp\/v2\/media?parent=2685"}],"curies":[{"name":"wp","href":"https:\/\/api.w.org\/{rel}","templated":true}]}}