{"id":2681,"date":"2018-01-29T13:57:52","date_gmt":"2018-01-29T21:57:52","guid":{"rendered":"http:\/\/cyberlock.dev\/?page_id=2681"},"modified":"2018-08-07T13:39:00","modified_gmt":"2018-08-07T20:39:00","slug":"healthcare","status":"publish","type":"page","link":"https:\/\/cyberlock.com\/es\/solutions-center\/applications\/healthcare\/","title":{"rendered":"Cuidado de la salud"},"content":{"rendered":"<p><\/p>\n<div class=\"application-container\">\n<div class=\"app-main-content\">\n<p>CyberLock es una soluci\u00f3n rentable que da la flexibilidad y la personalizaci\u00f3n que los centros de salud necesitan para administrar y auditar el tr\u00e1fico en \u00e1reas sensibles y cumplir con los requisitos del gobierno.<\/p>\n<h2>Econ\u00f3mico<\/h2>\n<p>Al usar los cilindros electr\u00f3nicos CyberLock, el costo total por puerta se reduce significativamente debido a que usa el hardware de cerradura mec\u00e1nica existente y no se necesita ning\u00fan cableado.<\/p>\n<h2>Control de acceso<\/h2>\n<p>CyberLock proporciona control de acceso m\u00e1s all\u00e1 de la puerta. Los cilindros electr\u00f3nicos se pueden instalar en casi cualquier lugar donde se necesite un acceso controlado y una auditor\u00eda, incluidos gabinetes de servidores, dispensarios de medicamentos, carros de computadoras, salas de suministros, gabinetes de farmacia y m\u00e1s.<\/p>\n<h2>Integraci\u00f3n de sistema<\/h2>\n<p>CyberLock proporciona un sistema de acceso integrado uniformemente. Los candados inteligentes, las cerraduras electr\u00f3nicas y un sistema de control de puertas con cableado interno funcionan juntos bajo una poderosa estructura de administraci\u00f3n de acceso basada en la web.<\/p>\n<\/div>\n<p><!-- End Application Main Content --><\/p>\n<div class=\"app-side-content\">\n<div class=\"pull-quote\">\n<p>\u00abNuestro sistema tradicional de administraci\u00f3n de llaves mec\u00e1nicas ya no era manejable. Con CyberLock tenemos la capacidad de programar programas de acceso temporales para nuestros proveedores y contratistas, haciendo que nuestro proceso de administraci\u00f3n de llaves sea m\u00e1s eficiente.\u00bb<\/p>\n<p>&#8211;<span id=\"result_box\" class=\"short_text\" lang=\"es\" tabindex=\"-1\"><span class=\"\">Gerente de seguridad<\/span><\/span><\/p>\n<\/div>\n<p><!-- End Pull Quote --><\/p>\n<div class=\"app-benefits\">\n<h3>Beneficios<\/h3>\n<ul>\n<li>Control de acceso a narc\u00f3ticos<\/li>\n<li>Informes de auditor\u00eda<\/li>\n<\/ul>\n<\/div>\n<p><!-- End Application Benefits --><\/p>\n<\/div>\n<p><!-- End Application Side Content --><\/p>\n<\/div>\n<p><\/p>","protected":false},"excerpt":{"rendered":"<p>CyberLock es una soluci\u00f3n rentable que da la flexibilidad y la personalizaci\u00f3n que los centros de salud necesitan para administrar y auditar el tr\u00e1fico en \u00e1reas sensibles y cumplir con los requisitos del gobierno. Econ\u00f3mico Al usar los cilindros electr\u00f3nicos CyberLock, el costo total por puerta se reduce significativamente debido a que usa el hardware [&hellip;]<\/p>\n","protected":false},"author":1,"featured_media":3999,"parent":2628,"menu_order":7,"comment_status":"closed","ping_status":"closed","template":"","meta":{"footnotes":"","advanced-sidebar-menu\/link-title":"","advanced-sidebar-menu\/exclude-page":false},"class_list":["post-2681","page","type-page","status-publish","has-post-thumbnail","hentry"],"_links":{"self":[{"href":"https:\/\/cyberlock.com\/es\/wp-json\/wp\/v2\/pages\/2681","targetHints":{"allow":["GET"]}}],"collection":[{"href":"https:\/\/cyberlock.com\/es\/wp-json\/wp\/v2\/pages"}],"about":[{"href":"https:\/\/cyberlock.com\/es\/wp-json\/wp\/v2\/types\/page"}],"author":[{"embeddable":true,"href":"https:\/\/cyberlock.com\/es\/wp-json\/wp\/v2\/users\/1"}],"replies":[{"embeddable":true,"href":"https:\/\/cyberlock.com\/es\/wp-json\/wp\/v2\/comments?post=2681"}],"version-history":[{"count":7,"href":"https:\/\/cyberlock.com\/es\/wp-json\/wp\/v2\/pages\/2681\/revisions"}],"predecessor-version":[{"id":3892,"href":"https:\/\/cyberlock.com\/es\/wp-json\/wp\/v2\/pages\/2681\/revisions\/3892"}],"up":[{"embeddable":true,"href":"https:\/\/cyberlock.com\/es\/wp-json\/wp\/v2\/pages\/2628"}],"wp:featuredmedia":[{"embeddable":true,"href":"https:\/\/cyberlock.com\/es\/wp-json\/wp\/v2\/media\/3999"}],"wp:attachment":[{"href":"https:\/\/cyberlock.com\/es\/wp-json\/wp\/v2\/media?parent=2681"}],"curies":[{"name":"wp","href":"https:\/\/api.w.org\/{rel}","templated":true}]}}