{"id":2677,"date":"2018-01-29T13:46:18","date_gmt":"2018-01-29T21:46:18","guid":{"rendered":"http:\/\/cyberlock.dev\/?page_id=2677"},"modified":"2018-08-08T11:49:32","modified_gmt":"2018-08-08T18:49:32","slug":"schools","status":"publish","type":"page","link":"https:\/\/cyberlock.com\/es\/solutions-center\/applications\/schools\/","title":{"rendered":"Educaci\u00f3n"},"content":{"rendered":"<p><\/p>\n<div class=\"application-container\">\n<div class=\"app-main-content\"><span id=\"result_box\" class=\"\" lang=\"es\" tabindex=\"-1\">Una parte importante para proporcionar una experiencia educativa de alta calidad es contar con instalaciones que sean seguras. <span class=\"\">En la \u00faltima d\u00e9cada, las escuelas y universidades han llevado a cabo muchos pasos para hacer que las instalaciones sean m\u00e1s seguras para los estudiantes y el personal.<\/span> <span class=\"\">Muchas de las mejoras se pueden atribuir a una mayor conciencia de la necesidad de seguridad, as\u00ed como a la disponibilidad de herramientas nuevas y mejoradas para mejorar la seguridad del campus.<\/span><\/span><br \/>\n<span id=\"result_box\" class=\"\" lang=\"es\" tabindex=\"-1\"><span class=\"\">CyberLock ofrece a los administradores de las instalaciones una soluci\u00f3n asequible para controlar el acceso a las salas de almacenamiento, carros de la computadora y registros m\u00e9dicos, y se puede adaptar a puertas, gabinetes o candados.<\/span><\/span><\/p>\n<h2>Econ\u00f3mico<\/h2>\n<p><span id=\"result_box\" class=\"\" lang=\"es\" tabindex=\"-1\"><span class=\"\">Los cilindros electr\u00f3nicos CyberLock est\u00e1n dise\u00f1ados para funcionar en un entorno sin cables y adaptarse a hardware de cerradura mec\u00e1nica existente, lo que hace que la instalaci\u00f3n sea r\u00e1pida, f\u00e1cil y asequible.<\/span><\/span><\/p>\n<h2>Control de llave<\/h2>\n<p><span id=\"result_box\" class=\"\" lang=\"es\" tabindex=\"-1\">CyberLock proporciona mayor seguridad y control de llaves. Las llaves inteligentes de CyberLock no se pueden duplicar y se pueden desactivar si se pierden o se las roban, lo que reduce el riesgo de acceso no autorizado y elimina la necesidad de cambiar cerraduras.<\/span><\/p>\n<h2>Control de acceso<\/h2>\n<p><span id=\"result_box\" class=\"\" lang=\"es\" tabindex=\"-1\"><span class=\"\">Con CyberLock, los usuarios pueden controlar qui\u00e9n accesa a cualquier \u00e1rea de una instalaci\u00f3n y cu\u00e1ndo.<\/span> <span class=\"\">Los administradores del sistema pueden crear y ver informes de auditor\u00eda personalizados sobre la actividad de acceso y crear notificaciones autom\u00e1ticas por correo electr\u00f3nico sobre eventos espec\u00edficos.<\/span><\/span><\/p>\n<\/div>\n<p><!-- End Application Main Content --><\/p>\n<div class=\"app-side-content\">\n<div class=\"pull-quote\">\n<p>\u00ab<span id=\"result_box\" class=\"\" lang=\"es\" tabindex=\"-1\">CyberLock nos ha ayudado a garantizar la seguridad de nuestros estudiantes. <span class=\"\">Tambi\u00e9n les ha dado paz a nuestros profesores.<\/span><\/span>\u00bb<\/p>\n<p>&#8211;<span id=\"result_box\" class=\"short_text\" lang=\"es\" tabindex=\"-1\"><span class=\"\">Gerente de la instalaci\u00f3n<\/span><\/span><\/p>\n<\/div>\n<p><!-- End Pull Quote --><\/p>\n<div class=\"app-benefits\">\n<h3>Beneficios<\/h3>\n<ul>\n<li>Control de llave<\/li>\n<li><span id=\"result_box\" class=\"short_text\" lang=\"es\" tabindex=\"-1\"><span class=\"alt-edited\">Gesti\u00f3n de mantenimiento<\/span><\/span><\/li>\n<\/ul>\n<\/div>\n<p><!-- End Application Benefits --><div id=\"app-cs-list\"><h3>Case Studies<\/h3><ul><li><a href=\"https:\/\/cyberlock.com\/es\/case-studies\/mater-academy-high-school\/\">Mater Academy High School<\/a><\/li><li><a href=\"https:\/\/cyberlock.com\/es\/case-studies\/roseville-school-district\/\">Roseville School District<\/a><\/li><li><a href=\"https:\/\/cyberlock.com\/es\/case-studies\/southampton-school-district\/\">Southampton School District<\/a><\/li><li><a href=\"https:\/\/cyberlock.com\/es\/case-studies\/stonington-high-school\/\">Stonington High School<\/a><\/li><li><a href=\"https:\/\/cyberlock.com\/es\/case-studies\/toppenish-school-district\/\">Toppenish School District<\/a><\/li><li><a href=\"https:\/\/cyberlock.com\/es\/case-studies\/university-of-the-pacific\/\">University of the Pacific<\/a><\/li><\/ul><\/div><!-- End CS list --><\/p>\n<\/div>\n<p><!-- End Application Side Content --><\/p>\n<\/div>\n<p><\/p>","protected":false},"excerpt":{"rendered":"<p>Una parte importante para proporcionar una experiencia educativa de alta calidad es contar con instalaciones que sean seguras. En la \u00faltima d\u00e9cada, las escuelas y universidades han llevado a cabo muchos pasos para hacer que las instalaciones sean m\u00e1s seguras para los estudiantes y el personal. Muchas de las mejoras se pueden atribuir a una [&hellip;]<\/p>\n","protected":false},"author":1,"featured_media":3998,"parent":2628,"menu_order":6,"comment_status":"closed","ping_status":"closed","template":"","meta":{"footnotes":"","advanced-sidebar-menu\/link-title":"","advanced-sidebar-menu\/exclude-page":false},"class_list":["post-2677","page","type-page","status-publish","has-post-thumbnail","hentry"],"_links":{"self":[{"href":"https:\/\/cyberlock.com\/es\/wp-json\/wp\/v2\/pages\/2677","targetHints":{"allow":["GET"]}}],"collection":[{"href":"https:\/\/cyberlock.com\/es\/wp-json\/wp\/v2\/pages"}],"about":[{"href":"https:\/\/cyberlock.com\/es\/wp-json\/wp\/v2\/types\/page"}],"author":[{"embeddable":true,"href":"https:\/\/cyberlock.com\/es\/wp-json\/wp\/v2\/users\/1"}],"replies":[{"embeddable":true,"href":"https:\/\/cyberlock.com\/es\/wp-json\/wp\/v2\/comments?post=2677"}],"version-history":[{"count":9,"href":"https:\/\/cyberlock.com\/es\/wp-json\/wp\/v2\/pages\/2677\/revisions"}],"predecessor-version":[{"id":4109,"href":"https:\/\/cyberlock.com\/es\/wp-json\/wp\/v2\/pages\/2677\/revisions\/4109"}],"up":[{"embeddable":true,"href":"https:\/\/cyberlock.com\/es\/wp-json\/wp\/v2\/pages\/2628"}],"wp:featuredmedia":[{"embeddable":true,"href":"https:\/\/cyberlock.com\/es\/wp-json\/wp\/v2\/media\/3998"}],"wp:attachment":[{"href":"https:\/\/cyberlock.com\/es\/wp-json\/wp\/v2\/media?parent=2677"}],"curies":[{"name":"wp","href":"https:\/\/api.w.org\/{rel}","templated":true}]}}