{"id":2671,"date":"2018-01-29T13:34:43","date_gmt":"2018-01-29T21:34:43","guid":{"rendered":"http:\/\/cyberlock.dev\/?page_id=2671"},"modified":"2018-10-26T11:02:50","modified_gmt":"2018-10-26T18:02:50","slug":"worship-facilities","status":"publish","type":"page","link":"https:\/\/cyberlock.com\/es\/solutions-center\/applications\/worship-facilities\/","title":{"rendered":"Iglesias"},"content":{"rendered":"<p><\/p>\n<div class=\"application-container\">\n<div class=\"app-main-content\">Con acceso abierto a casas de adoraci\u00f3n y equipamiento de instalaciones, como computadoras, copiadoras y costosas herramientas de medios, el acceso y el control llave es un desaf\u00edo para las congregaciones, grandes y peque\u00f1as. Debido a esto, las iglesias son m\u00e1s susceptibles al robo interno y externo. Muchas iglesias reconocen que ya no pueden permitirse continuar con su sistema de llave mec\u00e1nica y est\u00e1n recurriendo a soluciones inteligentes para no solo mejorar la seguridad, sino tambi\u00e9n para reducir el vandalismo y el robo.<br \/>\nCyberLock provee a las iglesias la tecnolog\u00eda para rastrear y controlar el acceso a trav\u00e9s de sus instalaciones sin salirse de sus presupuestos.<\/p>\n<h2>Econ\u00f3mico<\/h2>\n<p>La instalaci\u00f3n de un sistema de control de acceso como CyberLock ayuda a reducir el riesgo de robo y da\u00f1os y tambi\u00e9n puede reducir las primas de seguro. Adem\u00e1s, CyberLock elimina la necesidad de cambiar cerraduras, ahorrando tiempo y dinero.<\/p>\n<h2>Expandible<\/h2>\n<p>Puede expandir el sistema de control de acceso CyberLock seg\u00fan lo permita su presupuesto. Instale los cilindros CyberLock en \u00e1reas sensibles donde m\u00e1s se necesitan y luego agr\u00e9guelos a otros lugares a medida que sea financieramente factible.<\/p>\n<h2>Prevenci\u00f3n de p\u00e9rdida<\/h2>\n<p>El equipo de audio y video es el art\u00edculo el m\u00e1s robado de iglesias. Proteja su equipo mediante la instalaci\u00f3n de candados CyberLock en contenedores AV y asegure las \u00e1reas que contienen estos activos con los cilindros CyberLock.<\/p>\n<h2>Responsabilidad<\/h2>\n<p>Las alertas por correo electr\u00f3nico y los informes de auditor\u00eda de las cerraduras y las llaves lo mantendr\u00e1n informado de las actividades de cada persona para que pueda monitorear posibles problemas de seguridad.<\/p>\n<\/div>\n<p><!-- End Application Main Content --><\/p>\n<div class=\"app-side-content\">\n<div class=\"pull-quote\">\n<p>\u00abNo podr\u00edamos estar m\u00e1s contentos con el sistema CyberLock. Recomendar\u00eda CyberLock a las iglesias si tienen problemas o no. No debemos esperar a que ocurra un incidente; en su lugar, debemos ser responsables y protegernos contra eventos inesperados.\u00bb<\/p>\n<p>-Anciano de la iglesia<\/p>\n<\/div>\n<p><!-- End Pull Quote --><\/p>\n<div class=\"app-benefits\">\n<h3>Beneficios<\/h3>\n<ul>\n<li>Prevenci\u00f3n de p\u00e9rdida<\/li>\n<li>Control de llaves<\/li>\n<\/ul>\n<\/div>\n<p><!-- End Application Benefits --><div id=\"app-cs-list\"><h3>Case Studies<\/h3><ul><li><a href=\"https:\/\/cyberlock.com\/es\/case-studies\/bartlett-united-methodist-church\/\">Iglesia Metodista Unida Bartlett<\/a><\/li><li><a href=\"https:\/\/cyberlock.com\/es\/case-studies\/bellevue-baptist-church\/\">Iglesia Bautista Bellevue<\/a><\/li><li><a href=\"https:\/\/cyberlock.com\/es\/case-studies\/calvary-chapel\/\">Calvary Chapel<\/a><\/li><\/ul><\/div><!-- End CS list --><\/p>\n<\/div>\n<p><!-- End Application Side Content --><\/p>\n<\/div>\n<p><\/p>","protected":false},"excerpt":{"rendered":"<p>Con acceso abierto a casas de adoraci\u00f3n y equipamiento de instalaciones, como computadoras, copiadoras y costosas herramientas de medios, el acceso y el control llave es un desaf\u00edo para las congregaciones, grandes y peque\u00f1as. Debido a esto, las iglesias son m\u00e1s susceptibles al robo interno y externo. Muchas iglesias reconocen que ya no pueden permitirse [&hellip;]<\/p>\n","protected":false},"author":1,"featured_media":3997,"parent":2628,"menu_order":16,"comment_status":"closed","ping_status":"closed","template":"","meta":{"footnotes":"","advanced-sidebar-menu\/link-title":"","advanced-sidebar-menu\/exclude-page":false},"class_list":["post-2671","page","type-page","status-publish","has-post-thumbnail","hentry"],"_links":{"self":[{"href":"https:\/\/cyberlock.com\/es\/wp-json\/wp\/v2\/pages\/2671","targetHints":{"allow":["GET"]}}],"collection":[{"href":"https:\/\/cyberlock.com\/es\/wp-json\/wp\/v2\/pages"}],"about":[{"href":"https:\/\/cyberlock.com\/es\/wp-json\/wp\/v2\/types\/page"}],"author":[{"embeddable":true,"href":"https:\/\/cyberlock.com\/es\/wp-json\/wp\/v2\/users\/1"}],"replies":[{"embeddable":true,"href":"https:\/\/cyberlock.com\/es\/wp-json\/wp\/v2\/comments?post=2671"}],"version-history":[{"count":11,"href":"https:\/\/cyberlock.com\/es\/wp-json\/wp\/v2\/pages\/2671\/revisions"}],"predecessor-version":[{"id":4263,"href":"https:\/\/cyberlock.com\/es\/wp-json\/wp\/v2\/pages\/2671\/revisions\/4263"}],"up":[{"embeddable":true,"href":"https:\/\/cyberlock.com\/es\/wp-json\/wp\/v2\/pages\/2628"}],"wp:featuredmedia":[{"embeddable":true,"href":"https:\/\/cyberlock.com\/es\/wp-json\/wp\/v2\/media\/3997"}],"wp:attachment":[{"href":"https:\/\/cyberlock.com\/es\/wp-json\/wp\/v2\/media?parent=2671"}],"curies":[{"name":"wp","href":"https:\/\/api.w.org\/{rel}","templated":true}]}}