{"id":2665,"date":"2018-01-29T13:24:19","date_gmt":"2018-01-29T21:24:19","guid":{"rendered":"http:\/\/cyberlock.dev\/?page_id=2665"},"modified":"2022-07-08T13:48:18","modified_gmt":"2022-07-08T20:48:18","slug":"commercial-facilities","status":"publish","type":"page","link":"https:\/\/cyberlock.com\/es\/solutions-center\/applications\/commercial-facilities\/","title":{"rendered":"Edificios"},"content":{"rendered":"<p><\/p>\n<div class=\"application-container\">\n<div class=\"app-main-content\">\n<p>Asegurar un edificio en el mundo de hoy requiere algo m\u00e1s que bloquear las puertas y ventanas exteriores. La mayor\u00eda de las instalaciones tienen zonas que requieren diversos grados de protecci\u00f3n, desde \u00e1reas de alta seguridad como laboratorios de investigaci\u00f3n y salas de servidores hasta puertas perimetrales y gabinetes de suministro a los que se accesa frecuentemente. El acceso econ\u00f3mico y el control de llaves para todos los niveles de seguridad en una instalaci\u00f3n es un beneficio importante del sistema CyberLock. La retroadaptaci\u00f3n con CyberLock es sencilla, con un impacto m\u00ednimo en las instalaciones y un impacto m\u00e1ximo en el nivel de seguridad.<\/p>\n<h2>\nAsequible y econ\u00f3mico<\/h2>\n<p>La instalaci\u00f3n de CyberLock requiere una inversi\u00f3n inicial baja. Los cilindros CyberLock se adaptan al hardware de la puerta existente y se instalan sin alimentaci\u00f3n ni cableado, lo que aumenta la seguridad de forma r\u00e1pida y asequible.<\/p>\n<h2>Gesti\u00f3n de llaves y control de acceso<\/h2>\n<p>CyberLock proporciona un mayor control de llave. Cada CyberKey se puede programar con privilegios de acceso personalizados seg\u00fan la hora, la fecha y el nivel de autoridad.<\/p>\n<h2>Cumple con las regulaciones gubernamentales<\/h2>\n<p>Las empresas que deben cumplir con las regulaciones gubernamentales pueden beneficiarse de los informes de auditor\u00eda del sistema sobre actividades de cerradura y llave que proporcionan informaci\u00f3n cr\u00edtica cuando se investigan supuestas violaciones de seguridad.<\/p>\n<\/div>\n<p><!-- End Application Main Content --><\/p>\n<div class=\"app-side-content\">\n<div class=\"pull-quote\">\n<p>\u00abCon CyberLock, obtuvimos el acceso y el control llave que necesit\u00e1bamos sin comprometer la integridad hist\u00f3rica de nuestros edificios.\u00bb<\/p>\n<p>-Director ejecutivo<\/p>\n<\/div>\n<p><!-- End Pull Quote --><\/p>\n<div class=\"app-benefits\">\n<h3>Beneficios<\/h3>\n<ul>\n<li>Control de llaves<\/li>\n<li>Gesti\u00f3n de acceso<\/li>\n<li>Seguridad del per\u00edmetro<\/li>\n<li>Gesti\u00f3n de contratistas<\/li>\n<\/ul>\n<\/div>\n<p><!-- End Application Benefits --><\/p>\n<\/div>\n<p><!-- End Application Side Content --><\/p>\n<\/div>\n<p><\/p>","protected":false},"excerpt":{"rendered":"<p>Asegurar un edificio en el mundo de hoy requiere algo m\u00e1s que bloquear las puertas y ventanas exteriores. La mayor\u00eda de las instalaciones tienen zonas que requieren diversos grados de protecci\u00f3n, desde \u00e1reas de alta seguridad como laboratorios de investigaci\u00f3n y salas de servidores hasta puertas perimetrales y gabinetes de suministro a los que se [&hellip;]<\/p>\n","protected":false},"author":1,"featured_media":3844,"parent":2628,"menu_order":3,"comment_status":"closed","ping_status":"closed","template":"","meta":{"footnotes":"","advanced-sidebar-menu\/link-title":"","advanced-sidebar-menu\/exclude-page":false},"class_list":["post-2665","page","type-page","status-publish","has-post-thumbnail","hentry"],"_links":{"self":[{"href":"https:\/\/cyberlock.com\/es\/wp-json\/wp\/v2\/pages\/2665","targetHints":{"allow":["GET"]}}],"collection":[{"href":"https:\/\/cyberlock.com\/es\/wp-json\/wp\/v2\/pages"}],"about":[{"href":"https:\/\/cyberlock.com\/es\/wp-json\/wp\/v2\/types\/page"}],"author":[{"embeddable":true,"href":"https:\/\/cyberlock.com\/es\/wp-json\/wp\/v2\/users\/1"}],"replies":[{"embeddable":true,"href":"https:\/\/cyberlock.com\/es\/wp-json\/wp\/v2\/comments?post=2665"}],"version-history":[{"count":9,"href":"https:\/\/cyberlock.com\/es\/wp-json\/wp\/v2\/pages\/2665\/revisions"}],"predecessor-version":[{"id":5362,"href":"https:\/\/cyberlock.com\/es\/wp-json\/wp\/v2\/pages\/2665\/revisions\/5362"}],"up":[{"embeddable":true,"href":"https:\/\/cyberlock.com\/es\/wp-json\/wp\/v2\/pages\/2628"}],"wp:featuredmedia":[{"embeddable":true,"href":"https:\/\/cyberlock.com\/es\/wp-json\/wp\/v2\/media\/3844"}],"wp:attachment":[{"href":"https:\/\/cyberlock.com\/es\/wp-json\/wp\/v2\/media?parent=2665"}],"curies":[{"name":"wp","href":"https:\/\/api.w.org\/{rel}","templated":true}]}}