{"id":2661,"date":"2018-01-29T13:16:04","date_gmt":"2018-01-29T21:16:04","guid":{"rendered":"http:\/\/cyberlock.dev\/?page_id=2661"},"modified":"2022-07-08T14:08:47","modified_gmt":"2022-07-08T21:08:47","slug":"power-utilities","status":"publish","type":"page","link":"https:\/\/cyberlock.com\/es\/solutions-center\/applications\/power-utilities\/","title":{"rendered":"Servicios p\u00fablicos"},"content":{"rendered":"<p><\/p>\n<div class=\"application-container\">\n<div class=\"app-main-content\">\n<p>Administrar el acceso f\u00edsico se ha vuelto cada vez m\u00e1s importante para las empresas de servicios p\u00fablicos en el mundo posterior al 11 de septiembre, no solo para garantizar la seguridad, sino tambi\u00e9n para gestionar la responsabilidad. Las empresas de servicios p\u00fablicos son vulnerables a la intrusi\u00f3n, el robo y el vandalismo. Consideran que la seguridad es vital para sus operaciones y la convierten en una prioridad. Controlar qui\u00e9n tiene derechos de acceso y saber cu\u00e1ndo ejercen esos derechos es esencial. CyberLock proporciona servicios de agua y energ\u00eda con la capacidad de aumentar el control de acceso en ubicaciones remotas o \u00e1reas donde no es factible tirar de cableado.<\/p>\n<h2>Cumple con las regulaciones gubernamentales<\/h2>\n<p>CyberLock proporciona el control llave y los informes de auditor\u00eda necesarios para cumplir con regulaciones gubernamentales. Toda la actividad de llave, candado y cerradura se registra electr\u00f3nicamente. Las alertas por correo electr\u00f3nico y los informes de auditor\u00eda mantienen a la gerencia informada sobre las actividades de cada persona.<\/p>\n<h2>Control de acceso remoto<\/h2>\n<p>Los cilindros y candados CyberLock se instalan y funcionan sin necesidad de energ\u00eda o cableado, y se pueden implementar f\u00e1cilmente en portones, contenedores, cuencas hidrogr\u00e1ficas y otros bienes remotos.<\/p>\n<h2>Control llave y responsabilidad<\/h2>\n<p>CyberLock le permite controlar qui\u00e9n y cu\u00e1ndo alguien accesa a \u00e1reas sensibles. La llave de cada usuario se puede programar con permisos de acceso espec\u00edficos que detallan qu\u00e9 cerraduras y candados pueden abrir, y cu\u00e1ndo.<\/p>\n<\/div>\n<p><!-- End Application Main Content --><\/p>\n<div class=\"app-side-content\">\n<div class=\"pull-quote\">\n<p>\u00abCon CyberLock, podemos proporcionar pruebas sustanciales al Departamento de Salud y a la EPA de que somos diligentes en nuestros esfurezos por asegurar nuestras instalaciones y mantener el suministro p\u00fablico de agua seguro.\u00bb<\/p>\n<p>-Profesional de Soporte T\u00e9cnico<\/p>\n<\/div>\n<p><!-- End Pull Quote --><\/p>\n<div class=\"app-benefits\">\n<h3>Beneficios<\/h3>\n<ul>\n<li>Protecci\u00f3n del gabinete del servidor<\/li>\n<li>Control de equipo<\/li>\n<li>Protecci\u00f3n perimetral<\/li>\n<li>Protecci\u00f3n de infraestructura<\/li>\n<\/ul>\n<\/div>\n<div id=\"app-cs-list\"><h3>Case Studies<\/h3><ul><li><a href=\"https:\/\/cyberlock.com\/es\/case-studies\/city-utilities\/\">(English) City Utilities<\/a><\/li><\/ul><\/div><!-- End CS list -->\n<\/div>\n<p><!-- End Application Side Content --><\/p>\n<\/div>\n<p><\/p>","protected":false},"excerpt":{"rendered":"<p>Administrar el acceso f\u00edsico se ha vuelto cada vez m\u00e1s importante para las empresas de servicios p\u00fablicos en el mundo posterior al 11 de septiembre, no solo para garantizar la seguridad, sino tambi\u00e9n para gestionar la responsabilidad. Las empresas de servicios p\u00fablicos son vulnerables a la intrusi\u00f3n, el robo y el vandalismo. Consideran que la [&hellip;]<\/p>\n","protected":false},"author":1,"featured_media":3846,"parent":2628,"menu_order":8,"comment_status":"closed","ping_status":"closed","template":"","meta":{"footnotes":"","advanced-sidebar-menu\/link-title":"","advanced-sidebar-menu\/exclude-page":false},"class_list":["post-2661","page","type-page","status-publish","has-post-thumbnail","hentry"],"_links":{"self":[{"href":"https:\/\/cyberlock.com\/es\/wp-json\/wp\/v2\/pages\/2661","targetHints":{"allow":["GET"]}}],"collection":[{"href":"https:\/\/cyberlock.com\/es\/wp-json\/wp\/v2\/pages"}],"about":[{"href":"https:\/\/cyberlock.com\/es\/wp-json\/wp\/v2\/types\/page"}],"author":[{"embeddable":true,"href":"https:\/\/cyberlock.com\/es\/wp-json\/wp\/v2\/users\/1"}],"replies":[{"embeddable":true,"href":"https:\/\/cyberlock.com\/es\/wp-json\/wp\/v2\/comments?post=2661"}],"version-history":[{"count":10,"href":"https:\/\/cyberlock.com\/es\/wp-json\/wp\/v2\/pages\/2661\/revisions"}],"predecessor-version":[{"id":5367,"href":"https:\/\/cyberlock.com\/es\/wp-json\/wp\/v2\/pages\/2661\/revisions\/5367"}],"up":[{"embeddable":true,"href":"https:\/\/cyberlock.com\/es\/wp-json\/wp\/v2\/pages\/2628"}],"wp:featuredmedia":[{"embeddable":true,"href":"https:\/\/cyberlock.com\/es\/wp-json\/wp\/v2\/media\/3846"}],"wp:attachment":[{"href":"https:\/\/cyberlock.com\/es\/wp-json\/wp\/v2\/media?parent=2661"}],"curies":[{"name":"wp","href":"https:\/\/api.w.org\/{rel}","templated":true}]}}