{"id":2658,"date":"2018-01-29T13:03:51","date_gmt":"2018-01-29T21:03:51","guid":{"rendered":"http:\/\/cyberlock.dev\/?page_id=2658"},"modified":"2022-09-20T16:17:41","modified_gmt":"2022-09-20T23:17:41","slug":"transportation","status":"publish","type":"page","link":"https:\/\/cyberlock.com\/es\/solutions-center\/applications\/transportation\/","title":{"rendered":"Transporte"},"content":{"rendered":"<p><\/p>\n<div class=\"application-container\">\n<div class=\"app-main-content\">\n<p>Cuando los ingresos por tr\u00e1nsito no llegan al banco, impactan a la comunidad. Los ingresos a menudo se dedican a mejoras tales como construcci\u00f3n de carreteras, aceras, parques y otros proyectos.<\/p>\n<p>Al instalar CyberLock en las cajas de tarifas, los departamentos de transporte pueden mejorar su proporci\u00f3n de cobro de moneda a moneda.<\/p>\n<h2>F\u00e1cil instalaci\u00f3n<\/h2>\n<p>Los usuarios pueden actualizar las cajas de tarifas con los cilindros electr\u00f3nicos CyberLock. Simplemente quite la cerradura mec\u00e1nico y reempl\u00e1celo con un cilindro electr\u00f3nico CyberLock.<\/p>\n<h2>Control de llave y responsabilidad<\/h2>\n<p>Una llave electr\u00f3nica se puede usar para dar servicio a todos los equipos en una ruta. Usted decide qu\u00e9 cerraduras puede abrir la llave y cu\u00e1ndo. Incluso puede establecer las fechas y horas para comenzar y finalizar la operaci\u00f3n.<\/p>\n<h2>Prevenci\u00f3n de p\u00e9rdida<\/h2>\n<p>Las llaves electr\u00f3nicas no se pueden duplicar y las llaves se pueden configurar para que caduquen autom\u00e1ticamente al final de cada turno, lo que minimiza el riesgo de llaves perdidas o no contabilizadas.<\/p>\n<\/div>\n<p><!-- End Application Main Content --><\/p>\n<div class=\"app-side-content\">\n<div class=\"pull-quote\">\n<p>\u00abLa conclusi\u00f3n es que la proporci\u00f3n de ingresos recaudados ha aumentado y la productividad de los empleados ha mejorado. El sistema CyberLock funciona para nosotros.\u00bb<\/p>\n<p>-Oficial de polic\u00eda de tr\u00e1nsito<\/p>\n<\/div>\n<p><!-- End Pull Quote --><\/p>\n<div class=\"app-benefits\">\n<h3>Beneficios<\/h3>\n<div class=\"pane-content\">\n<div class=\"field field-name-field-advantages field-type-text field-label-hidden\">\n<div class=\"field-items\">\n<ul>\n<li>Prevenci\u00f3n de p\u00e9rdida<\/li>\n<li>Gesti\u00f3n de ruta<\/li>\n<\/ul>\n<\/div>\n<\/div>\n<\/div>\n<\/div>\n<p><!-- End Application Benefits --><div id=\"app-cs-list\"><h3>Case Studies<\/h3><ul><li><a href=\"https:\/\/cyberlock.com\/es\/case-studies\/amsterdam-metro\/\">Metro de Amsterdam<\/a><\/li><li><a href=\"https:\/\/cyberlock.com\/es\/case-studies\/cleveland-transit-authority\/\">Autoridad de tr\u00e1nsito de Cleveland<\/a><\/li><li><a href=\"https:\/\/cyberlock.com\/es\/case-studies\/georgia-department-of-transportation\/\">Departamento de Transporte de Georgia<\/a><\/li><\/ul><\/div><!-- End CS list --><\/p>\n<\/div>\n<p><!-- End Application Side Content --><\/p>\n<\/div>\n<p><\/p>","protected":false},"excerpt":{"rendered":"<p>Cuando los ingresos por tr\u00e1nsito no llegan al banco, impactan a la comunidad. Los ingresos a menudo se dedican a mejoras tales como construcci\u00f3n de carreteras, aceras, parques y otros proyectos. Al instalar CyberLock en las cajas de tarifas, los departamentos de transporte pueden mejorar su proporci\u00f3n de cobro de moneda a moneda. F\u00e1cil instalaci\u00f3n [&hellip;]<\/p>\n","protected":false},"author":1,"featured_media":3994,"parent":2628,"menu_order":12,"comment_status":"closed","ping_status":"closed","template":"","meta":{"footnotes":"","advanced-sidebar-menu\/link-title":"","advanced-sidebar-menu\/exclude-page":false},"class_list":["post-2658","page","type-page","status-publish","has-post-thumbnail","hentry"],"_links":{"self":[{"href":"https:\/\/cyberlock.com\/es\/wp-json\/wp\/v2\/pages\/2658","targetHints":{"allow":["GET"]}}],"collection":[{"href":"https:\/\/cyberlock.com\/es\/wp-json\/wp\/v2\/pages"}],"about":[{"href":"https:\/\/cyberlock.com\/es\/wp-json\/wp\/v2\/types\/page"}],"author":[{"embeddable":true,"href":"https:\/\/cyberlock.com\/es\/wp-json\/wp\/v2\/users\/1"}],"replies":[{"embeddable":true,"href":"https:\/\/cyberlock.com\/es\/wp-json\/wp\/v2\/comments?post=2658"}],"version-history":[{"count":6,"href":"https:\/\/cyberlock.com\/es\/wp-json\/wp\/v2\/pages\/2658\/revisions"}],"predecessor-version":[{"id":5464,"href":"https:\/\/cyberlock.com\/es\/wp-json\/wp\/v2\/pages\/2658\/revisions\/5464"}],"up":[{"embeddable":true,"href":"https:\/\/cyberlock.com\/es\/wp-json\/wp\/v2\/pages\/2628"}],"wp:featuredmedia":[{"embeddable":true,"href":"https:\/\/cyberlock.com\/es\/wp-json\/wp\/v2\/media\/3994"}],"wp:attachment":[{"href":"https:\/\/cyberlock.com\/es\/wp-json\/wp\/v2\/media?parent=2658"}],"curies":[{"name":"wp","href":"https:\/\/api.w.org\/{rel}","templated":true}]}}