{"id":2643,"date":"2018-01-25T16:41:25","date_gmt":"2018-01-26T00:41:25","guid":{"rendered":"http:\/\/cyberlock.dev\/?page_id=2643"},"modified":"2022-07-07T11:16:10","modified_gmt":"2022-07-07T18:16:10","slug":"airports","status":"publish","type":"page","link":"https:\/\/cyberlock.com\/es\/solutions-center\/applications\/airports\/","title":{"rendered":"Aeropuertos"},"content":{"rendered":"<p><\/p>\n<div class=\"application-container\">\n<div class=\"app-main-content\">\n<p>Los aeropuertos est\u00e1n bajo una presi\u00f3n creciente para proteger sus activos f\u00edsicos y controlar electr\u00f3nicamente y rastrear a cualquier persona que accesa a sus instalaciones. La log\u00edstica involucrada en la administraci\u00f3n de m\u00faltiples puntos de entrada y las miles de llaves en circulaci\u00f3n presentan enormes desaf\u00edos para los operadores y los gerentes de seguridad. Con las cerraduras electr\u00f3nicas CyberLock y las llaves programables, las instalaciones aeroportuarias pueden aumentar r\u00e1pida y econ\u00f3micamente la seguridad perimetral, auditar y restringir el acceso, y mantener seguro al p\u00fablico volador.<\/p>\n<h2>Control de llaves<\/h2>\n<p>Las llaves inteligentes CyberKey no se pueden duplicar y, para mayor seguridad, existen m\u00faltiples niveles de encriptaci\u00f3n en las llaves, cilindros de bloqueo, candados, controles de puertas y software.<\/p>\n<h2>Control de acceso<\/h2>\n<p>CyberLock permite a los usuarios controlar qui\u00e9n y cu\u00e1ndo alguien puede accesar a \u00e1reas sensibles. La llave de cada persona se puede programar con permisos de acceso espec\u00edficos que detallan qu\u00e9 cerraduras pueden abrir y cu\u00e1ndo.<\/p>\n<h2>Responsabilidad y gesti\u00f3n de contratistas<\/h2>\n<p>El control de llave y el informe de auditor\u00eda que proporciona CyberLock pueden ayudar a los aeropuertos a cumplir con las pautas del gobierno. Se registra toda la actividad de llave, candado y cerradura. Las alertas por correo electr\u00f3nico y los informes de auditor\u00eda mantienen a la gerencia informada sobre las actividades de cada persona.<\/p>\n<\/div>\n<p><!-- End Application Main Content --><\/p>\n<div class=\"app-side-content\">\n<div class=\"pull-quote\">\n<p>\u00abCyberLock juega un parte importante en la protecci\u00f3n de nuestro aeropuerto y el p\u00fablico volador.\u00bb<\/p>\n<p>-Programador de sistemas<\/p>\n<\/div>\n<p><!-- End Pull Quote --><\/p>\n<div class=\"app-benefits\">\n<h3>Beneficios<\/h3>\n<ul>\n<li>Seguridad del per\u00edmetro<\/li>\n<li>Gesti\u00f3n de llaves<\/li>\n<li>Control de acceso para edificios<\/li>\n<li>Gesti\u00f3n de contratistas<\/li>\n<\/ul>\n<\/div>\n<p><!-- End Application Benefits --><div id=\"app-cs-list\"><h3>Case Studies<\/h3><ul><li><a href=\"https:\/\/cyberlock.com\/es\/case-studies\/airport-security\/\">Seguridad de aeropuerto<\/a><\/li><\/ul><\/div><!-- End CS list --><\/p>\n<\/div>\n<p><!-- End Application Side Content --><\/p>\n<\/div>\n<p><\/p>","protected":false},"excerpt":{"rendered":"<p>Los aeropuertos est\u00e1n bajo una presi\u00f3n creciente para proteger sus activos f\u00edsicos y controlar electr\u00f3nicamente y rastrear a cualquier persona que accesa a sus instalaciones. La log\u00edstica involucrada en la administraci\u00f3n de m\u00faltiples puntos de entrada y las miles de llaves en circulaci\u00f3n presentan enormes desaf\u00edos para los operadores y los gerentes de seguridad. Con [&hellip;]<\/p>\n","protected":false},"author":1,"featured_media":3843,"parent":2628,"menu_order":1,"comment_status":"closed","ping_status":"closed","template":"","meta":{"footnotes":"","advanced-sidebar-menu\/link-title":"","advanced-sidebar-menu\/exclude-page":false},"class_list":["post-2643","page","type-page","status-publish","has-post-thumbnail","hentry"],"_links":{"self":[{"href":"https:\/\/cyberlock.com\/es\/wp-json\/wp\/v2\/pages\/2643","targetHints":{"allow":["GET"]}}],"collection":[{"href":"https:\/\/cyberlock.com\/es\/wp-json\/wp\/v2\/pages"}],"about":[{"href":"https:\/\/cyberlock.com\/es\/wp-json\/wp\/v2\/types\/page"}],"author":[{"embeddable":true,"href":"https:\/\/cyberlock.com\/es\/wp-json\/wp\/v2\/users\/1"}],"replies":[{"embeddable":true,"href":"https:\/\/cyberlock.com\/es\/wp-json\/wp\/v2\/comments?post=2643"}],"version-history":[{"count":12,"href":"https:\/\/cyberlock.com\/es\/wp-json\/wp\/v2\/pages\/2643\/revisions"}],"predecessor-version":[{"id":5335,"href":"https:\/\/cyberlock.com\/es\/wp-json\/wp\/v2\/pages\/2643\/revisions\/5335"}],"up":[{"embeddable":true,"href":"https:\/\/cyberlock.com\/es\/wp-json\/wp\/v2\/pages\/2628"}],"wp:featuredmedia":[{"embeddable":true,"href":"https:\/\/cyberlock.com\/es\/wp-json\/wp\/v2\/media\/3843"}],"wp:attachment":[{"href":"https:\/\/cyberlock.com\/es\/wp-json\/wp\/v2\/media?parent=2643"}],"curies":[{"name":"wp","href":"https:\/\/api.w.org\/{rel}","templated":true}]}}