{"id":2628,"date":"2018-01-25T16:27:43","date_gmt":"2018-01-26T00:27:43","guid":{"rendered":"http:\/\/cyberlock.dev\/?page_id=2628"},"modified":"2021-12-29T14:23:37","modified_gmt":"2021-12-29T22:23:37","slug":"applications","status":"publish","type":"page","link":"https:\/\/cyberlock.com\/es\/solutions-center\/applications\/","title":{"rendered":"Aplicaciones"},"content":{"rendered":"<p><\/p>\n<div id=\"application-categories\">\n<div class=\"img-on-left\">\n<div class=\"img-div\"><img loading=\"lazy\" decoding=\"async\" class=\"alignnone wp-image-3917 size-full\" src=\"https:\/\/cyberlock.com\/wp-content\/uploads\/2018\/08\/Airports.png\" alt=\"\" width=\"105\" height=\"105\"><\/div>\n<div class=\"text-div\">\n<h2><a href=\"https:\/\/cyberlock.com\/applications\/airports\/\">Aeropuertos<\/a><\/h2>\n<\/div>\n<\/div>\n<p><!-- End img-on-left --><\/p>\n<div class=\"img-on-left\">\n<div class=\"img-div\"><img loading=\"lazy\" decoding=\"async\" class=\"alignnone wp-image-3918 size-full\" src=\"https:\/\/cyberlock.com\/wp-content\/uploads\/2018\/08\/Banks.png\" alt=\"CyberLock Bank Applications\" width=\"105\" height=\"105\"><\/div>\n<div class=\"text-div\">\n<h2><a href=\"https:\/\/cyberlock.com\/applications\/banks\/\">Bancos<\/a><\/h2>\n<\/div>\n<\/div>\n<p><!-- End img-on-left --><\/p>\n<div class=\"img-on-left\">\n<div class=\"img-div\"><img loading=\"lazy\" decoding=\"async\" class=\"alignnone wp-image-3919 size-full\" src=\"https:\/\/cyberlock.com\/wp-content\/uploads\/2018\/08\/Commercial-Facilities.png\" alt=\"\" width=\"105\" height=\"105\"><\/div>\n<div class=\"text-div\">\n<h2><a href=\"https:\/\/cyberlock.com\/applications\/commercial-facilities\/\">Edificios comerciales<\/a><\/h2>\n<\/div>\n<\/div>\n<p><!-- End img-on-left --><\/p>\n<div class=\"img-on-left\">\n<div class=\"img-div\"><img loading=\"lazy\" decoding=\"async\" class=\"alignnone wp-image-3920 size-full\" src=\"https:\/\/cyberlock.com\/wp-content\/uploads\/2018\/08\/Data-Centers.png\" alt=\"CyberLock Data Center Applications\" width=\"105\" height=\"105\"><\/div>\n<div class=\"text-div\">\n<h2><a href=\"https:\/\/cyberlock.com\/applications\/data-centers\/\">Centros de datos<\/a><\/h2>\n<\/div>\n<\/div>\n<p><!-- End img-on-left --><\/p>\n<div class=\"img-on-left\">\n<div class=\"img-div\"><img loading=\"lazy\" decoding=\"async\" class=\"alignnone wp-image-3921 size-full\" src=\"https:\/\/cyberlock.com\/wp-content\/uploads\/2018\/08\/Education.png\" alt=\"\" width=\"105\" height=\"105\"><\/div>\n<div class=\"text-div\">\n<h2><a href=\"https:\/\/cyberlock.com\/applications\/schools\/\">Educaci\u00f3n<\/a><\/h2>\n<\/div>\n<\/div>\n<p><!-- End img-on-left --><\/p>\n<div class=\"img-on-left\">\n<div class=\"img-div\"><img loading=\"lazy\" decoding=\"async\" class=\"alignleft wp-image-3922 size-full\" src=\"https:\/\/cyberlock.com\/wp-content\/uploads\/2018\/08\/Healthcare.png\" alt=\"\" width=\"105\" height=\"105\"><\/div>\n<div class=\"text-div\">\n<h2><a href=\"https:\/\/cyberlock.com\/applications\/healthcare\/\">Cuidado de la salud<\/a><\/h2>\n<\/div>\n<\/div>\n<p><!-- End img-on-left --><\/p>\n<div class=\"img-on-left\">\n<div class=\"img-div\"><img loading=\"lazy\" decoding=\"async\" class=\"alignnone wp-image-3923 size-full\" src=\"https:\/\/cyberlock.com\/wp-content\/uploads\/2018\/08\/Parking.png\" alt=\"CyberLock Parking Applications\" width=\"105\" height=\"105\"><\/div>\n<div class=\"text-div\">\n<h2><a href=\"https:\/\/cyberlock.com\/applications\/parking\/\">Estacionamiento<\/a><\/h2>\n<\/div>\n<\/div>\n<p><!-- End img-on-left --><\/p>\n<div class=\"img-on-left\">\n<div class=\"img-div\"><img loading=\"lazy\" decoding=\"async\" class=\"alignnone wp-image-3924 size-full\" src=\"https:\/\/cyberlock.com\/wp-content\/uploads\/2018\/08\/Public-Safety.png\" alt=\"\" width=\"105\" height=\"105\"><\/div>\n<div class=\"text-div\">\n<h2><a href=\"https:\/\/cyberlock.com\/applications\/public-safety\/\">Seguridad p\u00fablica<\/a><\/h2>\n<\/div>\n<\/div>\n<p><!-- End img-on-left --><\/p>\n<div class=\"img-on-left\">\n<div class=\"img-div\"><img loading=\"lazy\" decoding=\"async\" class=\"alignnone wp-image-3925 size-full\" src=\"https:\/\/cyberlock.com\/wp-content\/uploads\/2018\/08\/Traffic.png\" alt=\"CyberLock Traffic Applications\" width=\"105\" height=\"105\"><\/div>\n<div class=\"text-div\">\n<h2><a href=\"https:\/\/cyberlock.com\/solutions-center\/applications\/traffic-control\/\">Tr\u00e1fico<\/a><\/h2>\n<\/div>\n<\/div>\n<p><!-- End img-on-left --><\/p>\n<div class=\"img-on-left\">\n<div class=\"img-div\"><img loading=\"lazy\" decoding=\"async\" class=\"alignnone wp-image-3926 size-full\" src=\"https:\/\/cyberlock.com\/wp-content\/uploads\/2018\/08\/Transportation.png\" alt=\"\" width=\"105\" height=\"105\"><\/div>\n<div class=\"text-div\">\n<h2><a href=\"https:\/\/cyberlock.com\/applications\/transportation\/\">Transporte<\/a><\/h2>\n<\/div>\n<\/div>\n<p><!-- End img-on-left --><\/p>\n<div class=\"img-on-left\">\n<div class=\"img-div\"><img loading=\"lazy\" decoding=\"async\" class=\"alignnone wp-image-3927 size-full\" src=\"https:\/\/cyberlock.com\/wp-content\/uploads\/2018\/08\/Utilities.png\" alt=\"\" width=\"105\" height=\"105\"><\/div>\n<div class=\"text-div\">\n<h2><a href=\"https:\/\/cyberlock.com\/applications\/utilities\/\">Utilidades<\/a><\/h2>\n<\/div>\n<\/div>\n<p><!-- End img-on-left --><\/p>\n<div class=\"img-on-left\">\n<div class=\"img-div\"><img loading=\"lazy\" decoding=\"async\" class=\"alignnone wp-image-3929 size-full\" src=\"https:\/\/cyberlock.com\/wp-content\/uploads\/2018\/08\/Veteran-Affairs.png\" alt=\"CyberLock VA Applications\" width=\"105\" height=\"105\"><\/div>\n<div class=\"text-div\">\n<h2><a href=\"https:\/\/cyberlock.com\/applications\/vending\/\">Asuntos de Veteranos<\/a><\/h2>\n<\/div>\n<\/div>\n<p><!-- End img-on-left --><\/p>\n<div class=\"img-on-left\">\n<div class=\"img-div\"><img loading=\"lazy\" decoding=\"async\" class=\"alignnone wp-image-3928 size-full\" src=\"https:\/\/cyberlock.com\/wp-content\/uploads\/2018\/08\/Vending.png\" alt=\"\" width=\"105\" height=\"105\"><\/div>\n<div class=\"text-div\">\n<h2><a href=\"https:\/\/cyberlock.com\/applications\/vending\/\">Venta<\/a><\/h2>\n<\/div>\n<\/div>\n<p><!-- End img-on-left --><\/p>\n<div class=\"img-on-left\">\n<div class=\"img-div\"><img loading=\"lazy\" decoding=\"async\" class=\"alignnone wp-image-3930 size-full\" src=\"https:\/\/cyberlock.com\/wp-content\/uploads\/2018\/08\/Worship-Facilities.png\" alt=\"\" width=\"105\" height=\"105\"><\/div>\n<div class=\"text-div\">\n<h2><a href=\"https:\/\/cyberlock.com\/applications\/worship-facilities\/\">Edificios de adoraci\u00f3n<\/a><\/h2>\n<\/div>\n<\/div>\n<p><!-- End img-on-left --><\/p>\n<\/div>\n<p><\/p>","protected":false},"excerpt":{"rendered":"<p>Aeropuertos Bancos Edificios comerciales Centros de datos Educaci\u00f3n Cuidado de la salud Estacionamiento Seguridad p\u00fablica Tr\u00e1fico Transporte Utilidades Asuntos de Veteranos Venta Edificios de adoraci\u00f3n<\/p>\n","protected":false},"author":1,"featured_media":4173,"parent":2616,"menu_order":0,"comment_status":"closed","ping_status":"closed","template":"","meta":{"footnotes":"","advanced-sidebar-menu\/link-title":"","advanced-sidebar-menu\/exclude-page":false},"class_list":["post-2628","page","type-page","status-publish","has-post-thumbnail","hentry"],"_links":{"self":[{"href":"https:\/\/cyberlock.com\/es\/wp-json\/wp\/v2\/pages\/2628","targetHints":{"allow":["GET"]}}],"collection":[{"href":"https:\/\/cyberlock.com\/es\/wp-json\/wp\/v2\/pages"}],"about":[{"href":"https:\/\/cyberlock.com\/es\/wp-json\/wp\/v2\/types\/page"}],"author":[{"embeddable":true,"href":"https:\/\/cyberlock.com\/es\/wp-json\/wp\/v2\/users\/1"}],"replies":[{"embeddable":true,"href":"https:\/\/cyberlock.com\/es\/wp-json\/wp\/v2\/comments?post=2628"}],"version-history":[{"count":61,"href":"https:\/\/cyberlock.com\/es\/wp-json\/wp\/v2\/pages\/2628\/revisions"}],"predecessor-version":[{"id":5229,"href":"https:\/\/cyberlock.com\/es\/wp-json\/wp\/v2\/pages\/2628\/revisions\/5229"}],"up":[{"embeddable":true,"href":"https:\/\/cyberlock.com\/es\/wp-json\/wp\/v2\/pages\/2616"}],"wp:featuredmedia":[{"embeddable":true,"href":"https:\/\/cyberlock.com\/es\/wp-json\/wp\/v2\/media\/4173"}],"wp:attachment":[{"href":"https:\/\/cyberlock.com\/es\/wp-json\/wp\/v2\/media?parent=2628"}],"curies":[{"name":"wp","href":"https:\/\/api.w.org\/{rel}","templated":true}]}}