{"id":2616,"date":"2018-01-25T13:56:06","date_gmt":"2018-01-25T21:56:06","guid":{"rendered":"http:\/\/cyberlock.dev\/?page_id=2616"},"modified":"2018-08-14T08:59:14","modified_gmt":"2018-08-14T15:59:14","slug":"solutions-center","status":"publish","type":"page","link":"https:\/\/cyberlock.com\/es\/solutions-center\/","title":{"rendered":"Centro de soluciones"},"content":{"rendered":"<p><\/p>\n<div class=\"prod-line-overview\">\n<div class=\"prod-line-icon\"><img loading=\"lazy\" decoding=\"async\" class=\"alignnone wp-image-3959 size-full\" src=\"https:\/\/cyberlock.com\/wp-content\/uploads\/2018\/08\/Applications.png\" alt=\"CyberLock Applications\" width=\"105\" height=\"105\" \/><\/div>\n<div class=\"prod-line-text\">\n<h2><a href=\"https:\/\/cyberlock.com\/solutions-center\/applications\/\">Aplicaciones<\/a><\/h2>\n<p>Descubra c\u00f3mo CyberLock aborda los desaf\u00edos de control de acceso en una variedad de industrias.<\/p>\n<\/div>\n<\/div>\n<p><!-- End prod-line-overview --><\/p>\n<div class=\"prod-line-overview\">\n<div class=\"prod-line-icon\"><img loading=\"lazy\" decoding=\"async\" class=\"alignnone wp-image-3960 size-full\" src=\"https:\/\/cyberlock.com\/wp-content\/uploads\/2018\/08\/Brochure.png\" alt=\"CyberLock Brochures\" width=\"105\" height=\"105\" \/><\/div>\n<div class=\"prod-line-text\">\n<h2><a href=\"https:\/\/cyberlock.com\/solutions-center\/brochures\/\">Folletos<\/a><\/h2>\n<p>Descargue folletos y panfletos en todos los productos CyberLock.<\/p>\n<\/div>\n<\/div>\n<p><!-- End prod-line-overview --><\/p>\n<div class=\"prod-line-overview\">\n<div class=\"prod-line-icon\"><img loading=\"lazy\" decoding=\"async\" class=\"alignnone wp-image-3961 size-full\" src=\"https:\/\/cyberlock.com\/wp-content\/uploads\/2018\/08\/Case-Studies.png\" alt=\"CyberLock Case Studies\" width=\"105\" height=\"105\" \/><\/div>\n<div class=\"prod-line-text\">\n<h2><a href=\"\/case-studies\">Estudios de caso<\/a><\/h2>\n<p>Descubra c\u00f3mo los clientes del mundo real se benefician del uso de CyberLock.<\/p>\n<\/div>\n<\/div>\n<p><!-- End prod-line-overview --><\/p>\n<div class=\"prod-line-overview\">\n<div class=\"prod-line-icon\"><img loading=\"lazy\" decoding=\"async\" class=\"alignnone wp-image-3962 size-full\" src=\"https:\/\/cyberlock.com\/wp-content\/uploads\/2018\/08\/Videos.png\" alt=\"CyberLock and FlashLock Videos\" width=\"105\" height=\"105\" \/><\/div>\n<div class=\"prod-line-text\">\n<h2><a href=\"https:\/\/cyberlock.com\/solutions-center\/videos\/\">Videos<\/a><\/h2>\n<p>Mira CyberLock en acci\u00f3n.<\/p>\n<\/div>\n<\/div>\n<p><!-- End prod-line-overview --><\/p>\n<div class=\"prod-line-overview\">\n<div class=\"prod-line-icon\"><img loading=\"lazy\" decoding=\"async\" class=\"alignnone wp-image-3963 size-full\" src=\"https:\/\/cyberlock.com\/wp-content\/uploads\/2018\/08\/White-Papers.png\" alt=\"CyberLock White Papers\" width=\"105\" height=\"105\" \/><\/div>\n<div class=\"prod-line-text\">\n<h2><a href=\"https:\/\/cyberlock.com\/solutions-center\/white-papers\/\">Libros blancos<\/a><\/h2>\n<p>Navegue a trav\u00e9s de nuestros Libros blancos de control de acceso.<\/p>\n<\/div>\n<\/div>\n<p><!-- End prod-line-overview --><\/p>","protected":false},"excerpt":{"rendered":"<p>Aplicaciones Descubra c\u00f3mo CyberLock aborda los desaf\u00edos de control de acceso en una variedad de industrias. Folletos Descargue folletos y panfletos en todos los productos CyberLock. Estudios de caso Descubra c\u00f3mo los clientes del mundo real se benefician del uso de CyberLock. Videos Mira CyberLock en acci\u00f3n. Libros blancos Navegue a trav\u00e9s de nuestros Libros [&hellip;]<\/p>\n","protected":false},"author":1,"featured_media":4174,"parent":0,"menu_order":0,"comment_status":"closed","ping_status":"closed","template":"","meta":{"footnotes":"","advanced-sidebar-menu\/link-title":"","advanced-sidebar-menu\/exclude-page":false},"class_list":["post-2616","page","type-page","status-publish","has-post-thumbnail","hentry"],"_links":{"self":[{"href":"https:\/\/cyberlock.com\/es\/wp-json\/wp\/v2\/pages\/2616","targetHints":{"allow":["GET"]}}],"collection":[{"href":"https:\/\/cyberlock.com\/es\/wp-json\/wp\/v2\/pages"}],"about":[{"href":"https:\/\/cyberlock.com\/es\/wp-json\/wp\/v2\/types\/page"}],"author":[{"embeddable":true,"href":"https:\/\/cyberlock.com\/es\/wp-json\/wp\/v2\/users\/1"}],"replies":[{"embeddable":true,"href":"https:\/\/cyberlock.com\/es\/wp-json\/wp\/v2\/comments?post=2616"}],"version-history":[{"count":19,"href":"https:\/\/cyberlock.com\/es\/wp-json\/wp\/v2\/pages\/2616\/revisions"}],"predecessor-version":[{"id":4128,"href":"https:\/\/cyberlock.com\/es\/wp-json\/wp\/v2\/pages\/2616\/revisions\/4128"}],"wp:featuredmedia":[{"embeddable":true,"href":"https:\/\/cyberlock.com\/es\/wp-json\/wp\/v2\/media\/4174"}],"wp:attachment":[{"href":"https:\/\/cyberlock.com\/es\/wp-json\/wp\/v2\/media?parent=2616"}],"curies":[{"name":"wp","href":"https:\/\/api.w.org\/{rel}","templated":true}]}}