{"id":2109,"date":"2018-01-16T15:58:51","date_gmt":"2018-01-16T23:58:51","guid":{"rendered":"http:\/\/cyberlock.dev\/?page_id=2109"},"modified":"2022-01-25T13:45:27","modified_gmt":"2022-01-25T21:45:27","slug":"enterprise","status":"publish","type":"page","link":"https:\/\/cyberlock.com\/es\/product-lines\/cyberaudit-web\/enterprise\/","title":{"rendered":"Software de gesti\u00f3n CyberAudit-Web Enterprise"},"content":{"rendered":"<p>Enterprise es un software de administraci\u00f3n rico en caracter\u00edsticas que es ideal para instalaciones extensas y \/ o geogr\u00e1ficamente extendidas. Enterprise est\u00e1 empaquetado en un servidor y ofrece todas las funciones b\u00e1sicas y avanzadas como cerraduras compartidas, programaci\u00f3n de cualquier llave con acceso temporal para un usuario espec\u00edfico y la capacidad de operar un sistema cohesivo en m\u00faltiples zonas horarias.<\/p>\n<p>Enterprise acomoda miles de cerraduras y llaves y puede ampliarse seg\u00fan sea necesario. Enterprise puede venir precargado en un <a href=\"\/products\/system-management\/SE-100\">servidor CyberAudit SE-100<\/a> o servidor HP ProLiant, o puede ser instalado en otro servidor. Para ayudar en la administraci\u00f3n de la base de datos CyberLock, se puede establecer una jerarqu\u00eda de administradores, lo que permite a cada administrador controlar las cerraduras, las llaves y las personas en su \u00e1rea de responsabilidad.<\/p>\n<h2>Funciones de software<\/h2>\n<ul>\n<li>Realizar todas las funciones de <a href=\"https:\/\/cyberlock.com\/product-lines\/cyberaudit-web\/basic\/\">CyberAudit-Web Basic<\/a><\/li>\n<li>Administrar hasta 15.000 cerraduras y 15.000 llaves<\/li>\n<li>Extender la responsabilidad a trav\u00e9s de una jerarqu\u00eda de administradores<\/li>\n<li>Conceder acceso de emergencia de una sola vez o programar y descargar las llaves en el campo con acceso bajo demanda<\/li>\n<li>Programar misiones<\/li>\n<li>Flexibilidad de zona horaria<\/li>\n<li>Compartir el acceso de cerraduras con otros sistemas Enterprise<\/li>\n<li>Integrar con otras aplicaciones de software<\/li>\n<\/ul>\n<h2>Comunicadores compatibles<\/h2>\n<ul>\n<li>IR Encoder 1<\/li>\n<li>IR Encoder 10<\/li>\n<li>USB Station<\/li>\n<li>Web Station<\/li>\n<li>Authorizer Keyport y Hub<\/li>\n<li>CyberKey Vault 1<\/li>\n<li>CyberKey Vault 20 FX<\/li>\n<li>CyberKey Vault 20S<\/li>\n<li>CyberKey Vault WR<\/li>\n<li>ValidiKey 2 Vault<\/li>\n<li>Flex System<\/li>\n<li>CyberKey Blue<\/li>\n<li>CK-AIR CyberKey<\/li>\n<\/ul>\n<p>Haga click aqu\u00ed para ver todos <a href=\"\/products\/category\/communicators\">Communicadores<\/a>.<\/p>","protected":false},"excerpt":{"rendered":"<p>Enterprise es un software de administraci\u00f3n rico en caracter\u00edsticas que es ideal para instalaciones extensas y \/ o geogr\u00e1ficamente extendidas. Enterprise est\u00e1 empaquetado en un servidor y ofrece todas las funciones b\u00e1sicas y avanzadas como cerraduras compartidas, programaci\u00f3n de cualquier llave con acceso temporal para un usuario espec\u00edfico y la capacidad de operar un sistema [&hellip;]<\/p>\n","protected":false},"author":1,"featured_media":4002,"parent":2098,"menu_order":0,"comment_status":"closed","ping_status":"closed","template":"","meta":{"footnotes":"","advanced-sidebar-menu\/link-title":"","advanced-sidebar-menu\/exclude-page":false},"class_list":["post-2109","page","type-page","status-publish","has-post-thumbnail","hentry"],"_links":{"self":[{"href":"https:\/\/cyberlock.com\/es\/wp-json\/wp\/v2\/pages\/2109","targetHints":{"allow":["GET"]}}],"collection":[{"href":"https:\/\/cyberlock.com\/es\/wp-json\/wp\/v2\/pages"}],"about":[{"href":"https:\/\/cyberlock.com\/es\/wp-json\/wp\/v2\/types\/page"}],"author":[{"embeddable":true,"href":"https:\/\/cyberlock.com\/es\/wp-json\/wp\/v2\/users\/1"}],"replies":[{"embeddable":true,"href":"https:\/\/cyberlock.com\/es\/wp-json\/wp\/v2\/comments?post=2109"}],"version-history":[{"count":21,"href":"https:\/\/cyberlock.com\/es\/wp-json\/wp\/v2\/pages\/2109\/revisions"}],"predecessor-version":[{"id":5247,"href":"https:\/\/cyberlock.com\/es\/wp-json\/wp\/v2\/pages\/2109\/revisions\/5247"}],"up":[{"embeddable":true,"href":"https:\/\/cyberlock.com\/es\/wp-json\/wp\/v2\/pages\/2098"}],"wp:featuredmedia":[{"embeddable":true,"href":"https:\/\/cyberlock.com\/es\/wp-json\/wp\/v2\/media\/4002"}],"wp:attachment":[{"href":"https:\/\/cyberlock.com\/es\/wp-json\/wp\/v2\/media?parent=2109"}],"curies":[{"name":"wp","href":"https:\/\/api.w.org\/{rel}","templated":true}]}}