{"id":2101,"date":"2018-01-16T15:34:19","date_gmt":"2018-01-16T23:34:19","guid":{"rendered":"http:\/\/cyberlock.dev\/?page_id=2101"},"modified":"2022-01-25T13:46:49","modified_gmt":"2022-01-25T21:46:49","slug":"basic","status":"publish","type":"page","link":"https:\/\/cyberlock.com\/es\/product-lines\/cyberaudit-web\/basic\/","title":{"rendered":"Software de gesti\u00f3n CyberAudit-Web Basic"},"content":{"rendered":"<p><span id=\"result_box\" class=\"\" lang=\"es\" tabindex=\"-1\">CyberAudit Basic es una excelente opci\u00f3n para peque\u00f1as y medianas empresas que necesitan aumentar el control y la responsabilidad de llave en toda su organizaci\u00f3n. Basic ofrece los aspectos b\u00e1sicos del control de acceso &#8211; acceso programado, auditor\u00eda e informes &#8211; y ofrece muchas funciones avanzadas, como notificaci\u00f3n de eventos por correo electr\u00f3nico, expiraciones de llaves, bloqueo de una llave perdida y acceso de <span id=\"result_box\" class=\"short_text\" lang=\"es\" tabindex=\"-1\">llaves m\u00faltiples<\/span> y acceso <span id=\"result_box\" class=\"short_text\" lang=\"es\" tabindex=\"-1\"><span class=\"\">retrasado<\/span><\/span>.<\/span><\/p>\n<p><span id=\"result_box\" class=\"\" lang=\"es\" tabindex=\"-1\"><span class=\"\">Basic est\u00e1 dise\u00f1ado para instalaciones de aproximadamente 500 cerraduras y 500 llaves.<\/span><\/span> B<span id=\"result_box\" class=\"short_text\" lang=\"es\" tabindex=\"-1\"><span class=\"\">asic puede venir precargado en un <\/span><\/span><a href=\"\/products\/system-management\/SE-100\">SE-100<\/a> <span id=\"result_box\" class=\"short_text\" lang=\"es\" tabindex=\"-1\"><span class=\"\">servidor CyberAudit<\/span><\/span> <span id=\"result_box\" class=\"short_text\" lang=\"es\" tabindex=\"-1\"><span class=\"\">o puede ser instalado en una computadora o servidor<\/span><\/span>. <span id=\"result_box\" class=\"\" lang=\"es\" tabindex=\"-1\"><span class=\"\">Adem\u00e1s del software Basic, un sistema completo incluye <a href=\"https:\/\/cyberlock.com\/product-lines\/cyberlock\/locks\/\">cilindros electr\u00f3nicos CyberLock<\/a>, <a href=\"https:\/\/cyberlock.com\/product-lines\/cyberlock\/smart-keys\/\">llaves inteligentes programables CyberKey<\/a> y uno o m\u00e1s <a href=\"https:\/\/cyberlock.com\/product-lines\/cyberlock\/communicators\/\">dispositivos de comunicaci\u00f3n<\/a>.<\/span><\/span><\/p>\n<h2><span id=\"result_box\" class=\"short_text\" lang=\"es\" tabindex=\"-1\">Funciones de software<\/span><\/h2>\n<ul>\n<li><span id=\"result_box\" class=\"short_text\" lang=\"es\" tabindex=\"-1\"><span class=\"\">Administrar hasta 500 cerraduras y 500 llaves<\/span><\/span><\/li>\n<li><span id=\"result_box\" class=\"\" lang=\"es\" tabindex=\"-1\">Descargar pistas de auditor\u00eda detalladas de cerradura y actividad de llave<\/span><\/li>\n<li><span id=\"result_box\" class=\"\" lang=\"es\" tabindex=\"-1\">Establecer los horarios de acceso llave (por ejemplo, M-F 8:00 a.m. &#8211; 5:00 p.m.)<\/span><\/li>\n<li><span id=\"result_box\" class=\"short_text\" lang=\"es\" tabindex=\"-1\">Expirar y \/ o desactivar llaves<\/span><\/li>\n<li><span id=\"result_box\" class=\"short_text\" lang=\"es\" tabindex=\"-1\">Administrar llaves perdidas<\/span><\/li>\n<li><span id=\"result_box\" class=\"\" lang=\"es\" tabindex=\"-1\"><span class=\"\">Programar cerraduras con un modo de llave m\u00faltiple (requiere m\u00e1s de una llave para abrir una cerradura)<\/span><\/span><\/li>\n<li><span id=\"result_box\" class=\"\" lang=\"es\" tabindex=\"-1\"><span class=\"\">Programar cerraduras con un modo<\/span><\/span> retrasado\u00a0<span id=\"result_box\" class=\"\" lang=\"es\" tabindex=\"-1\"><span class=\"\">(un per\u00edodo de tiempo antes de que se abra realmente la cerradura despu\u00e9s de que se haya presentado una llave)<\/span><\/span><\/li>\n<li><span id=\"result_box\" class=\"\" lang=\"es\" tabindex=\"-1\"><span class=\"\">Configurar las notificaciones autom\u00e1ticas por correo electr\u00f3nico sobre la actividad de acceso (es decir, bater\u00eda baja, expiraci\u00f3n de llave, notificaci\u00f3n de eventos)<\/span><\/span><\/li>\n<li><span id=\"result_box\" class=\"short_text\" lang=\"es\" tabindex=\"-1\"><span class=\"\">Agrupamiento de capacidades para cerraduras y personas<\/span><\/span><\/li>\n<li><span id=\"result_box\" class=\"short_text\" lang=\"es\" tabindex=\"-1\"><span class=\"\">Acceso a trav\u00e9s de una LAN o de forma segura a trav\u00e9s del Internet<\/span><\/span><\/li>\n<\/ul>\n<h2><span id=\"result_box\" class=\"short_text\" lang=\"es\" tabindex=\"-1\"><span class=\"\">Comunicadores compatibles<\/span><\/span><\/h2>\n<ul>\n<li>IR Encoder 1<\/li>\n<li>IR Encoder 10<\/li>\n<li>USB Station<\/li>\n<li>Web Station<\/li>\n<li>Authorizer Keyport y Hub<\/li>\n<li>CyberKey Vault 1<\/li>\n<li>CyberKey Vault 20 FX<\/li>\n<li>CyberKey Vault 20S<\/li>\n<li>CyberKey Vault WR<\/li>\n<li>ValidiKey 2 Vault<\/li>\n<li>Flex System<\/li>\n<\/ul>\n<p><span id=\"result_box\" class=\"short_text\" lang=\"es\" tabindex=\"-1\">Haga click aqu\u00ed para ver todo<\/span>s <a href=\"\/products\/category\/communicators\">Communicadores<\/a>.<span id=\"result_box\" class=\"short_text\" lang=\"es\" tabindex=\"-1\"><\/span><\/p>","protected":false},"excerpt":{"rendered":"<p>CyberAudit Basic es una excelente opci\u00f3n para peque\u00f1as y medianas empresas que necesitan aumentar el control y la responsabilidad de llave en toda su organizaci\u00f3n. Basic ofrece los aspectos b\u00e1sicos del control de acceso &#8211; acceso programado, auditor\u00eda e informes &#8211; y ofrece muchas funciones avanzadas, como notificaci\u00f3n de eventos por correo electr\u00f3nico, expiraciones de [&hellip;]<\/p>\n","protected":false},"author":1,"featured_media":4002,"parent":2098,"menu_order":0,"comment_status":"closed","ping_status":"closed","template":"","meta":{"footnotes":"","advanced-sidebar-menu\/link-title":"","advanced-sidebar-menu\/exclude-page":false},"class_list":["post-2101","page","type-page","status-publish","has-post-thumbnail","hentry"],"_links":{"self":[{"href":"https:\/\/cyberlock.com\/es\/wp-json\/wp\/v2\/pages\/2101","targetHints":{"allow":["GET"]}}],"collection":[{"href":"https:\/\/cyberlock.com\/es\/wp-json\/wp\/v2\/pages"}],"about":[{"href":"https:\/\/cyberlock.com\/es\/wp-json\/wp\/v2\/types\/page"}],"author":[{"embeddable":true,"href":"https:\/\/cyberlock.com\/es\/wp-json\/wp\/v2\/users\/1"}],"replies":[{"embeddable":true,"href":"https:\/\/cyberlock.com\/es\/wp-json\/wp\/v2\/comments?post=2101"}],"version-history":[{"count":14,"href":"https:\/\/cyberlock.com\/es\/wp-json\/wp\/v2\/pages\/2101\/revisions"}],"predecessor-version":[{"id":5251,"href":"https:\/\/cyberlock.com\/es\/wp-json\/wp\/v2\/pages\/2101\/revisions\/5251"}],"up":[{"embeddable":true,"href":"https:\/\/cyberlock.com\/es\/wp-json\/wp\/v2\/pages\/2098"}],"wp:featuredmedia":[{"embeddable":true,"href":"https:\/\/cyberlock.com\/es\/wp-json\/wp\/v2\/media\/4002"}],"wp:attachment":[{"href":"https:\/\/cyberlock.com\/es\/wp-json\/wp\/v2\/media?parent=2101"}],"curies":[{"name":"wp","href":"https:\/\/api.w.org\/{rel}","templated":true}]}}