{"id":2098,"date":"2018-01-16T15:09:34","date_gmt":"2018-01-16T23:09:34","guid":{"rendered":"http:\/\/cyberlock.dev\/?page_id=2098"},"modified":"2022-07-20T10:28:58","modified_gmt":"2022-07-20T17:28:58","slug":"cyberaudit-web","status":"publish","type":"page","link":"https:\/\/cyberlock.com\/es\/product-lines\/cyberaudit-web\/","title":{"rendered":"Software de gesti\u00f3n CyberAudit-Web"},"content":{"rendered":"<p><span id=\"result_box\" class=\"\" tabindex=\"-1\" lang=\"es\"><span class=\"\">CyberAudit es el paquete de software para la administraci\u00f3n de sistemas CyberLock de todos los tama\u00f1os.<\/span> <span class=\"\">El software le permite asignar llaves, establecer expiraciones, agregar nuevos cilindros, monitorear al personal y contratistas, crear horarios de acceso y generar pistas de auditor\u00eda e informes personalizados.<\/span><\/span><\/p>\n<h2><span id=\"result_box\" class=\"short_text\" tabindex=\"-1\" lang=\"es\"><span class=\"\">F\u00e1cil acceso<\/span><\/span><\/h2>\n<p><span id=\"result_box\" class=\"\" tabindex=\"-1\" lang=\"es\"><span class=\"\">Se puede accesar al software a trav\u00e9s de navegadores web en computadoras de escritorio, computadoras port\u00e1tiles, tel\u00e9fonos inteligentes o tabletas.<\/span><\/span><\/p>\n<h2><span id=\"result_box\" class=\"short_text\" tabindex=\"-1\" lang=\"es\">Administrar horarios<\/span><\/h2>\n<p><span id=\"result_box\" class=\"\" tabindex=\"-1\" lang=\"es\">Los administradores pueden crear programaciones de acceso personalizadas para cada titular de llave individual, o programar por lotes departamentos enteros.<\/span><\/p>\n<h2><span id=\"result_box\" class=\"short_text\" tabindex=\"-1\" lang=\"es\"><span class=\"\">Generar informes<\/span><\/span><\/h2>\n<p><span id=\"result_box\" class=\"\" tabindex=\"-1\" lang=\"es\">Los administradores del sistema pueden crear y ver informes de auditor\u00eda personalizados sobre la actividad de acceso y crear notificaciones autom\u00e1ticas por correo electr\u00f3nico sobre eventos espec\u00edficos.<\/span><\/p>\n<h2><span id=\"result_box\" class=\"short_text\" tabindex=\"-1\" lang=\"es\">Hechos sobre el software de administraci\u00f3n de CyberAudit<\/span><\/h2>\n<ul>\n<li><span id=\"result_box\" class=\"\" tabindex=\"-1\" lang=\"es\"><span class=\"\">CyberAudit no es cloud computing: est\u00e1 instalado en una computadora o servidor<\/span><\/span><\/li>\n<li><span id=\"result_box\" class=\"\" tabindex=\"-1\" lang=\"es\">Tres versiones de CyberAudit est\u00e1n disponibles para adaptarse a diferentes necesidades de instalaci\u00f3n:<\/span>\n<ul class=\"sublist\">\n<li><a href=\"https:\/\/cyberlock.com\/product-lines\/cyberaudit-web\/basic\/\">Basic<\/a><\/li>\n<li>CyberAudit VK <sup>*<\/sup><\/li>\n<li><a href=\"https:\/\/cyberlock.com\/product-lines\/cyberaudit-web\/enterprise\/\">Enterprise<\/a><\/li>\n<\/ul>\n<\/li>\n<li><span id=\"result_box\" class=\"\" tabindex=\"-1\" lang=\"es\">Todas las versiones de software son accesibles a trav\u00e9s de cualquier navegador web est\u00e1ndar<\/span><\/li>\n<\/ul>\n<p><sup>*<\/sup> <span id=\"result_box\" class=\"short_text\" tabindex=\"-1\" lang=\"es\">solo en ValidiKey 2<\/span><\/p>","protected":false},"excerpt":{"rendered":"<p>CyberAudit es el paquete de software para la administraci\u00f3n de sistemas CyberLock de todos los tama\u00f1os. El software le permite asignar llaves, establecer expiraciones, agregar nuevos cilindros, monitorear al personal y contratistas, crear horarios de acceso y generar pistas de auditor\u00eda e informes personalizados. F\u00e1cil acceso Se puede accesar al software a trav\u00e9s de navegadores [&hellip;]<\/p>\n","protected":false},"author":1,"featured_media":4002,"parent":1825,"menu_order":0,"comment_status":"closed","ping_status":"closed","template":"","meta":{"footnotes":"","advanced-sidebar-menu\/link-title":"","advanced-sidebar-menu\/exclude-page":false},"class_list":["post-2098","page","type-page","status-publish","has-post-thumbnail","hentry"],"_links":{"self":[{"href":"https:\/\/cyberlock.com\/es\/wp-json\/wp\/v2\/pages\/2098","targetHints":{"allow":["GET"]}}],"collection":[{"href":"https:\/\/cyberlock.com\/es\/wp-json\/wp\/v2\/pages"}],"about":[{"href":"https:\/\/cyberlock.com\/es\/wp-json\/wp\/v2\/types\/page"}],"author":[{"embeddable":true,"href":"https:\/\/cyberlock.com\/es\/wp-json\/wp\/v2\/users\/1"}],"replies":[{"embeddable":true,"href":"https:\/\/cyberlock.com\/es\/wp-json\/wp\/v2\/comments?post=2098"}],"version-history":[{"count":12,"href":"https:\/\/cyberlock.com\/es\/wp-json\/wp\/v2\/pages\/2098\/revisions"}],"predecessor-version":[{"id":5396,"href":"https:\/\/cyberlock.com\/es\/wp-json\/wp\/v2\/pages\/2098\/revisions\/5396"}],"up":[{"embeddable":true,"href":"https:\/\/cyberlock.com\/es\/wp-json\/wp\/v2\/pages\/1825"}],"wp:featuredmedia":[{"embeddable":true,"href":"https:\/\/cyberlock.com\/es\/wp-json\/wp\/v2\/media\/4002"}],"wp:attachment":[{"href":"https:\/\/cyberlock.com\/es\/wp-json\/wp\/v2\/media?parent=2098"}],"curies":[{"name":"wp","href":"https:\/\/api.w.org\/{rel}","templated":true}]}}