{"id":2086,"date":"2018-01-16T14:24:07","date_gmt":"2018-01-16T22:24:07","guid":{"rendered":"http:\/\/cyberlock.dev\/?page_id=2086"},"modified":"2019-07-29T11:16:38","modified_gmt":"2019-07-29T18:16:38","slug":"flashlock","status":"publish","type":"page","link":"https:\/\/cyberlock.com\/es\/product-lines\/flashlock\/","title":{"rendered":"FlashLock: acceso en un flash"},"content":{"rendered":"<p><img loading=\"lazy\" decoding=\"async\" class=\"alignright wp-image-2088 size-thumbnail\" src=\"https:\/\/cyberlock.com\/wp-content\/uploads\/2018\/01\/FL-PL02-1-148x150.jpg\" alt=\"CyberLock FL-PL02 FlashLock Padlock\" width=\"148\" height=\"150\" srcset=\"https:\/\/cyberlock.com\/wp-content\/uploads\/2018\/01\/FL-PL02-1-148x150.jpg 148w, https:\/\/cyberlock.com\/wp-content\/uploads\/2018\/01\/FL-PL02-1-296x300.jpg 296w, https:\/\/cyberlock.com\/wp-content\/uploads\/2018\/01\/FL-PL02-1.jpg 600w\" sizes=\"auto, (max-width: 148px) 100vw, 148px\" \/><img loading=\"lazy\" decoding=\"async\" class=\"alignright wp-image-1890 size-thumbnail\" src=\"https:\/\/cyberlock.com\/wp-content\/uploads\/2018\/01\/FL-M4-150x134.jpg\" alt=\"CyberLock FL-M4 Mortise Lock FlashLock\" width=\"150\" height=\"134\" srcset=\"https:\/\/cyberlock.com\/wp-content\/uploads\/2018\/01\/FL-M4-150x134.jpg 150w, https:\/\/cyberlock.com\/wp-content\/uploads\/2018\/01\/FL-M4.jpg 300w\" sizes=\"auto, (max-width: 150px) 100vw, 150px\" \/><\/p>\n<ul>\n<li><span id=\"result_box\" class=\"short_text\" lang=\"es\" tabindex=\"-1\"><span class=\"alt-edited\"><span class=\"\">Conceder<\/span> el acceso a trav\u00e9s de texto o correo electr\u00f3nico<\/span><\/span><\/li>\n<li><span id=\"result_box\" class=\"short_text\" lang=\"es\" tabindex=\"-1\"><span class=\"\">Conceder acceso temporal o permanente<\/span><\/span><\/li>\n<li><span id=\"result_box\" class=\"short_text\" lang=\"es\" tabindex=\"-1\">Funciona con cualquier tel\u00e9fono inteligente<\/span><\/li>\n<li><span id=\"result_box\" class=\"short_text\" lang=\"es\" tabindex=\"-1\">Sin aplicaci\u00f3n para descargar<\/span><\/li>\n<li><span id=\"result_box\" class=\"short_text\" lang=\"es\" tabindex=\"-1\"><span class=\"\">Sin Bluetooth para emparejar<\/span><\/span><\/li>\n<li><span id=\"result_box\" class=\"short_text\" lang=\"es\" tabindex=\"-1\">Llavero infrarrojo tambi\u00e9n est\u00e1 disponible<\/span><\/li>\n<\/ul>\n<p><span id=\"result_box\" class=\"\" lang=\"es\" tabindex=\"-1\"><span class=\"\">FlashLock est\u00e1 dise\u00f1ado para poner el control de acceso en la palma de tu mano.<\/span> <span class=\"\">FlashLock utiliza tecnolog\u00eda de comunicaciones \u00f3pticas en serie combinada con cualquier dispositivo de mano con un navegador web para emitir y recibir acceso a cualquier cerradura retroadaptada con el sistema FlashLock.<\/span> <span class=\"\">No hay Bluetooth para emparejar ni ninguna aplicaci\u00f3n para descargar, lo que permite ahorrar bater\u00eda y hacer que FlashLock sea compatible con cualquier dispositivo inteligente.<\/span><\/span><\/p>\n<div class=\"img-center-abut\">\n<figure id=\"attachment_2094\" aria-describedby=\"caption-attachment-2094\" style=\"width: 252px\" class=\"wp-caption aligncenter\"><img loading=\"lazy\" decoding=\"async\" class=\"wp-image-2094 size-medium\" src=\"https:\/\/cyberlock.com\/wp-content\/uploads\/2018\/01\/FlashLock-phone-252x300.jpg\" alt=\"FlashLock and Phone\" width=\"252\" height=\"300\" srcset=\"https:\/\/cyberlock.com\/wp-content\/uploads\/2018\/01\/FlashLock-phone-252x300.jpg 252w, https:\/\/cyberlock.com\/wp-content\/uploads\/2018\/01\/FlashLock-phone-126x150.jpg 126w, https:\/\/cyberlock.com\/wp-content\/uploads\/2018\/01\/FlashLock-phone.jpg 275w\" sizes=\"auto, (max-width: 252px) 100vw, 252px\" \/><figcaption id=\"caption-attachment-2094\" class=\"wp-caption-text\"><span id=\"result_box\" class=\"short_text\" lang=\"es\" tabindex=\"-1\">Abrir FlashLock usando un dispositivo <span class=\"gt-card-ttl-txt\">m\u00f3vil<\/span>.<br \/><\/span><\/figcaption><\/figure>\n<figure id=\"attachment_2093\" aria-describedby=\"caption-attachment-2093\" style=\"width: 239px\" class=\"wp-caption aligncenter\"><img loading=\"lazy\" decoding=\"async\" class=\"wp-image-2093 size-medium\" src=\"https:\/\/cyberlock.com\/wp-content\/uploads\/2018\/01\/FlashLock-Fob-252x300.jpg\" alt=\"\" width=\"239\" height=\"300\" \/><figcaption id=\"caption-attachment-2093\" class=\"wp-caption-text\"><span id=\"result_box\" class=\"short_text\" lang=\"es\" tabindex=\"-1\"><span class=\"\">Abrir FlashLock con un llavero de infrarrojos.<\/span><\/span><\/figcaption><\/figure>\n<\/div>\n<p><span id=\"result_box\" class=\"\" lang=\"es\" tabindex=\"-1\"><span class=\"\">FlashLock es seguro y f\u00e1cil de usar.<\/span> <span class=\"\">Cualquiera puede recibir acceso temporal o acceso programado continuo a trav\u00e9s de permisos enviados por mensaje de texto o correo electr\u00f3nico.<\/span> <span class=\"\">Una vez que los usuarios acceden al enlace, la pantalla del dispositivo de mano parpadear\u00e1.<\/span> <span class=\"\">Esto les dice que pueden acceder a este FlashLock.<\/span> <span class=\"\">Mantienen el tel\u00e9fono en la cerradura y la cerradura parpadear\u00e1.<\/span> <span class=\"\">Gire la cerradura y se concede la entrada.<\/span> Si los clientes desean ajustar o eliminar permisos, existe una interfaz f\u00e1cil de usar y basada en la web para realizar esos cambios en cualquier momento. No debe preocuparse por la p\u00e9rdida o el robo de llaves o la deficiente seguridad debido a las m\u00faltiples copias de las llaves. Con FlashLock, su dispositivo m\u00f3vil de mano es su llave. Tambi\u00e9n hay un llavero de infrarrojos disponible para uso diario.<\/span><\/p>\n<p><span id=\"result_box\" class=\"\" lang=\"es\" tabindex=\"-1\">\u00a1Las aplicaciones para FlashLock son ilimitadas! Es una soluci\u00f3n ideal para residencias o residencias vacacionales, residencias universitarias, apartamentos, hoteles, iglesias y m\u00e1s. <span class=\"\">FlashLock permite a los propietarios de instalaciones residenciales controlar qui\u00e9n ingresa a qu\u00e9 espacio y en qu\u00e9 momento.<\/span><\/span><\/p>\n<p><span id=\"result_box\" class=\"\" lang=\"es\" tabindex=\"-1\">Como todos los productos de CyberLock, FlashLock est\u00e1 hecho en los Estados Unidos.<\/span><\/p>","protected":false},"excerpt":{"rendered":"<p>Conceder el acceso a trav\u00e9s de texto o correo electr\u00f3nico Conceder acceso temporal o permanente Funciona con cualquier tel\u00e9fono inteligente Sin aplicaci\u00f3n para descargar Sin Bluetooth para emparejar Llavero infrarrojo tambi\u00e9n est\u00e1 disponible FlashLock est\u00e1 dise\u00f1ado para poner el control de acceso en la palma de tu mano. FlashLock utiliza tecnolog\u00eda de comunicaciones \u00f3pticas en [&hellip;]<\/p>\n","protected":false},"author":1,"featured_media":3988,"parent":1825,"menu_order":0,"comment_status":"closed","ping_status":"closed","template":"","meta":{"footnotes":"","advanced-sidebar-menu\/link-title":"","advanced-sidebar-menu\/exclude-page":false},"class_list":["post-2086","page","type-page","status-publish","has-post-thumbnail","hentry"],"_links":{"self":[{"href":"https:\/\/cyberlock.com\/es\/wp-json\/wp\/v2\/pages\/2086","targetHints":{"allow":["GET"]}}],"collection":[{"href":"https:\/\/cyberlock.com\/es\/wp-json\/wp\/v2\/pages"}],"about":[{"href":"https:\/\/cyberlock.com\/es\/wp-json\/wp\/v2\/types\/page"}],"author":[{"embeddable":true,"href":"https:\/\/cyberlock.com\/es\/wp-json\/wp\/v2\/users\/1"}],"replies":[{"embeddable":true,"href":"https:\/\/cyberlock.com\/es\/wp-json\/wp\/v2\/comments?post=2086"}],"version-history":[{"count":26,"href":"https:\/\/cyberlock.com\/es\/wp-json\/wp\/v2\/pages\/2086\/revisions"}],"predecessor-version":[{"id":4431,"href":"https:\/\/cyberlock.com\/es\/wp-json\/wp\/v2\/pages\/2086\/revisions\/4431"}],"up":[{"embeddable":true,"href":"https:\/\/cyberlock.com\/es\/wp-json\/wp\/v2\/pages\/1825"}],"wp:featuredmedia":[{"embeddable":true,"href":"https:\/\/cyberlock.com\/es\/wp-json\/wp\/v2\/media\/3988"}],"wp:attachment":[{"href":"https:\/\/cyberlock.com\/es\/wp-json\/wp\/v2\/media?parent=2086"}],"curies":[{"name":"wp","href":"https:\/\/api.w.org\/{rel}","templated":true}]}}