{"id":2080,"date":"2018-01-16T11:39:49","date_gmt":"2018-01-16T19:39:49","guid":{"rendered":"http:\/\/cyberlock.dev\/?page_id=2080"},"modified":"2018-08-13T08:34:42","modified_gmt":"2018-08-13T15:34:42","slug":"cyberpoint","status":"publish","type":"page","link":"https:\/\/cyberlock.com\/es\/product-lines\/cyberpoint\/","title":{"rendered":"Puntos de control CyberPoint"},"content":{"rendered":"<p><span id=\"result_box\" class=\"\" lang=\"es\" tabindex=\"-1\"><span class=\"\">Los CyberPoints funcionan como puntos de control de datos para los recorridos de guardia de seguridad y pueden instalarse pr\u00e1cticamente en cualquier lugar. Al igual que un sistema de recorrido de guardia tradicional, los miembros del equipo de seguridad confirman su presencia tocando una <a href=\"https:\/\/cyberlock.com\/product-lines\/cyberlock\/smart-keys\/\">llave inteligente CyberKey<\/a> en un punto electr\u00f3nico CyberPoint.<\/span><\/span><\/p>\n<p><span id=\"result_box\" class=\"\" lang=\"es\" tabindex=\"-1\"><span class=\"\">Cuando se presenta una llave inteligente CyberKey a un dispositivo de comunicaci\u00f3n, se carga un registro completo de la gira de guardia en el software de gesti\u00f3n.<\/span> <span class=\"\">Los informes se pueden generar, enviar por correo electr\u00f3nico y analizar.<\/span><\/span><\/p>\n<p><span id=\"result_box\" class=\"\" lang=\"es\" tabindex=\"-1\"><span class=\"\">Una ventaja significativa sobre las aplicaciones de recorrido de guardia tradicionales es que CyberPoint es parte del <a href=\"https:\/\/cyberlock.com\/product-lines\/cyberlock\/\">sistema de control de acceso CyberLock<\/a>.<\/span> <span class=\"\">La misma llave inteligente CyberKey que usa un guardia para verificar su ubicaci\u00f3n tambi\u00e9n puede cargarse con permisos de acceso para abrir los cilindros CyberLock designados.<\/span><\/span><\/p>\n<p><span id=\"result_box\" class=\"\" lang=\"es\" tabindex=\"-1\">En <a href=\"https:\/\/cyberlock.com\/product-lines\/cyberaudit\/enterprise\/\">CyberAudit Enterprise<\/a>, los usuarios pueden activar el <a href=\"https:\/\/cyberlock.com\/product-lines\/cyberaudit\/modules\/\">m\u00f3dulo<\/a> Key Security Enhancement, que permite los puntos electr\u00f3nicos CyberPoint a reactivar temporalmente una llave inteligente CyberKey expirada. Cuando una llave toca un CyberPoint con esta funci\u00f3n activada, entonces puede accesar a los cilindros CyberLock designados. La activaci\u00f3n expirar\u00e1 despu\u00e9s de ocho segundos o cinco minutos, seg\u00fan la preferencia de activaci\u00f3n configurada.<\/span><\/p>","protected":false},"excerpt":{"rendered":"<p>Los CyberPoints funcionan como puntos de control de datos para los recorridos de guardia de seguridad y pueden instalarse pr\u00e1cticamente en cualquier lugar. Al igual que un sistema de recorrido de guardia tradicional, los miembros del equipo de seguridad confirman su presencia tocando una llave inteligente CyberKey en un punto electr\u00f3nico CyberPoint. Cuando se presenta [&hellip;]<\/p>\n","protected":false},"author":1,"featured_media":3987,"parent":1825,"menu_order":0,"comment_status":"closed","ping_status":"closed","template":"","meta":{"footnotes":"","advanced-sidebar-menu\/link-title":"","advanced-sidebar-menu\/exclude-page":false},"class_list":["post-2080","page","type-page","status-publish","has-post-thumbnail","hentry"],"_links":{"self":[{"href":"https:\/\/cyberlock.com\/es\/wp-json\/wp\/v2\/pages\/2080","targetHints":{"allow":["GET"]}}],"collection":[{"href":"https:\/\/cyberlock.com\/es\/wp-json\/wp\/v2\/pages"}],"about":[{"href":"https:\/\/cyberlock.com\/es\/wp-json\/wp\/v2\/types\/page"}],"author":[{"embeddable":true,"href":"https:\/\/cyberlock.com\/es\/wp-json\/wp\/v2\/users\/1"}],"replies":[{"embeddable":true,"href":"https:\/\/cyberlock.com\/es\/wp-json\/wp\/v2\/comments?post=2080"}],"version-history":[{"count":6,"href":"https:\/\/cyberlock.com\/es\/wp-json\/wp\/v2\/pages\/2080\/revisions"}],"predecessor-version":[{"id":4130,"href":"https:\/\/cyberlock.com\/es\/wp-json\/wp\/v2\/pages\/2080\/revisions\/4130"}],"up":[{"embeddable":true,"href":"https:\/\/cyberlock.com\/es\/wp-json\/wp\/v2\/pages\/1825"}],"wp:featuredmedia":[{"embeddable":true,"href":"https:\/\/cyberlock.com\/es\/wp-json\/wp\/v2\/media\/3987"}],"wp:attachment":[{"href":"https:\/\/cyberlock.com\/es\/wp-json\/wp\/v2\/media?parent=2080"}],"curies":[{"name":"wp","href":"https:\/\/api.w.org\/{rel}","templated":true}]}}