{"id":2071,"date":"2018-01-16T10:45:28","date_gmt":"2018-01-16T18:45:28","guid":{"rendered":"http:\/\/cyberlock.dev\/?page_id=2071"},"modified":"2018-03-20T09:57:52","modified_gmt":"2018-03-20T16:57:52","slug":"door-controller","status":"publish","type":"page","link":"https:\/\/cyberlock.com\/es\/product-lines\/flex-system\/door-controller\/","title":{"rendered":"Controlador de puertas Sistema Flex"},"content":{"rendered":"<p><img loading=\"lazy\" decoding=\"async\" class=\"alignright size-medium wp-image-2073\" src=\"https:\/\/cyberlock.com\/wp-content\/uploads\/2018\/01\/FS-DC01-300x190.jpg\" alt=\"CyberLock FS-DC01 Flex System Door &amp; I\/O Controller\" width=\"300\" height=\"190\" srcset=\"https:\/\/cyberlock.com\/wp-content\/uploads\/2018\/01\/FS-DC01-300x190.jpg 300w, https:\/\/cyberlock.com\/wp-content\/uploads\/2018\/01\/FS-DC01-150x95.jpg 150w, https:\/\/cyberlock.com\/wp-content\/uploads\/2018\/01\/FS-DC01.jpg 338w\" sizes=\"auto, (max-width: 300px) 100vw, 300px\" \/><span id=\"result_box\" class=\"\" lang=\"es\" tabindex=\"-1\"><span class=\"\">El controlador de puerta y m\u00f3dulo de E \/ S<\/span><\/span> <span id=\"result_box\" class=\"\" lang=\"es\" tabindex=\"-1\"><span class=\"\">proporciona energ\u00eda<\/span><\/span> y empuja <span id=\"result_box\" class=\"short_text\" lang=\"es\" tabindex=\"-1\">pestillos el\u00e9ctricos<\/span> (o dispositivos simlares) <span id=\"result_box\" class=\"\" lang=\"es\" tabindex=\"-1\"><span class=\"\">basado en lecturas autenticadas de un dispositivo de entrada asociado.<\/span><\/span> <span id=\"result_box\" class=\"\" lang=\"es\" tabindex=\"-1\"><span class=\"\">El controlador de la puerta tambi\u00e9n incluye la capacidad de interactuar con dispositivos de retransmisi\u00f3n, como alarmas, altavoces, c\u00e1maras, sensores, dispositivos de solicitud de salida, y con dispositivos de entrada y salida compatibles con Wiegand, lo que permite una personalizaci\u00f3n considerable de un sistema de seguridad.<\/span><\/span><\/p>\n<p><span id=\"result_box\" class=\"\" lang=\"es\" tabindex=\"-1\"><span class=\"\">El controlador de puerta y el m\u00f3dulo de E \/ S<\/span><\/span> <span id=\"result_box\" class=\"short_text\" lang=\"es\" tabindex=\"-1\"><span class=\"\">agrega una cantidad de capacidades al Sistema Flex<\/span><\/span>:<\/p>\n<ul>\n<li><span id=\"result_box\" class=\"\" lang=\"es\" tabindex=\"-1\"><span class=\"\">Impulsi\u00f3n de pestillos el\u00e9ctricos o cerraduras magn\u00e9ticas que controlan el acceso a puertas, portones o casilleros<\/span><\/span><\/li>\n<li><span id=\"result_box\" class=\"\" lang=\"es\" tabindex=\"-1\"><span class=\"\">Conmutaci\u00f3n de dispositivos de salida como LED y sirenas para indicar el estado actual de una puerta o activar un dispositivo como una c\u00e1mara<\/span><\/span><\/li>\n<li><span id=\"result_box\" class=\"\" lang=\"es\" tabindex=\"-1\"><span class=\"\">Reconocimiento y respuesta a una entrada moment\u00e1nea como una se\u00f1al solicitud de salida<br \/>\n<\/span><\/span><\/li>\n<li><span id=\"result_box\" class=\"\" lang=\"es\" tabindex=\"-1\"><span class=\"\">Reconocimiento y respuesta a una entrada continua de encendido y apagado como un sensor de puerta<\/span><\/span><\/li>\n<li><span id=\"result_box\" class=\"\" lang=\"es\" tabindex=\"-1\">Aceptaci\u00f3n de entrada de lectores RFID compatibles con Wiegand<\/span><\/li>\n<\/ul>\n<h2>Hechos sobre Controlador de puertas Sistema Flex<\/h2>\n<p><a href=\"https:\/\/cyberlock.com\/wp-content\/uploads\/2022\/05\/FS-DC01_Spec_Sheet-GCO5092.pdf\"><img decoding=\"async\" class=\"alignright\" src=\"\/wp-content\/uploads\/2022\/05\/FS-DC01_Spec_Sheet-GCO5092.pdf\" alt=\"FS-DC01 Spec Sheet\" \/><\/a><\/p>\n<ul>\n<li><span id=\"result_box\" class=\"short_text\" lang=\"es\" tabindex=\"-1\"><span class=\"\">Dos (2) entradas<\/span><\/span><\/li>\n<li>Dos (2) salidas<\/li>\n<li><span id=\"result_box\" class=\"short_text\" lang=\"es\" tabindex=\"-1\">Una (1) entrada de pestillo el\u00e9ctrico (o dispositivo similar)<\/span><\/li>\n<li><span id=\"result_box\" class=\"short_text\" lang=\"es\" tabindex=\"-1\"><span class=\"\">Capacidades de cerrar en el reloj<\/span><\/span><\/li>\n<li><span id=\"result_box\" class=\"short_text\" lang=\"es\" tabindex=\"-1\">Compatibilidad con dispositivos Wiegand de terceros<\/span><\/li>\n<li><span id=\"result_box\" class=\"short_text\" lang=\"es\" tabindex=\"-1\">Integraci\u00f3n con puertas cableadas<\/span><\/li>\n<\/ul>\n<p><\/p>","protected":false},"excerpt":{"rendered":"<p>El controlador de puerta y m\u00f3dulo de E \/ S proporciona energ\u00eda y empuja pestillos el\u00e9ctricos (o dispositivos simlares) basado en lecturas autenticadas de un dispositivo de entrada asociado. El controlador de la puerta tambi\u00e9n incluye la capacidad de interactuar con dispositivos de retransmisi\u00f3n, como alarmas, altavoces, c\u00e1maras, sensores, dispositivos de solicitud de salida, y [&hellip;]<\/p>\n","protected":false},"author":1,"featured_media":0,"parent":2028,"menu_order":0,"comment_status":"closed","ping_status":"closed","template":"","meta":{"footnotes":"","advanced-sidebar-menu\/link-title":"","advanced-sidebar-menu\/exclude-page":false},"class_list":["post-2071","page","type-page","status-publish","hentry"],"_links":{"self":[{"href":"https:\/\/cyberlock.com\/es\/wp-json\/wp\/v2\/pages\/2071","targetHints":{"allow":["GET"]}}],"collection":[{"href":"https:\/\/cyberlock.com\/es\/wp-json\/wp\/v2\/pages"}],"about":[{"href":"https:\/\/cyberlock.com\/es\/wp-json\/wp\/v2\/types\/page"}],"author":[{"embeddable":true,"href":"https:\/\/cyberlock.com\/es\/wp-json\/wp\/v2\/users\/1"}],"replies":[{"embeddable":true,"href":"https:\/\/cyberlock.com\/es\/wp-json\/wp\/v2\/comments?post=2071"}],"version-history":[{"count":13,"href":"https:\/\/cyberlock.com\/es\/wp-json\/wp\/v2\/pages\/2071\/revisions"}],"predecessor-version":[{"id":3710,"href":"https:\/\/cyberlock.com\/es\/wp-json\/wp\/v2\/pages\/2071\/revisions\/3710"}],"up":[{"embeddable":true,"href":"https:\/\/cyberlock.com\/es\/wp-json\/wp\/v2\/pages\/2028"}],"wp:attachment":[{"href":"https:\/\/cyberlock.com\/es\/wp-json\/wp\/v2\/media?parent=2071"}],"curies":[{"name":"wp","href":"https:\/\/api.w.org\/{rel}","templated":true}]}}