{"id":2047,"date":"2018-01-15T15:53:03","date_gmt":"2018-01-15T23:53:03","guid":{"rendered":"http:\/\/cyberlock.dev\/?page_id=2047"},"modified":"2021-04-09T15:49:13","modified_gmt":"2021-04-09T22:49:13","slug":"input-readers","status":"publish","type":"page","link":"https:\/\/cyberlock.com\/es\/product-lines\/flex-system\/input-readers\/","title":{"rendered":"Lectores de entrada del Sistema Flex"},"content":{"rendered":"<p><span id=\"result_box\" class=\"\" tabindex=\"-1\" lang=\"es\">Los lectores de entrada Sistema Flex se conectan directamente al <\/span><a href=\"https:\/\/cyberlock.com\/product-lines\/flex-system\/controller-hub\/\"><span id=\"result_box\" class=\"\" tabindex=\"-1\" lang=\"es\">Flex System Hub <\/span><\/a><span id=\"result_box\" class=\"\" tabindex=\"-1\" lang=\"es\">controlador de acceso. Los m\u00f3dulos de entrada controlan los dispositivos de salida Sistema Flex y los dispositivos de salida compatibles con Wiegand.<\/span><\/p>\n\n\n\n<div class=\"featured-container\">\n<h2><span id=\"result_box\" class=\"short_text\" tabindex=\"-1\" lang=\"es\"><span class=\"\">Dispositivos de entrada destacados<\/span><\/span><\/h2>\n<div class=\"featured-prod\">\n<figure><img loading=\"lazy\" decoding=\"async\" class=\"wp-image-2049 size-thumbnail alignnone\" src=\"https:\/\/cyberlock.com\/wp-content\/uploads\/2018\/01\/FS-KD01-148x150.png\" alt=\"CyberLock FS-KD01 Flex System Keypad Display\" width=\"148\" height=\"150\" srcset=\"https:\/\/cyberlock.com\/wp-content\/uploads\/2018\/01\/FS-KD01-148x150.png 148w, https:\/\/cyberlock.com\/wp-content\/uploads\/2018\/01\/FS-KD01-295x300.png 295w, https:\/\/cyberlock.com\/wp-content\/uploads\/2018\/01\/FS-KD01-768x780.png 768w, https:\/\/cyberlock.com\/wp-content\/uploads\/2018\/01\/FS-KD01-1008x1024.png 1008w, https:\/\/cyberlock.com\/wp-content\/uploads\/2018\/01\/FS-KD01.png 1107w\" sizes=\"auto, (max-width: 148px) 100vw, 148px\" \/><\/figure><p><\/p>\n<h3><span id=\"result_box\" class=\"short_text\" tabindex=\"-1\" lang=\"es\">M\u00f3dulo de pantalla con teclado<\/span><\/h3>\n<p><span id=\"result_box\" class=\"\" tabindex=\"-1\" lang=\"es\"><span class=\"\">Este m\u00f3dulo de entrada permite la entrada de PIN o n\u00fameros de trabajo para identificar a una persona y sus permisos.<\/span><\/span><\/p>\n<p><a class=\"button-link\" href=\"\/products\/flex-system\/FS-KD01\">Ver Detalles<\/a><\/p>\n<\/div>\n<div class=\"featured-prod\">\n<figure><img loading=\"lazy\" decoding=\"async\" class=\"wp-image-2057 size-thumbnail alignnone\" src=\"https:\/\/cyberlock.com\/wp-content\/uploads\/2018\/01\/FS-RH02-150x132.png\" alt=\"CyberLock FS-RH02 Flex System RFID Reader\" width=\"150\" height=\"132\" srcset=\"https:\/\/cyberlock.com\/wp-content\/uploads\/2018\/01\/FS-RH02-150x132.png 150w, https:\/\/cyberlock.com\/wp-content\/uploads\/2018\/01\/FS-RH02.png 151w\" sizes=\"auto, (max-width: 150px) 100vw, 150px\" \/><\/figure><p><\/p>\n<h3><span id=\"result_box\" class=\"short_text\" tabindex=\"-1\" lang=\"es\"><span class=\"\">M\u00f3dulo de lector RFID<\/span><\/span><\/h3>\n<p><span id=\"result_box\" class=\"\" tabindex=\"-1\" lang=\"es\"><span class=\"\">El m\u00f3dulo de entrada RFID lee las tarjetas RFID sin cifrar de 13,56 MHz para identificar a una persona y sus permisos.<\/span><\/span><\/p>\n<p><a class=\"button-link\" href=\"\/products\/flex-system\/FS-RH02\">Ver Detalles<\/a><\/p>\n<\/div>\n<div class=\"featured-prod\">\n<figure><img loading=\"lazy\" decoding=\"async\" class=\"wp-image-2065 size-thumbnail alignnone\" src=\"https:\/\/cyberlock.com\/wp-content\/uploads\/2018\/01\/FS-MP01-147x150.png\" alt=\"CyberLock FS-MP01 Flex System Keyport\" width=\"147\" height=\"150\" srcset=\"https:\/\/cyberlock.com\/wp-content\/uploads\/2018\/01\/FS-MP01-147x150.png 147w, https:\/\/cyberlock.com\/wp-content\/uploads\/2018\/01\/FS-MP01-294x300.png 294w, https:\/\/cyberlock.com\/wp-content\/uploads\/2018\/01\/FS-MP01.png 709w\" sizes=\"auto, (max-width: 147px) 100vw, 147px\" \/><\/figure><p><\/p>\n<h3>M\u00f3dulo Keyport<\/h3>\n<p><span id=\"result_box\" class=\"\" tabindex=\"-1\" lang=\"es\">El m\u00f3dulo Keyport tiene dos funciones: controla un pestillo el\u00e9ctrico y actualiza y descarga las llaves inteligentes CyberKey.<\/span><\/p>\n<p><a class=\"button-link\" href=\"\/products\/flex-system\/FS-MP01\">Ver Detalles<\/a><\/p>\n<\/div>\n<\/div>\n\n\n\n<div class=\"page-blocks-container\">&nbsp;<\/div>\n\n\n\n<p><span id=\"result_box\" class=\"short_text\" tabindex=\"-1\" lang=\"es\">Haga clic aqu\u00ed para ver<\/span> todos <a href=\"\/products\/category\/flex-system\">m\u00f3dulos Sistema Flex<\/a>.<\/p>\n\n\n\n<p><\/p>","protected":false},"excerpt":{"rendered":"<p>Los lectores de entrada Sistema Flex se conectan directamente al Flex System Hub controlador de acceso. Los m\u00f3dulos de entrada controlan los dispositivos de salida Sistema Flex y los dispositivos de salida compatibles con Wiegand. Dispositivos de entrada destacados M\u00f3dulo de pantalla con teclado Este m\u00f3dulo de entrada permite la entrada de PIN o n\u00fameros [&hellip;]<\/p>\n","protected":false},"author":1,"featured_media":0,"parent":2028,"menu_order":0,"comment_status":"closed","ping_status":"closed","template":"","meta":{"footnotes":"","advanced-sidebar-menu\/link-title":"","advanced-sidebar-menu\/exclude-page":false},"class_list":["post-2047","page","type-page","status-publish","hentry"],"_links":{"self":[{"href":"https:\/\/cyberlock.com\/es\/wp-json\/wp\/v2\/pages\/2047","targetHints":{"allow":["GET"]}}],"collection":[{"href":"https:\/\/cyberlock.com\/es\/wp-json\/wp\/v2\/pages"}],"about":[{"href":"https:\/\/cyberlock.com\/es\/wp-json\/wp\/v2\/types\/page"}],"author":[{"embeddable":true,"href":"https:\/\/cyberlock.com\/es\/wp-json\/wp\/v2\/users\/1"}],"replies":[{"embeddable":true,"href":"https:\/\/cyberlock.com\/es\/wp-json\/wp\/v2\/comments?post=2047"}],"version-history":[{"count":26,"href":"https:\/\/cyberlock.com\/es\/wp-json\/wp\/v2\/pages\/2047\/revisions"}],"predecessor-version":[{"id":4852,"href":"https:\/\/cyberlock.com\/es\/wp-json\/wp\/v2\/pages\/2047\/revisions\/4852"}],"up":[{"embeddable":true,"href":"https:\/\/cyberlock.com\/es\/wp-json\/wp\/v2\/pages\/2028"}],"wp:attachment":[{"href":"https:\/\/cyberlock.com\/es\/wp-json\/wp\/v2\/media?parent=2047"}],"curies":[{"name":"wp","href":"https:\/\/api.w.org\/{rel}","templated":true}]}}