{"id":2032,"date":"2018-01-15T14:06:28","date_gmt":"2018-01-15T22:06:28","guid":{"rendered":"http:\/\/cyberlock.dev\/?page_id=2032"},"modified":"2022-09-20T14:53:32","modified_gmt":"2022-09-20T21:53:32","slug":"controller-hub","status":"publish","type":"page","link":"https:\/\/cyberlock.com\/es\/product-lines\/flex-system\/controller-hub\/","title":{"rendered":"Controlador Flex System"},"content":{"rendered":"<p><span id=\"result_box\" class=\"\" tabindex=\"-1\" lang=\"es\"><span class=\"\">El Flex System Hub de CyberLock permite la comunicaci\u00f3n entre una variedad de m\u00f3dulos del sistema Flex, as\u00ed como tambi\u00e9n dispositivos de entrada y salida de terceros, y reporta la informaci\u00f3n de acceso al software de administraci\u00f3n CyberAudit.<\/span> <span class=\"\">La memoria incorporada en el Hub almacena los permisos de acceso y guarda la informaci\u00f3n de la pista de auditor\u00eda, lo que permite el funcionamiento continuo incluso cuando se interrumpe una conexi\u00f3n de red al software.<\/span><\/span><\/p>\n\n\n<div class=\"wp-block-image\">\n<figure class=\"aligncenter\"><img loading=\"lazy\" decoding=\"async\" width=\"432\" height=\"141\" src=\"https:\/\/cyberlock.com\/wp-content\/uploads\/2018\/01\/FS-SH01-front.jpg\" alt=\"CyberLock FS-SH01 Flex System Hub\" class=\"wp-image-2034\" srcset=\"https:\/\/cyberlock.com\/wp-content\/uploads\/2018\/01\/FS-SH01-front.jpg 432w, https:\/\/cyberlock.com\/wp-content\/uploads\/2018\/01\/FS-SH01-front-150x49.jpg 150w, https:\/\/cyberlock.com\/wp-content\/uploads\/2018\/01\/FS-SH01-front-300x98.jpg 300w\" sizes=\"auto, (max-width: 432px) 100vw, 432px\" \/><\/figure>\n<\/div>\n\n\n<h2 class=\"wp-block-heading\" id=\"h-hechos-sobre-flex-system-hub\">Hechos sobre Flex System Hub<\/h2>\n\n\n<div class=\"wp-block-image\">\n<figure class=\"alignright\"><a href=\"https:\/\/cyberlock.com\/wp-content\/uploads\/2018\/01\/FS-SH01.pdf\"><img decoding=\"async\" src=\"\/wp-content\/uploads\/2018\/01\/FS-SH01-pdf-232x300.jpg\" alt=\"\"\/><\/a><\/figure>\n<\/div>\n\n\n<ul class=\"wp-block-list\"><li><span id=\"result_box\" class=\"\" tabindex=\"-1\" lang=\"es\">Incluye ocho (8) puertos RS-485 que admiten m\u00f3dulos Flex System.<\/span><\/li><li><span id=\"result_box\" class=\"\" tabindex=\"-1\" lang=\"es\">Incluye un (1) puerto RJ-45 (Ethernet) para interactuar con el software de administraci\u00f3n CyberAudit.<\/span><\/li><li><span id=\"result_box\" class=\"\" tabindex=\"-1\" lang=\"es\"><span class=\"\">Almacena datos de acceso en la memoria para mantener el sistema operativo incluso durante cortes de red.<\/span><\/span><\/li><li><span id=\"result_box\" class=\"short_text\" tabindex=\"-1\" lang=\"es\"><span class=\"\">Admite configuraciones de energ\u00eda de respaldo.<\/span><\/span>\n<ul>\n<li><span id=\"result_box\" class=\"short_text\" tabindex=\"-1\" lang=\"es\"><span class=\"\">Conexi\u00f3n de alimentaci\u00f3n auxiliar<\/span><\/span><\/li>\n<li><span id=\"result_box\" class=\"short_text\" tabindex=\"-1\" lang=\"es\">Opci\u00f3n de bater\u00eda<\/span><\/li>\n<\/ul>\n<\/li><li><span id=\"result_box\" class=\"short_text\" tabindex=\"-1\" lang=\"es\"><span class=\"\">Energice m\u00f3dulos del Sistema Flex.<\/span><\/span><\/li><li><span id=\"result_box\" class=\"\" tabindex=\"-1\" lang=\"es\"><span class=\"\">Detecta y carga las llaves inteligentes CyberKey recargables almacenadas en la b\u00f3veda de llaves climatizadas.<\/span><\/span><\/li><\/ul>\n\n\n\n<p><\/p>","protected":false},"excerpt":{"rendered":"<p>El Flex System Hub de CyberLock permite la comunicaci\u00f3n entre una variedad de m\u00f3dulos del sistema Flex, as\u00ed como tambi\u00e9n dispositivos de entrada y salida de terceros, y reporta la informaci\u00f3n de acceso al software de administraci\u00f3n CyberAudit. La memoria incorporada en el Hub almacena los permisos de acceso y guarda la informaci\u00f3n de la [&hellip;]<\/p>\n","protected":false},"author":1,"featured_media":0,"parent":2028,"menu_order":0,"comment_status":"closed","ping_status":"closed","template":"","meta":{"footnotes":"","advanced-sidebar-menu\/link-title":"","advanced-sidebar-menu\/exclude-page":false},"class_list":["post-2032","page","type-page","status-publish","hentry"],"_links":{"self":[{"href":"https:\/\/cyberlock.com\/es\/wp-json\/wp\/v2\/pages\/2032","targetHints":{"allow":["GET"]}}],"collection":[{"href":"https:\/\/cyberlock.com\/es\/wp-json\/wp\/v2\/pages"}],"about":[{"href":"https:\/\/cyberlock.com\/es\/wp-json\/wp\/v2\/types\/page"}],"author":[{"embeddable":true,"href":"https:\/\/cyberlock.com\/es\/wp-json\/wp\/v2\/users\/1"}],"replies":[{"embeddable":true,"href":"https:\/\/cyberlock.com\/es\/wp-json\/wp\/v2\/comments?post=2032"}],"version-history":[{"count":24,"href":"https:\/\/cyberlock.com\/es\/wp-json\/wp\/v2\/pages\/2032\/revisions"}],"predecessor-version":[{"id":5449,"href":"https:\/\/cyberlock.com\/es\/wp-json\/wp\/v2\/pages\/2032\/revisions\/5449"}],"up":[{"embeddable":true,"href":"https:\/\/cyberlock.com\/es\/wp-json\/wp\/v2\/pages\/2028"}],"wp:attachment":[{"href":"https:\/\/cyberlock.com\/es\/wp-json\/wp\/v2\/media?parent=2032"}],"curies":[{"name":"wp","href":"https:\/\/api.w.org\/{rel}","templated":true}]}}