{"id":2028,"date":"2018-01-15T13:53:20","date_gmt":"2018-01-15T21:53:20","guid":{"rendered":"http:\/\/cyberlock.dev\/?page_id=2028"},"modified":"2021-05-03T11:02:40","modified_gmt":"2021-05-03T18:02:40","slug":"flex-system","status":"publish","type":"page","link":"https:\/\/cyberlock.com\/es\/product-lines\/flex-system\/","title":{"rendered":"Resumen del Sistema Flex"},"content":{"rendered":"<p><\/p>\n\n\n\n<div class=\"content node-product-family-page\">\n<div class=\"field field-name-body field-type-text-with-summary field-label-hidden\">\n<div class=\"field-items\">\n<div class=\"field-item even\">\n<p><span id=\"result_box\" class=\"\" tabindex=\"-1\" lang=\"es\"><span class=\"\">El Sistema Flex de CyberLock es una soluci\u00f3n de seguridad integrada modular que combina todos los beneficios de una soluci\u00f3n de seguridad para puertas con cable con la soluci\u00f3n de control de acceso CyberLock centrada en la llave, todo administrado bajo una sola plataforma de software unificada.<\/span><\/span><\/p>\n<h2>Flexible<\/h2>\n<p><span id=\"result_box\" class=\"\" tabindex=\"-1\" lang=\"es\"><span class=\"\">El coraz\u00f3n del sistema se basa en el controlador de acceso <a href=\"https:\/\/cyberlock.com\/product-lines\/flex-system\/controller-hub\/\">Flex System Hub<\/a> que provee conexiones <\/span><span class=\"\">y alimentaci\u00f3n para m\u00f3dulos climatizados que se pueden mezclar y combinar para adaptarse a sus necesidades de control de acceso.<\/span><\/span><\/p>\n<h2><span id=\"result_box\" class=\"short_text\" tabindex=\"-1\" lang=\"es\"><span class=\"\">Ampliable<\/span><\/span><\/h2>\n<p><span id=\"result_box\" class=\"\" tabindex=\"-1\" lang=\"es\"><span class=\"\">Se puede agregar al Sistema Flex una amplia variedad de otros dispositivos de seguridad, como lectores HID, dispositivos de solicitud de salida, alarmas, sensores de puerta y m\u00e1s, a trav\u00e9s del <a href=\"https:\/\/cyberlock.com\/product-lines\/flex-system\/door-controller\/\">controlador de puerta y el m\u00f3dulo de E \/ S<\/a>.<\/span><\/span><\/p>\n<h2>Compatible<\/h2>\n<p><span id=\"result_box\" class=\"\" tabindex=\"-1\" lang=\"es\"><span class=\"\">El Sistema Flex es administrado por el <a href=\"https:\/\/cyberlock.com\/product-lines\/cyberaudit\/\">software de administraci\u00f3n CyberAudit,<\/a> la misma plataforma detr\u00e1s del galardonado sistema de control de acceso CyberLock, compuesto por <a href=\"https:\/\/cyberlock.com\/product-lines\/cyberlock\/locks\/\">cilindros de cerradura electr\u00f3nicos<\/a> y <a href=\"https:\/\/cyberlock.com\/product-lines\/cyberlock\/smart-keys\/\">llaves inteligentes<\/a> programables.<\/span><\/span><\/p>\n<\/div>\n<\/div>\n<\/div>\n<\/div>\n\n\n\n<p><\/p>","protected":false},"excerpt":{"rendered":"<p>El Sistema Flex de CyberLock es una soluci\u00f3n de seguridad integrada modular que combina todos los beneficios de una soluci\u00f3n de seguridad para puertas con cable con la soluci\u00f3n de control de acceso CyberLock centrada en la llave, todo administrado bajo una sola plataforma de software unificada. Flexible El coraz\u00f3n del sistema se basa en [&hellip;]<\/p>\n","protected":false},"author":1,"featured_media":4855,"parent":1825,"menu_order":0,"comment_status":"closed","ping_status":"closed","template":"","meta":{"footnotes":"","advanced-sidebar-menu\/link-title":"","advanced-sidebar-menu\/exclude-page":false},"class_list":["post-2028","page","type-page","status-publish","has-post-thumbnail","hentry"],"_links":{"self":[{"href":"https:\/\/cyberlock.com\/es\/wp-json\/wp\/v2\/pages\/2028","targetHints":{"allow":["GET"]}}],"collection":[{"href":"https:\/\/cyberlock.com\/es\/wp-json\/wp\/v2\/pages"}],"about":[{"href":"https:\/\/cyberlock.com\/es\/wp-json\/wp\/v2\/types\/page"}],"author":[{"embeddable":true,"href":"https:\/\/cyberlock.com\/es\/wp-json\/wp\/v2\/users\/1"}],"replies":[{"embeddable":true,"href":"https:\/\/cyberlock.com\/es\/wp-json\/wp\/v2\/comments?post=2028"}],"version-history":[{"count":12,"href":"https:\/\/cyberlock.com\/es\/wp-json\/wp\/v2\/pages\/2028\/revisions"}],"predecessor-version":[{"id":4856,"href":"https:\/\/cyberlock.com\/es\/wp-json\/wp\/v2\/pages\/2028\/revisions\/4856"}],"up":[{"embeddable":true,"href":"https:\/\/cyberlock.com\/es\/wp-json\/wp\/v2\/pages\/1825"}],"wp:featuredmedia":[{"embeddable":true,"href":"https:\/\/cyberlock.com\/es\/wp-json\/wp\/v2\/media\/4855"}],"wp:attachment":[{"href":"https:\/\/cyberlock.com\/es\/wp-json\/wp\/v2\/media?parent=2028"}],"curies":[{"name":"wp","href":"https:\/\/api.w.org\/{rel}","templated":true}]}}