{"id":2024,"date":"2018-01-15T13:45:38","date_gmt":"2018-01-15T21:45:38","guid":{"rendered":"http:\/\/cyberlock.dev\/?page_id=2024"},"modified":"2018-07-05T11:14:22","modified_gmt":"2018-07-05T18:14:22","slug":"vault-20s","status":"publish","type":"page","link":"https:\/\/cyberlock.com\/es\/product-lines\/cyberkey-vaults\/vault-20s\/","title":{"rendered":"Armario de control de llave CyberKey Vault 20S"},"content":{"rendered":"<p><img loading=\"lazy\" decoding=\"async\" class=\"alignright size-medium wp-image-2026\" src=\"https:\/\/cyberlock.com\/wp-content\/uploads\/2018\/01\/CKV-020S-open-300x294.png\" alt=\"CyberLock CKV-020S CyberKey Vault 20S\" width=\"300\" height=\"294\" srcset=\"https:\/\/cyberlock.com\/wp-content\/uploads\/2018\/01\/CKV-020S-open-300x294.png 300w, https:\/\/cyberlock.com\/wp-content\/uploads\/2018\/01\/CKV-020S-open-150x147.png 150w, https:\/\/cyberlock.com\/wp-content\/uploads\/2018\/01\/CKV-020S-open.png 504w\" sizes=\"auto, (max-width: 300px) 100vw, 300px\" \/>El CyberKey Vault 20S es un armario de llaves dise\u00f1ado para programar y dispensar hasta 20 llaves inteligentes CyberKey recargables. El Vault 20S est\u00e1 dise\u00f1ado para instalaciones en interiores.<\/p>\n<h2>Ganando accesso<\/h2>\n<p>Las llaves inteligentes CyberKey se almacenan en un estado inactivo en el armario cerrado hasta que se presente una tarjeta RFID o PIN aprobado. Despu\u00e9s de leer la tarjeta RFID, el armario se comunica con el servidor interno del armario, programa una llave con los permisos de ese usuario y se abre.<\/p>\n<h2>Tarjetas RFID compatibles<\/h2>\n<p>Lee la mayor\u00eda de las tarjetas 13,56MHz no encriptadas, como iCode y SLI.<\/p>","protected":false},"excerpt":{"rendered":"<p>El CyberKey Vault 20S es un armario de llaves dise\u00f1ado para programar y dispensar hasta 20 llaves inteligentes CyberKey recargables. El Vault 20S est\u00e1 dise\u00f1ado para instalaciones en interiores. Ganando accesso Las llaves inteligentes CyberKey se almacenan en un estado inactivo en el armario cerrado hasta que se presente una tarjeta RFID o PIN aprobado. [&hellip;]<\/p>\n","protected":false},"author":1,"featured_media":0,"parent":1991,"menu_order":0,"comment_status":"closed","ping_status":"closed","template":"","meta":{"footnotes":"","advanced-sidebar-menu\/link-title":"","advanced-sidebar-menu\/exclude-page":false},"class_list":["post-2024","page","type-page","status-publish","hentry"],"_links":{"self":[{"href":"https:\/\/cyberlock.com\/es\/wp-json\/wp\/v2\/pages\/2024","targetHints":{"allow":["GET"]}}],"collection":[{"href":"https:\/\/cyberlock.com\/es\/wp-json\/wp\/v2\/pages"}],"about":[{"href":"https:\/\/cyberlock.com\/es\/wp-json\/wp\/v2\/types\/page"}],"author":[{"embeddable":true,"href":"https:\/\/cyberlock.com\/es\/wp-json\/wp\/v2\/users\/1"}],"replies":[{"embeddable":true,"href":"https:\/\/cyberlock.com\/es\/wp-json\/wp\/v2\/comments?post=2024"}],"version-history":[{"count":4,"href":"https:\/\/cyberlock.com\/es\/wp-json\/wp\/v2\/pages\/2024\/revisions"}],"predecessor-version":[{"id":3804,"href":"https:\/\/cyberlock.com\/es\/wp-json\/wp\/v2\/pages\/2024\/revisions\/3804"}],"up":[{"embeddable":true,"href":"https:\/\/cyberlock.com\/es\/wp-json\/wp\/v2\/pages\/1991"}],"wp:attachment":[{"href":"https:\/\/cyberlock.com\/es\/wp-json\/wp\/v2\/media?parent=2024"}],"curies":[{"name":"wp","href":"https:\/\/api.w.org\/{rel}","templated":true}]}}