{"id":2010,"date":"2018-01-15T11:42:57","date_gmt":"2018-01-15T19:42:57","guid":{"rendered":"http:\/\/cyberlock.dev\/?page_id=2010"},"modified":"2018-08-02T16:49:51","modified_gmt":"2018-08-02T23:49:51","slug":"vault-applications","status":"publish","type":"page","link":"https:\/\/cyberlock.com\/es\/product-lines\/cyberkey-vaults\/vault-applications\/","title":{"rendered":"Aplicaciones de control de llaves CyberKey Vault"},"content":{"rendered":"<p><\/p>\n<div class=\"img-on-left\">\n<div class=\"img-div\"><img loading=\"lazy\" decoding=\"async\" class=\"alignleft size-thumbnail wp-image-2012\" src=\"https:\/\/cyberlock.com\/wp-content\/uploads\/2018\/01\/VaultWR-EmergencyResponse-150x138.jpg\" alt=\"\" width=\"150\" height=\"138\" srcset=\"https:\/\/cyberlock.com\/wp-content\/uploads\/2018\/01\/VaultWR-EmergencyResponse-150x138.jpg 150w, https:\/\/cyberlock.com\/wp-content\/uploads\/2018\/01\/VaultWR-EmergencyResponse-300x275.jpg 300w, https:\/\/cyberlock.com\/wp-content\/uploads\/2018\/01\/VaultWR-EmergencyResponse-768x704.jpg 768w, https:\/\/cyberlock.com\/wp-content\/uploads\/2018\/01\/VaultWR-EmergencyResponse-1024x939.jpg 1024w, https:\/\/cyberlock.com\/wp-content\/uploads\/2018\/01\/VaultWR-EmergencyResponse.jpg 1328w\" sizes=\"auto, (max-width: 150px) 100vw, 150px\" \/><\/div>\n<div class=\"text-div\">\n<h2>R<span id=\"result_box\" class=\"short_text\" lang=\"es\" tabindex=\"-1\"><span class=\"\">espuesta de emergencia<\/span><\/span><\/h2>\n<p><span id=\"result_box\" class=\"\" lang=\"es\" tabindex=\"-1\"><span class=\"\">El personal de administraci\u00f3n de transporte, como los trabajadores de la construcci\u00f3n y los equipos de servicios de emergencia, comparten el acceso a las b\u00f3vedas instaladas en ubicaciones estrat\u00e9gicas a lo largo del sistema de carreteras.<\/span> <span class=\"\">El acceso a ubicaciones seguras remotas a trav\u00e9s de las llaves inteligentes CyberKey almacenadas en las b\u00f3vedas es conveniente, eficiente y auditable.<\/span><\/span><\/p>\n<\/div>\n<p><!-- Text div --><\/p>\n<\/div>\n<p><!-- container div --><\/p>\n<div class=\"img-on-left\">\n<div class=\"img-div\"><img loading=\"lazy\" decoding=\"async\" class=\"alignleft wp-image-2013 size-thumbnail\" src=\"https:\/\/cyberlock.com\/wp-content\/uploads\/2018\/01\/VaultWR-WellnessChecks-150x133.jpg\" alt=\"Vault Applications\" width=\"150\" height=\"133\" srcset=\"https:\/\/cyberlock.com\/wp-content\/uploads\/2018\/01\/VaultWR-WellnessChecks-150x133.jpg 150w, https:\/\/cyberlock.com\/wp-content\/uploads\/2018\/01\/VaultWR-WellnessChecks-300x265.jpg 300w, https:\/\/cyberlock.com\/wp-content\/uploads\/2018\/01\/VaultWR-WellnessChecks-768x679.jpg 768w, https:\/\/cyberlock.com\/wp-content\/uploads\/2018\/01\/VaultWR-WellnessChecks-1024x905.jpg 1024w, https:\/\/cyberlock.com\/wp-content\/uploads\/2018\/01\/VaultWR-WellnessChecks.jpg 1611w\" sizes=\"auto, (max-width: 150px) 100vw, 150px\" \/><\/div>\n<div class=\"text-div\">\n<h2><span id=\"result_box\" class=\"short_text\" lang=\"es\" tabindex=\"-1\"><span class=\"\">Chequeos de bienestar<\/span><\/span><\/h2>\n<p><span id=\"result_box\" class=\"\" lang=\"es\" tabindex=\"-1\"><span class=\"\">Los controles de bienestar del recluso en la c\u00e1rcel de un condado se administran mediante el uso de armarios de llave CybeKey Vault.<\/span> <span class=\"\">Cada 20 a 50 minutos, un guardia realiza controles de seguridad presentando una CyberKey a los puntos de control de CyberPoint y cilindros CyberLock en toda la instalaci\u00f3n.<\/span> <span class=\"\">Cuando se completan las rondas, la llave se devuelve al armario de llaves y se env\u00eda un informe por correo electr\u00f3nico a los supervisores que verifican que la verificaci\u00f3n de seguridad se haya completado.<\/span><\/span><\/p>\n<\/div>\n<p><!-- Text div --><\/p>\n<\/div>\n<p><!-- container div --><\/p>\n<div class=\"img-on-left\">\n<div class=\"img-div\"><img loading=\"lazy\" decoding=\"async\" class=\"alignleft wp-image-2011 size-thumbnail\" src=\"https:\/\/cyberlock.com\/wp-content\/uploads\/2018\/01\/Vault1-Shrinkage-Control-150x117.jpg\" alt=\"Vault Applications\" width=\"150\" height=\"117\" srcset=\"https:\/\/cyberlock.com\/wp-content\/uploads\/2018\/01\/Vault1-Shrinkage-Control-150x117.jpg 150w, https:\/\/cyberlock.com\/wp-content\/uploads\/2018\/01\/Vault1-Shrinkage-Control-300x233.jpg 300w, https:\/\/cyberlock.com\/wp-content\/uploads\/2018\/01\/Vault1-Shrinkage-Control.jpg 508w\" sizes=\"auto, (max-width: 150px) 100vw, 150px\" \/><\/div>\n<div class=\"text-div\">\n<h2><span id=\"result_box\" class=\"short_text\" lang=\"es\" tabindex=\"-1\"><span class=\"\">Control de contracci\u00f3n<\/span><\/span><\/h2>\n<p><span id=\"result_box\" class=\"\" lang=\"es\" tabindex=\"-1\"><span class=\"\">Una CyberKey Vault se usa para reducir la contracci\u00f3n en el comedor de una universidad estatal.<\/span><\/span> <span id=\"result_box\" class=\"\" lang=\"es\" tabindex=\"-1\"><span class=\"\">Los empleados solo pueden accesar a las \u00e1reas de almacenamiento con una llave inteligente CyberKey mantenida en un CyberKey Vault.<\/span> <span class=\"\">Se registra una pista de auditor\u00eda detallado de qui\u00e9n acces\u00f3 al \u00e1rea de almacenamiento y cu\u00e1ndo.<\/span> <span class=\"\">Desde la introducci\u00f3n de un sistema CyberLock y los gabinetes de llaves CybeKey Vault, se ha abordado el problema cr\u00f3nico de la contracci\u00f3n del servicio de alimentos.<\/span><\/span><\/p>\n<\/div>\n<p><!-- Text div --><\/p>\n<\/div>\n<p><\/p>","protected":false},"excerpt":{"rendered":"<p>Respuesta de emergencia El personal de administraci\u00f3n de transporte, como los trabajadores de la construcci\u00f3n y los equipos de servicios de emergencia, comparten el acceso a las b\u00f3vedas instaladas en ubicaciones estrat\u00e9gicas a lo largo del sistema de carreteras. El acceso a ubicaciones seguras remotas a trav\u00e9s de las llaves inteligentes CyberKey almacenadas en las [&hellip;]<\/p>\n","protected":false},"author":1,"featured_media":3995,"parent":1991,"menu_order":0,"comment_status":"closed","ping_status":"closed","template":"","meta":{"footnotes":"","advanced-sidebar-menu\/link-title":"","advanced-sidebar-menu\/exclude-page":false},"class_list":["post-2010","page","type-page","status-publish","has-post-thumbnail","hentry"],"_links":{"self":[{"href":"https:\/\/cyberlock.com\/es\/wp-json\/wp\/v2\/pages\/2010","targetHints":{"allow":["GET"]}}],"collection":[{"href":"https:\/\/cyberlock.com\/es\/wp-json\/wp\/v2\/pages"}],"about":[{"href":"https:\/\/cyberlock.com\/es\/wp-json\/wp\/v2\/types\/page"}],"author":[{"embeddable":true,"href":"https:\/\/cyberlock.com\/es\/wp-json\/wp\/v2\/users\/1"}],"replies":[{"embeddable":true,"href":"https:\/\/cyberlock.com\/es\/wp-json\/wp\/v2\/comments?post=2010"}],"version-history":[{"count":8,"href":"https:\/\/cyberlock.com\/es\/wp-json\/wp\/v2\/pages\/2010\/revisions"}],"predecessor-version":[{"id":3383,"href":"https:\/\/cyberlock.com\/es\/wp-json\/wp\/v2\/pages\/2010\/revisions\/3383"}],"up":[{"embeddable":true,"href":"https:\/\/cyberlock.com\/es\/wp-json\/wp\/v2\/pages\/1991"}],"wp:featuredmedia":[{"embeddable":true,"href":"https:\/\/cyberlock.com\/es\/wp-json\/wp\/v2\/media\/3995"}],"wp:attachment":[{"href":"https:\/\/cyberlock.com\/es\/wp-json\/wp\/v2\/media?parent=2010"}],"curies":[{"name":"wp","href":"https:\/\/api.w.org\/{rel}","templated":true}]}}