{"id":1991,"date":"2018-01-12T14:59:30","date_gmt":"2018-01-12T22:59:30","guid":{"rendered":"http:\/\/cyberlock.dev\/?page_id=1991"},"modified":"2018-08-02T16:50:43","modified_gmt":"2018-08-02T23:50:43","slug":"cyberkey-vaults","status":"publish","type":"page","link":"https:\/\/cyberlock.com\/es\/product-lines\/cyberkey-vaults\/","title":{"rendered":"Armarios de control de llave CyberKey Vault"},"content":{"rendered":"<p>Los armarios de llave CyberKey Vault ofrecen una manera inteligente de controlar y dispensar llaves inteligentes CyberKey. Los armarios de llave programan y dispensan <a href=\"https:\/\/cyberlock.com\/product-lines\/cyberlock\/smart-keys\/\">llaves electr\u00f3nicas<\/a> con privilegios de acceso personalizados basados en el tiempo, la fecha y el nivel de autoridad.<\/p>\n<h2>Principales beneficios<\/h2>\n<h3>Aumentar el control sobre llaves y responsabilidad<\/h3>\n<p>Los armarios de llave CyberKey Vault son beneficiosos para los usuarios que desean automatizar el proceso de entrada y salida de llaves. El software de gesti\u00f3n, <a href=\"https:\/\/cyberlock.com\/product-lines\/cyberaudit\/\">CyberAudit<\/a>, rastrea cu\u00e1ndo se dispensa una CyberKey y cu\u00e1ndo se devuelve a un armario. A su regreso, el armario descarga la pista de auditor\u00eda de la llave y revierte la llave a un estado no programado para que est\u00e9 disponible para el pr\u00f3ximo usuario. Toda la actividad del armario y las llaves es administrada por el software de gesti\u00f3n CyberAudit y puede ser vista por los administradores del sistema.<\/p>\n<h3>Administre eficazmente el acceso a proveedores externos<\/h3>\n<p>Las empresas que necesitan proporcionar acceso a subcontratistas, compa\u00f1\u00edas de mantenimiento y proveedores se beneficiar\u00e1n de la capacidad de los armarios para dispensar acceso temporal o llaves de uso por \u00fanica vez. Los informes autom\u00e1ticos por correo electr\u00f3nico sobrela actividad del armario y las llaves facilitan una mejor visibilidad de la actividad en sitio del subcontratista.<\/p>\n<h3>Almacene de forma segura las llaves en el sitio<\/h3>\n<p>Los armarios de llave CyberKey Vault son beneficiosos para aplicaciones de alta seguridad donde las llaves no pueden salir del edificio. Los armarios est\u00e1n conectados al software de administraci\u00f3n y comunican continuamente la actividad de acceso. Los usuarios pueden ver cu\u00e1ndo se saca una llave, se devuelve o si todav\u00eda est\u00e1 en el campo.<\/p>\n<h2 class=\"page-title\">C\u00f3mo funciona<\/h2>\n<p>La siguiente l\u00ednea de tiempo ilustra c\u00f3mo un CyberKey Vault programa, reparte y administra llaves inteligentes CyberKey.<\/p>\n<h3>8:00 a.m. Credencial se presenta<\/h3>\n<p>Las llaves inteligentes CyberKey se almacenan de manera segura en CyberKey Vault, en un estado no programado. Se presenta una tarjeta PIN o RFID autorizada en el armario.<\/p>\n<h3>8:00 a.m. CyberKey se programa y se lanza<\/h3>\n<p>El armario se comunica con el software CyberAudit y:<\/p>\n<ul>\n<li>Programa una CyberKey con permisos de acceso espec\u00edficos<\/li>\n<li>Desbloquea la puerta del armario y lanza la llave<\/li>\n<\/ul>\n<h3>8:01 a.m. a 4:59 p.m. Se realizan tareas diarias<\/h3>\n<p>La CyberKey programada se utiliza para acceder a los cilindros CyberLock autorizados en toda la organizaci\u00f3n seg\u00fan los permisos cargados en la llave.<\/p>\n<h3>5:00 pm. Se presenta la credencial y se devuelve la CyberKey<\/h3>\n<p>El PIN autorizado o la tarjeta RFID se presenta nuevamente al armario. La puerta se desbloquea y la CyberKey se devuelve a cualquier espacio disponible.<\/p>\n<h3>5:00 p.m. Pista de auditor\u00eda descargado y CyberKey desprogramado<\/h3>\n<p>El armario descarga la actividad de la llave, devuelve la CyberKey a un estado no programado e informa al software toda la actividad del armario y las llaves.<\/p>\n<h3>5:01 p.m. Las notificaciones se env\u00edan<\/h3>\n<p>Los supervisores y gerentes designados reciben notificaciones por correo electr\u00f3nico sobre la actividad del armario y las llaves.<\/p>","protected":false},"excerpt":{"rendered":"<p>Los armarios de llave CyberKey Vault ofrecen una manera inteligente de controlar y dispensar llaves inteligentes CyberKey. Los armarios de llave programan y dispensan llaves electr\u00f3nicas con privilegios de acceso personalizados basados en el tiempo, la fecha y el nivel de autoridad. Principales beneficios Aumentar el control sobre llaves y responsabilidad Los armarios de llave [&hellip;]<\/p>\n","protected":false},"author":1,"featured_media":3995,"parent":1825,"menu_order":0,"comment_status":"closed","ping_status":"closed","template":"","meta":{"footnotes":"","advanced-sidebar-menu\/link-title":"","advanced-sidebar-menu\/exclude-page":false},"class_list":["post-1991","page","type-page","status-publish","has-post-thumbnail","hentry"],"_links":{"self":[{"href":"https:\/\/cyberlock.com\/es\/wp-json\/wp\/v2\/pages\/1991","targetHints":{"allow":["GET"]}}],"collection":[{"href":"https:\/\/cyberlock.com\/es\/wp-json\/wp\/v2\/pages"}],"about":[{"href":"https:\/\/cyberlock.com\/es\/wp-json\/wp\/v2\/types\/page"}],"author":[{"embeddable":true,"href":"https:\/\/cyberlock.com\/es\/wp-json\/wp\/v2\/users\/1"}],"replies":[{"embeddable":true,"href":"https:\/\/cyberlock.com\/es\/wp-json\/wp\/v2\/comments?post=1991"}],"version-history":[{"count":11,"href":"https:\/\/cyberlock.com\/es\/wp-json\/wp\/v2\/pages\/1991\/revisions"}],"predecessor-version":[{"id":3801,"href":"https:\/\/cyberlock.com\/es\/wp-json\/wp\/v2\/pages\/1991\/revisions\/3801"}],"up":[{"embeddable":true,"href":"https:\/\/cyberlock.com\/es\/wp-json\/wp\/v2\/pages\/1825"}],"wp:featuredmedia":[{"embeddable":true,"href":"https:\/\/cyberlock.com\/es\/wp-json\/wp\/v2\/media\/3995"}],"wp:attachment":[{"href":"https:\/\/cyberlock.com\/es\/wp-json\/wp\/v2\/media?parent=1991"}],"curies":[{"name":"wp","href":"https:\/\/api.w.org\/{rel}","templated":true}]}}