{"id":1973,"date":"2018-01-12T09:18:48","date_gmt":"2018-01-12T17:18:48","guid":{"rendered":"http:\/\/cyberlock.dev\/?page_id=1973"},"modified":"2025-02-26T08:28:21","modified_gmt":"2025-02-26T16:28:21","slug":"communicators","status":"publish","type":"page","link":"https:\/\/cyberlock.com\/es\/product-lines\/cyberlock\/communicators\/","title":{"rendered":"Dispositivos de comunicaci\u00f3n CyberLock"},"content":{"rendered":"<p><span id=\"result_box\" class=\"\" lang=\"es\" tabindex=\"-1\"><span class=\"\">Los comunicadores sirven como interfaz entre el hardware CyberLock y el software de administraci\u00f3n CyberAudit.<\/span> <span class=\"\">A trav\u00e9s de un comunicador, la informaci\u00f3n de la llave se descarga en el software y se cargan nuevas programaciones y permisos en las llaves.<\/span><\/span><\/p>\n<p><span id=\"result_box\" class=\"\" lang=\"es\" tabindex=\"-1\"><span class=\"alt-edited\">Una variedad de comunicadores est\u00e1n disponibles para atender las necesidades individuales de instalaciones y de personal.<\/span><\/span>\u00a0<span id=\"result_box\" class=\"\" lang=\"es\" tabindex=\"-1\"><span class=\"\">Los comunicadores se pueden instalar en ubicaciones que sean f\u00e1ciles y accesibles para los titulares de llaves, como una computadora de escritorio o port\u00e1til, una entrada para empleados o incluso en el campo, haciendo <\/span><\/span><span id=\"result_box\" class=\"\" lang=\"es\" tabindex=\"-1\"><span class=\"\">conveniente las <\/span><\/span><span id=\"result_box\" class=\"\" lang=\"es\" tabindex=\"-1\"><span class=\"\">frecuentes expiraciones de llaves y la programaci\u00f3n de acceso para mayor seguridad.<\/span><\/span><\/p>\n<div class=\"featured-container\">\n<h2><span id=\"result_box\" class=\"short_text\" lang=\"es\" tabindex=\"-1\"><span class=\"\">Comunicadores destacados<\/span><\/span><\/h2>\n<div class=\"featured-prod\">\n<p><img loading=\"lazy\" decoding=\"async\" class=\"alignnone wp-image-1975 size-thumbnail\" src=\"https:\/\/cyberlock.com\/wp-content\/uploads\/2018\/01\/Authorizer-Keyport-92x150.png\" alt=\"CyberLock AK-01 Authorizer Keyport\" width=\"92\" height=\"150\" srcset=\"https:\/\/cyberlock.com\/wp-content\/uploads\/2018\/01\/Authorizer-Keyport-92x150.png 92w, https:\/\/cyberlock.com\/wp-content\/uploads\/2018\/01\/Authorizer-Keyport-184x300.png 184w, https:\/\/cyberlock.com\/wp-content\/uploads\/2018\/01\/Authorizer-Keyport.png 540w\" sizes=\"auto, (max-width: 92px) 100vw, 92px\" \/><\/p>\n<h3>Authorizer Keyport<\/h3>\n<p><span id=\"result_box\" class=\"\" lang=\"es\" tabindex=\"-1\"><span class=\"\">El Authorizer Keyport es un dispositivo montado en la pared que se conecta directamente al Authorizer Hub.<\/span><\/span><\/p>\n<p><a class=\"button-link\" href=\"\/products\/communicators\/AK-01\/\">Ver Detalles<\/a><\/p>\n<\/div>\n<div class=\"featured-prod\">\n<p><img loading=\"lazy\" decoding=\"async\" class=\"alignnone wp-image-1976 size-thumbnail\" src=\"https:\/\/cyberlock.com\/wp-content\/uploads\/2018\/01\/USB-Station-148x150.png\" alt=\"CyberLock USB Station\" width=\"148\" height=\"150\" srcset=\"https:\/\/cyberlock.com\/wp-content\/uploads\/2018\/01\/USB-Station-148x150.png 148w, https:\/\/cyberlock.com\/wp-content\/uploads\/2018\/01\/USB-Station-296x300.png 296w, https:\/\/cyberlock.com\/wp-content\/uploads\/2018\/01\/USB-Station.png 750w\" sizes=\"auto, (max-width: 148px) 100vw, 148px\" \/><\/p>\n<h3>USB Station<\/h3>\n<p><span id=\"result_box\" class=\"\" lang=\"es\" tabindex=\"-1\">El USB Station es un dispositivo de escritorio que se conecta por cable al puerto USB de la computadora.<\/span><\/p>\n<p><a class=\"button-link\" href=\"\/products\/communicators\/CKS-020\">Ver Detalles<\/a><\/p>\n<\/div>\n<div class=\"featured-prod\">\n<p><img loading=\"lazy\" decoding=\"async\" class=\"alignnone wp-image-1978 size-thumbnail\" src=\"https:\/\/cyberlock.com\/wp-content\/uploads\/2018\/01\/Vaults-Flex-20-VK2-transp-200sq-150x150.png\" alt=\"CyberLock CyberKey Vaults\" width=\"150\" height=\"150\" srcset=\"https:\/\/cyberlock.com\/wp-content\/uploads\/2018\/01\/Vaults-Flex-20-VK2-transp-200sq-150x150.png 150w, https:\/\/cyberlock.com\/wp-content\/uploads\/2018\/01\/Vaults-Flex-20-VK2-transp-200sq.png 200w\" sizes=\"auto, (max-width: 150px) 100vw, 150px\" \/><\/p>\n<h3>CyberKey Vaults<\/h3>\n<p><span id=\"result_box\" class=\"\" lang=\"es\" tabindex=\"-1\"><span class=\"\">CyberKey Vaults\u00a0reparten y programan llaves electr\u00f3nicas con privilegios de acceso individuales basados en el tiempo, la fecha y el nivel de autoridad.<\/span><\/span><\/p>\n<p><a class=\"button-link\" href=\"\/product-lines\/cyberkey-vaults\/\">Ver Detalles<\/a><\/p>\n<\/div>\n<\/div>\n<p><span id=\"result_box\" class=\"short_text\" lang=\"es\" tabindex=\"-1\"><span class=\"\">Haga clic aqu\u00ed para ver<\/span><\/span> <a href=\"\/products\/category\/communicators\">todos dispositivos de communicaci<span id=\"result_box\" class=\"\" lang=\"es\" tabindex=\"-1\"><span class=\"\">\u00f3<\/span><\/span>n<\/a>.<\/p>\n<h2>Hechos sobre communicadores<\/h2>\n<ul>\n<li><span id=\"result_box\" class=\"\" lang=\"es\" tabindex=\"-1\"><span class=\"\">Cada actualizaci\u00f3n descarga simult\u00e1neamente la actividad de la llave y actualiza los permisos.<\/span><\/span><\/li>\n<li><span id=\"result_box\" class=\"\" lang=\"es\" tabindex=\"-1\"><span class=\"\">Varios comunicadores ofrecen funciones m\u00faltiples, como cargar la bater\u00eda de la llave o almacenar llaves no programadas.<\/span><\/span><\/li>\n<li><span id=\"result_box\" class=\"\" lang=\"es\" tabindex=\"-1\"><span class=\"\">Los comunicadores disponibles dependen del tipo de llave y la versi\u00f3n del software de administraci\u00f3n CyberAudit instalado.<\/span><\/span><\/li>\n<li><span id=\"result_box\" class=\"\" lang=\"es\" tabindex=\"-1\"><span class=\"\">Varios comunicadores est\u00e1n disponibles para <span class=\"alt-edited\">atender<\/span> necesidades individuales, de instalaciones y de personal.<\/span> Las llaves se pueden programar:<\/span>\n<ul class=\"sublist\">\n<li><span id=\"result_box\" class=\"short_text\" lang=\"es\" tabindex=\"-1\">En el sitio usando una computadora de escritorio o port\u00e1til.<\/span><\/li>\n<li><span id=\"result_box\" class=\"\" lang=\"es\" tabindex=\"-1\"><span class=\"\">En una ubicaci\u00f3n remota, como un almac\u00e9n o entrada de empleados.<\/span><\/span><\/li>\n<li><span id=\"result_box\" class=\"\" lang=\"es\" tabindex=\"-1\"><span class=\"\">En el camino con una computadora port\u00e1til o usando CyberKey Blue o CyberKey Air.<\/span><\/span><\/li>\n<\/ul>\n<\/li>\n<\/ul>\n<p><\/p>","protected":false},"excerpt":{"rendered":"<p>Los comunicadores sirven como interfaz entre el hardware CyberLock y el software de administraci\u00f3n CyberAudit. A trav\u00e9s de un comunicador, la informaci\u00f3n de la llave se descarga en el software y se cargan nuevas programaciones y permisos en las llaves. Una variedad de comunicadores est\u00e1n disponibles para atender las necesidades individuales de instalaciones y de [&hellip;]<\/p>\n","protected":false},"author":1,"featured_media":3982,"parent":1923,"menu_order":0,"comment_status":"closed","ping_status":"closed","template":"","meta":{"footnotes":"","advanced-sidebar-menu\/link-title":"","advanced-sidebar-menu\/exclude-page":false},"class_list":["post-1973","page","type-page","status-publish","has-post-thumbnail","hentry"],"_links":{"self":[{"href":"https:\/\/cyberlock.com\/es\/wp-json\/wp\/v2\/pages\/1973","targetHints":{"allow":["GET"]}}],"collection":[{"href":"https:\/\/cyberlock.com\/es\/wp-json\/wp\/v2\/pages"}],"about":[{"href":"https:\/\/cyberlock.com\/es\/wp-json\/wp\/v2\/types\/page"}],"author":[{"embeddable":true,"href":"https:\/\/cyberlock.com\/es\/wp-json\/wp\/v2\/users\/1"}],"replies":[{"embeddable":true,"href":"https:\/\/cyberlock.com\/es\/wp-json\/wp\/v2\/comments?post=1973"}],"version-history":[{"count":15,"href":"https:\/\/cyberlock.com\/es\/wp-json\/wp\/v2\/pages\/1973\/revisions"}],"predecessor-version":[{"id":5700,"href":"https:\/\/cyberlock.com\/es\/wp-json\/wp\/v2\/pages\/1973\/revisions\/5700"}],"up":[{"embeddable":true,"href":"https:\/\/cyberlock.com\/es\/wp-json\/wp\/v2\/pages\/1923"}],"wp:featuredmedia":[{"embeddable":true,"href":"https:\/\/cyberlock.com\/es\/wp-json\/wp\/v2\/media\/3982"}],"wp:attachment":[{"href":"https:\/\/cyberlock.com\/es\/wp-json\/wp\/v2\/media?parent=1973"}],"curies":[{"name":"wp","href":"https:\/\/api.w.org\/{rel}","templated":true}]}}