{"id":1953,"date":"2018-01-11T16:17:53","date_gmt":"2018-01-12T00:17:53","guid":{"rendered":"http:\/\/cyberlock.dev\/?page_id=1953"},"modified":"2018-08-14T15:22:08","modified_gmt":"2018-08-14T22:22:08","slug":"smart-keys","status":"publish","type":"page","link":"https:\/\/cyberlock.com\/es\/product-lines\/cyberlock\/smart-keys\/","title":{"rendered":"Llaves inteligentes CyberKey"},"content":{"rendered":"<p>Programado con permisos de acceso para cada titular de llave, las llaves inteligentes CyberKey sirven como el controlador de acceso para el sistema CyberLock. Adem\u00e1s, proporcionan la potencia necesaria para energizar el cilindro CyberLock.<\/p>\n<h2>Programaci\u00f3n de llaves<\/h2>\n<p>Las llaves est\u00e1n programadas con privilegios de acceso para cada usuario y contienen una lista de cerraduras que el usuario puede abrir con un horario de d\u00edas y horas a las que se les permite el acceso. Por ejemplo, se puede programar una llave para permitir el acceso de 8 a.m. a 6 p.m. de lunes a viernes y de 10 a.m. a 4 p.m. los s\u00e1bados. Tambi\u00e9n se puede programar para que expire en una fecha espec\u00edfica en un momento espec\u00edfico para aumentar la seguridad.<\/p>\n<h2>Control de llaves<\/h2>\n<p>A las llaves se les puede asignar una fecha de inicio y una fecha de expiraci\u00f3n. Esto quiere decir que las llaves se pueden asignar antes de que se activen, y puede configurarse para expirar en un momento espec\u00edfico en el futuro. Los titulares deben volver a autorizar las llaves antes de que se da el acceso nuevamente. Establecer fechas de expiraci\u00f3n a corto plazo es una excelente manera de minimizar el riesgo debido a la p\u00e9rdida o el robo de llaves.<\/p>\n<div class=\"featured-container\">\n<h2>Llaves CyberKey destacadas<\/h2>\n<div class=\"featured-prod\">\n<div class=\"feat-prod-img\"><img loading=\"lazy\" decoding=\"async\" class=\"alignnone wp-image-4138 size-thumbnail\" src=\"https:\/\/cyberlock.com\/wp-content\/uploads\/2018\/08\/CK-IR7-left-transparent-150x115.png\" alt=\"CyberLock CK-IR7 CyberKey\" width=\"150\" height=\"115\" \/><\/div>\n<h3>CyberKeys de Generaci\u00f3n 1<\/h3>\n<p>Las CyberKeys de Generaci\u00f3n 2 son alimentadas por una bater\u00eda CR2 de litio de 3 voltios reemplazable en el campo.<\/p>\n<p><a class=\"button-link\" href=\"\/products\/category\/cyberkeys\/gen-1-keys\">Ver CyberKeys<\/a><\/p>\n<\/div>\n<p><!-- End featured prod --><\/p>\n<div class=\"featured-prod\">\n<div class=\"feat-prod-img\"><img loading=\"lazy\" decoding=\"async\" class=\"alignnone wp-image-1960 size-thumbnail\" src=\"https:\/\/cyberlock.com\/wp-content\/uploads\/2018\/01\/CK-AIR-nobg-150x109.png\" alt=\"CyberLock CK-AIR CyberKey Air\" width=\"150\" height=\"109\" srcset=\"https:\/\/cyberlock.com\/wp-content\/uploads\/2018\/01\/CK-AIR-nobg-150x109.png 150w, https:\/\/cyberlock.com\/wp-content\/uploads\/2018\/01\/CK-AIR-nobg-300x217.png 300w, https:\/\/cyberlock.com\/wp-content\/uploads\/2018\/01\/CK-AIR-nobg.png 600w\" sizes=\"auto, (max-width: 150px) 100vw, 150px\" \/><\/div>\n<h3>CyberKeys de Generaci\u00f3n 2<\/h3>\n<p>Las CyberKeys de Generaci\u00f3n 2 tienen mucha m\u00e1s memoria para listas de cerraduras y pistas de auditor\u00eda, y pueden programar cerraduras nuevos con un solo toque.<\/p>\n<p><a class=\"button-link\" href=\"\/products\/category\/cyberkeys\/gen-2-keys\">Ver CyberKeys<\/a><\/p>\n<\/div>\n<p><!-- End featured prod --><\/p>\n<div class=\"featured-prod\">\n<div class=\"feat-prod-img\"><img loading=\"lazy\" decoding=\"async\" class=\"alignnone wp-image-1957 size-full\" src=\"https:\/\/cyberlock.com\/wp-content\/uploads\/2018\/01\/CyberKey2_0_0.png\" alt=\"CyberLock CyberKey II\" width=\"125\" height=\"109\" \/><\/div>\n<h3>CyberKeys H\u00edbridas<\/h3>\n<p>Las CyberKeys h\u00edbridas combinan la mayor capacidad de memoria de las CyberKeys de Generaci\u00f3n 2 con la tecnolog\u00eda de infrarrojos y la bater\u00eda reemplazable de las CyberKeys de Generaci\u00f3n 1.<\/p>\n<p><a class=\"button-link\" href=\"\/products\/category\/cyberkeys\/hybrid-keys\">Ver CyberKeys<\/a><\/p>\n<\/div>\n<p><!-- End featured prod --><\/p>\n<\/div>\n<p><!-- End featured container --><\/p>\n<p>Haga click aqu\u00ed para <a href=\"\/products\/category\/cyberkeys\">ver todas llaves inteligentes<\/a>.<\/p>\n<h2>Hechos sobre CyberKey<\/h2>\n<ul>\n<li>Las llaves inteligentes CyberKey est\u00e1n dise\u00f1adas para evitar la duplicaci\u00f3n no autorizada del c\u00f3digo de identificaci\u00f3n de la llave, lo que significa que cada CyberKey es \u00fanica y trazable.<\/li>\n<li>CyberKeys contienen c\u00f3digos de acceso encriptadas que se unen la llave a un sistema espec\u00edfico.<\/li>\n<li>Se pueden almacenar en la memoria hasta 3.900 eventos de acceso (llaves de Generaci\u00f3n 1) o 12.000 (llaves de Generaci\u00f3n 2), incluyendo las aperturas autorizadas y los intentos denegados.<\/li>\n<li>La memoria llave almacena los horarios de acceso y una lista de cerraduras que puede abrir.<\/li>\n<li>La energ\u00eda de la cerradura es suministrada por la bater\u00eda en la llave.<\/li>\n<li>El cuerpo est\u00e1 compuesto por una carcasa de fibra de vidrio altamente resistente.<\/li>\n<li>Las fechas de expiraci\u00f3n se pueden establecer y modificar f\u00e1cilmente.<\/li>\n<li>El sistema proporciona programaci\u00f3n flexible de llaves:\n<ul>\n<li>Permisos de fecha y hora<\/li>\n<li>Programaci\u00f3n de d\u00edas festivos<\/li>\n<li>Opciones de uso de una sola vez<\/li>\n<\/ul>\n<\/li>\n<\/ul>\n<p><\/p>","protected":false},"excerpt":{"rendered":"<p>Programado con permisos de acceso para cada titular de llave, las llaves inteligentes CyberKey sirven como el controlador de acceso para el sistema CyberLock. Adem\u00e1s, proporcionan la potencia necesaria para energizar el cilindro CyberLock. Programaci\u00f3n de llaves Las llaves est\u00e1n programadas con privilegios de acceso para cada usuario y contienen una lista de cerraduras que [&hellip;]<\/p>\n","protected":false},"author":1,"featured_media":3992,"parent":1923,"menu_order":0,"comment_status":"closed","ping_status":"closed","template":"","meta":{"footnotes":"","advanced-sidebar-menu\/link-title":"","advanced-sidebar-menu\/exclude-page":false},"class_list":["post-1953","page","type-page","status-publish","has-post-thumbnail","hentry"],"_links":{"self":[{"href":"https:\/\/cyberlock.com\/es\/wp-json\/wp\/v2\/pages\/1953","targetHints":{"allow":["GET"]}}],"collection":[{"href":"https:\/\/cyberlock.com\/es\/wp-json\/wp\/v2\/pages"}],"about":[{"href":"https:\/\/cyberlock.com\/es\/wp-json\/wp\/v2\/types\/page"}],"author":[{"embeddable":true,"href":"https:\/\/cyberlock.com\/es\/wp-json\/wp\/v2\/users\/1"}],"replies":[{"embeddable":true,"href":"https:\/\/cyberlock.com\/es\/wp-json\/wp\/v2\/comments?post=1953"}],"version-history":[{"count":41,"href":"https:\/\/cyberlock.com\/es\/wp-json\/wp\/v2\/pages\/1953\/revisions"}],"predecessor-version":[{"id":4194,"href":"https:\/\/cyberlock.com\/es\/wp-json\/wp\/v2\/pages\/1953\/revisions\/4194"}],"up":[{"embeddable":true,"href":"https:\/\/cyberlock.com\/es\/wp-json\/wp\/v2\/pages\/1923"}],"wp:featuredmedia":[{"embeddable":true,"href":"https:\/\/cyberlock.com\/es\/wp-json\/wp\/v2\/media\/3992"}],"wp:attachment":[{"href":"https:\/\/cyberlock.com\/es\/wp-json\/wp\/v2\/media?parent=1953"}],"curies":[{"name":"wp","href":"https:\/\/api.w.org\/{rel}","templated":true}]}}