{"id":1923,"date":"2018-01-11T09:23:30","date_gmt":"2018-01-11T17:23:30","guid":{"rendered":"http:\/\/cyberlock.dev\/?page_id=1923"},"modified":"2018-08-02T16:38:14","modified_gmt":"2018-08-02T23:38:14","slug":"cyberlock","status":"publish","type":"page","link":"https:\/\/cyberlock.com\/es\/product-lines\/cyberlock\/","title":{"rendered":"Resumen del sistema CyberLock"},"content":{"rendered":"<p><span id=\"result_box\" class=\"\" lang=\"es\" tabindex=\"-1\"><span title=\"CyberLock is a key-centric access control system designed to increase security, accountability, and key control throughout your organization.\">CyberLock es un sistema de control de acceso centrado en las llaves. Es un sistema dise\u00f1ado para aumentar la seguridad, la responsabilidad y el control de llaves en toda su organizaci\u00f3n. <\/span><span title=\"Based on a unique design of electronic lock cylinders and programmable smart keys, CyberLock solves security problems that no other system can. \">Basado en un dise\u00f1o \u00fanico de <a href=\"https:\/\/cyberlock.com\/product-lines\/cyberlock\/locks\/\">cilindros de cerradura electr\u00f3nicos<\/a> y <a href=\"https:\/\/cyberlock.com\/product-lines\/cyberlock\/smart-keys\/\">llaves inteligentes programables<\/a>, CyberLock resuelve problemas de seguridad que ning\u00fan otro sistema puede.<\/span><\/span><\/p>\n<h2><span id=\"result_box\" class=\"short_text\" lang=\"es\" tabindex=\"-1\">Principales beneficios<\/span><\/h2>\n<h3>V<span id=\"result_box\" class=\"short_text\" lang=\"es\" tabindex=\"-1\">ers\u00e1til<\/span>: <span id=\"result_box\" class=\"short_text\" lang=\"es\" tabindex=\"-1\">Controlar el acceso a todos los activos<\/span><\/h3>\n<p><span id=\"result_box\" class=\"\" lang=\"es\" tabindex=\"-1\"><span class=\"\">Los cilindros CyberLock se instalan f\u00e1cilmente no solo en puertas, sino tambi\u00e9n en portones, camiones, contenedores de transporte y otros activos m\u00f3viles y remotos.<\/span> <span class=\"\">El control de acceso completo ahora es posible en activos previamente restringidos solo a cerraduras y llaves mec\u00e1nicas.<\/span><\/span><\/p>\n<h3><span id=\"result_box\" class=\"short_text\" lang=\"es\" tabindex=\"-1\"><span class=\"\">Econ\u00f3mico<\/span><\/span>: <span id=\"result_box\" class=\"short_text\" lang=\"es\" tabindex=\"-1\"><span class=\"\">Elimine el cableado costoso<\/span><\/span><\/h3>\n<p><span id=\"result_box\" class=\"\" lang=\"es\" tabindex=\"-1\"><span class=\"\">Los cilindros electr\u00f3nicos se instalan sin energ\u00eda ni cableado, lo que hace que la configuraci\u00f3n y la instalaci\u00f3n sean r\u00e1pidas, f\u00e1ciles y asequibles.<\/span> <span class=\"alt-edited\">Las bater\u00edas en las llaves inteligentes CyberKey energizan los cilindros CyberLock, evitando la necesidad de instalar y mantener el cableado costoso.<\/span><\/span><\/p>\n<h3>Control de llaves superior: Reprogramar las cerraduras <span id=\"result_box\" class=\"short_text\" lang=\"es\" tabindex=\"-1\"><span class=\"\">electr\u00f3nicamente<\/span><\/span><\/h3>\n<p><span id=\"result_box\" class=\"\" lang=\"es\" tabindex=\"-1\"><span class=\"\">Las llaves est\u00e1n programadas con permisos de acceso para cada usuario individual.<\/span> <span class=\"\">Si se pierde una llave, se puede desactivar f\u00e1cilmente en el sistema, eliminando la necesidad a reprogramar las cerraduras.<\/span><\/span><\/p>\n<h2><span id=\"result_box\" class=\"short_text\" lang=\"es\" tabindex=\"-1\"><span class=\"\">C\u00f3mo funciona<\/span><\/span><\/h2>\n<h3><span id=\"result_box\" class=\"short_text\" lang=\"es\" tabindex=\"-1\">Paso 1<\/span> \u2013 <span id=\"result_box\" class=\"short_text\" lang=\"es\" tabindex=\"-1\"><span class=\"\">Instalar sus cerraduras de alta seguridad<\/span><\/span><\/h3>\n<p><span id=\"result_box\" class=\"short_text\" lang=\"es\" tabindex=\"-1\"><span class=\"\">Reemplazar cilindros mec\u00e1nicos existentes<\/span><\/span> con <a href=\"https:\/\/cyberlock.com\/product-lines\/cyberlock\/locks\/\">cilindros electr<span id=\"result_box\" class=\"\" lang=\"es\" tabindex=\"-1\"><span class=\"\">\u00f3<\/span><\/span>nicos CyberLock<\/a>. <span id=\"result_box\" class=\"\" lang=\"es\" tabindex=\"-1\"><span class=\"\">Cada cilindro CyberLock es una versi\u00f3n electr\u00f3nica de un cilindro de cerradura mec\u00e1nica est\u00e1ndar.<\/span> <span class=\"\">La instalaci\u00f3n no requiere cableado, y el cilindro no contiene una bater\u00eda. Simplemente retire el cilindro mec\u00e1nico existente y reempl\u00e1celo con un cilindro CyberLock.<\/span><\/span><\/p>\n<h3>Paso 2 \u2013 <span id=\"result_box\" class=\"short_text\" lang=\"es\" tabindex=\"-1\"><span class=\"alt-edited\">Programar sus llaves electr\u00f3nicas<\/span><\/span><\/h3>\n<p>Asignar llaves inteligentes CyberKey a los usarios. <a href=\"https:\/\/cyberlock.com\/product-lines\/cyberlock\/smart-keys\/\">Las llaves CyberKey<\/a> <span id=\"result_box\" class=\"\" lang=\"es\" tabindex=\"-1\"><span class=\"\">est\u00e1n programadas con privilegios de acceso para cada usuario y contienen una lista de cerraduras que el usuario puede abrir con un horario de d\u00edas y horas a las que se les permite el acceso.<\/span><\/span> <span id=\"result_box\" class=\"\" lang=\"es\" tabindex=\"-1\"><span class=\"\">Por ejemplo, se puede programar una llave para permitir el acceso de 8 a.m. a 6 p.m.<\/span> <span class=\"\">de lunes a viernes y de 10 a.m. a 4 p.m.<\/span> <span class=\"\">los s\u00e1bados.<\/span> <span class=\"\">Tambi\u00e9n se puede programar para que expire en una fecha espec\u00edfica en un momento espec\u00edfico para aumentar la seguridad.<\/span><\/span><\/p>\n<h3>Paso 3 \u2013 <span id=\"result_box\" class=\"short_text\" lang=\"es\" tabindex=\"-1\"><span class=\"alt-edited\">Abrir sus cerraduras de alta seguridad<\/span><\/span><\/h3>\n<p>Cuando una CyberKey toca a un CyberLock, <span id=\"result_box\" class=\"\" lang=\"es\" tabindex=\"-1\"><span class=\"\">el cilindro est\u00e1 energizado y se produce un intercambio de informaci\u00f3n para determinar si la llave tiene acceso a ese cilindro de cerradura espec\u00edfico<\/span><\/span>. <span id=\"result_box\" class=\"\" lang=\"es\" tabindex=\"-1\"><span class=\"\">Si est\u00e1 autorizado, se abrir\u00e1 la cerradura.<\/span> <span class=\"\">Tanto la cerradura como la clave graban todos los eventos de acceso, incluido el acceso concedido y los intentos de acceso no autorizados.<\/span><\/span><\/p>\n<h3>Paso 4 \u2013 R<span id=\"result_box\" class=\"short_text\" lang=\"es\" tabindex=\"-1\"><span class=\"\">e\u00fana su pista de auditor\u00eda<\/span><\/span><\/h3>\n<p><span id=\"result_box\" class=\"\" lang=\"es\" tabindex=\"-1\"><span class=\"\">Cuando se presenta una clave a un<\/span><\/span> <a href=\"https:\/\/cyberlock.com\/product-lines\/cyberlock\/communicators\/\">dispositivo de comunicaci\u00f3n<\/a>, <span id=\"result_box\" class=\"\" lang=\"es\" tabindex=\"-1\"><span class=\"\">se descarga la pista de auditor\u00eda de la llave y se cargan nuevos privilegios de acceso.<\/span><\/span> <span id=\"result_box\" class=\"\" lang=\"es\" tabindex=\"-1\"><span class=\"\">Las llaves que expiran con frecuencia aseguran que los usuarios actualicen sus llaves regularmente.<\/span> <span class=\"\">Una llave expirada no funcionar\u00e1 hasta que se actualice.<\/span><\/span><\/p>\n<h3>Paso 5 \u2013 <span id=\"result_box\" class=\"short_text\" lang=\"es\" tabindex=\"-1\"><span class=\"\">Ver su pista de auditor\u00eda<\/span><\/span><\/h3>\n<p><span id=\"result_box\" class=\"short_text\" lang=\"es\" tabindex=\"-1\"><span class=\"\">El sistema CyberLock se gestiona a trav\u00e9s de<\/span><\/span> <a href=\"https:\/\/cyberlock.com\/product-lines\/cyberaudit\/\">software de gesti\u00f3n CyberAudit<\/a>. <span id=\"result_box\" class=\"\" lang=\"es\" tabindex=\"-1\"><span class=\"\">Los informes de auditor\u00eda personalizados y las notificaciones peri\u00f3dicas sobre actividades sospechosas se pueden generar autom\u00e1ticamente por correo electr\u00f3nico.<\/span><\/span><\/p>","protected":false},"excerpt":{"rendered":"<p>CyberLock es un sistema de control de acceso centrado en las llaves. Es un sistema dise\u00f1ado para aumentar la seguridad, la responsabilidad y el control de llaves en toda su organizaci\u00f3n. Basado en un dise\u00f1o \u00fanico de cilindros de cerradura electr\u00f3nicos y llaves inteligentes programables, CyberLock resuelve problemas de seguridad que ning\u00fan otro sistema puede. [&hellip;]<\/p>\n","protected":false},"author":1,"featured_media":3986,"parent":1825,"menu_order":0,"comment_status":"closed","ping_status":"closed","template":"","meta":{"footnotes":"","advanced-sidebar-menu\/link-title":"","advanced-sidebar-menu\/exclude-page":false},"class_list":["post-1923","page","type-page","status-publish","has-post-thumbnail","hentry"],"_links":{"self":[{"href":"https:\/\/cyberlock.com\/es\/wp-json\/wp\/v2\/pages\/1923","targetHints":{"allow":["GET"]}}],"collection":[{"href":"https:\/\/cyberlock.com\/es\/wp-json\/wp\/v2\/pages"}],"about":[{"href":"https:\/\/cyberlock.com\/es\/wp-json\/wp\/v2\/types\/page"}],"author":[{"embeddable":true,"href":"https:\/\/cyberlock.com\/es\/wp-json\/wp\/v2\/users\/1"}],"replies":[{"embeddable":true,"href":"https:\/\/cyberlock.com\/es\/wp-json\/wp\/v2\/comments?post=1923"}],"version-history":[{"count":22,"href":"https:\/\/cyberlock.com\/es\/wp-json\/wp\/v2\/pages\/1923\/revisions"}],"predecessor-version":[{"id":3498,"href":"https:\/\/cyberlock.com\/es\/wp-json\/wp\/v2\/pages\/1923\/revisions\/3498"}],"up":[{"embeddable":true,"href":"https:\/\/cyberlock.com\/es\/wp-json\/wp\/v2\/pages\/1825"}],"wp:featuredmedia":[{"embeddable":true,"href":"https:\/\/cyberlock.com\/es\/wp-json\/wp\/v2\/media\/3986"}],"wp:attachment":[{"href":"https:\/\/cyberlock.com\/es\/wp-json\/wp\/v2\/media?parent=1923"}],"curies":[{"name":"wp","href":"https:\/\/api.w.org\/{rel}","templated":true}]}}