{"id":1880,"date":"2018-01-09T13:01:13","date_gmt":"2018-01-09T21:01:13","guid":{"rendered":"http:\/\/cyberlock.dev\/?page_id=1880"},"modified":"2019-08-16T10:58:06","modified_gmt":"2019-08-16T17:58:06","slug":"products","status":"publish","type":"page","link":"https:\/\/cyberlock.com\/es\/products\/","title":{"rendered":"CyberLock Fotos y Especificaciones"},"content":{"rendered":"<p><\/p>\n<div id=\"prod-cats-container\">\n<div class=\"prod-cat-entry\"><img loading=\"lazy\" decoding=\"async\" class=\"alignnone wp-image-4138 size-thumbnail\" src=\"https:\/\/cyberlock.com\/wp-content\/uploads\/2018\/08\/CK-IR7-left-transparent-150x115.png\" alt=\"CyberLock CK-IR7 CyberKey\" width=\"150\" height=\"115\" \/><br \/>\n<a href=\"\/products\/category\/gen-1-keys\">Llaves Inteligentes de Generaci\u00f3n 1<\/a><\/div>\n<p><!-- End prod-cat-entry --><\/p>\n<div class=\"prod-cat-entry\"><img loading=\"lazy\" decoding=\"async\" class=\"alignnone wp-image-1831 size-thumbnail\" src=\"https:\/\/cyberlock.com\/wp-content\/uploads\/2017\/08\/CK-AIR-150x108.jpg\" alt=\"User key, Rechargeable Battery, Wi-Fi\" width=\"150\" height=\"108\" srcset=\"https:\/\/cyberlock.com\/wp-content\/uploads\/2017\/08\/CK-AIR-150x108.jpg 150w, https:\/\/cyberlock.com\/wp-content\/uploads\/2017\/08\/CK-AIR.jpg 220w\" sizes=\"auto, (max-width: 150px) 100vw, 150px\" \/><br \/>\n<a href=\"\/products\/category\/gen-2-keys\">Llaves Inteligentes de Generaci\u00f3n 2<\/a><\/div>\n<p><!-- End prod-cat-entry --><\/p>\n<div class=\"prod-cat-entry\"><img loading=\"lazy\" decoding=\"async\" class=\"alignnone wp-image-3898 size-thumbnail\" src=\"https:\/\/cyberlock.com\/wp-content\/uploads\/2018\/07\/CK-X-150x122.png\" alt=\"CyberLock CK-X CyberKey X\" width=\"150\" height=\"122\" srcset=\"https:\/\/cyberlock.com\/wp-content\/uploads\/2018\/07\/CK-X-150x122.png 150w, https:\/\/cyberlock.com\/wp-content\/uploads\/2018\/07\/CK-X.png 300w\" sizes=\"auto, (max-width: 150px) 100vw, 150px\" \/><br \/>\n<a href=\"\/products\/category\/hybrid-keys\">Llaves H\u00edbridas<\/a><\/div>\n<p><!-- End prod-cat-entry --><\/p>\n<div class=\"prod-cat-entry\"><img loading=\"lazy\" decoding=\"async\" class=\"alignnone size-thumbnail wp-image-1883\" src=\"https:\/\/cyberlock.com\/wp-content\/uploads\/2018\/01\/CL-6P3WR-150x146.jpg\" alt=\"\" width=\"150\" height=\"146\" srcset=\"https:\/\/cyberlock.com\/wp-content\/uploads\/2018\/01\/CL-6P3WR-150x146.jpg 150w, https:\/\/cyberlock.com\/wp-content\/uploads\/2018\/01\/CL-6P3WR-300x291.jpg 300w, https:\/\/cyberlock.com\/wp-content\/uploads\/2018\/01\/CL-6P3WR.jpg 690w\" sizes=\"auto, (max-width: 150px) 100vw, 150px\" \/><br \/>\n<a href=\"\/products\/category\/standard-cylinders\">Cerraduras est\u00e1ndar<\/a><\/div>\n<p><!-- End prod-cat-entry --><\/p>\n<div class=\"prod-cat-entry\"><img loading=\"lazy\" decoding=\"async\" class=\"alignnone wp-image-1828 size-thumbnail\" src=\"https:\/\/cyberlock.com\/wp-content\/uploads\/2017\/08\/CL-IKC-145x150.jpg\" alt=\"Cam lock, Euro round, 1.175&quot; diameter\" width=\"145\" height=\"150\" srcset=\"https:\/\/cyberlock.com\/wp-content\/uploads\/2017\/08\/CL-IKC-145x150.jpg 145w, https:\/\/cyberlock.com\/wp-content\/uploads\/2017\/08\/CL-IKC.jpg 213w\" sizes=\"auto, (max-width: 145px) 100vw, 145px\" \/><br \/>\n<a href=\"\/products\/category\/custom-cylinders\">Cerraduras a medida<\/a><\/div>\n<p><!-- End prod-cat-entry --><\/p>\n<div class=\"prod-cat-entry\"><img loading=\"lazy\" decoding=\"async\" class=\"alignnone wp-image-1920 size-thumbnail\" src=\"https:\/\/cyberlock.com\/wp-content\/uploads\/2018\/01\/PL-01-150x137.jpg\" alt=\"CyberLock PL-01 Padlock\" width=\"150\" height=\"137\" srcset=\"https:\/\/cyberlock.com\/wp-content\/uploads\/2018\/01\/PL-01-150x137.jpg 150w, https:\/\/cyberlock.com\/wp-content\/uploads\/2018\/01\/PL-01-300x274.jpg 300w, https:\/\/cyberlock.com\/wp-content\/uploads\/2018\/01\/PL-01-768x702.jpg 768w, https:\/\/cyberlock.com\/wp-content\/uploads\/2018\/01\/PL-01-1024x936.jpg 1024w, https:\/\/cyberlock.com\/wp-content\/uploads\/2018\/01\/PL-01.jpg 1311w\" sizes=\"auto, (max-width: 150px) 100vw, 150px\" \/><br \/>\n<a href=\"\/products\/category\/standard-padlocks\">Candados est\u00e1ndar<\/a><\/div>\n<p><!-- End prod-cat-entry --><\/p>\n<div class=\"prod-cat-entry\"><img loading=\"lazy\" decoding=\"async\" class=\"alignnone wp-image-1884 size-thumbnail\" src=\"https:\/\/cyberlock.com\/wp-content\/uploads\/2018\/01\/PL-HP1-150x135.jpg\" alt=\"CyberLock PL-HP1 Hockey Puck Padlock\" width=\"150\" height=\"135\" srcset=\"https:\/\/cyberlock.com\/wp-content\/uploads\/2018\/01\/PL-HP1-150x135.jpg 150w, https:\/\/cyberlock.com\/wp-content\/uploads\/2018\/01\/PL-HP1-300x270.jpg 300w, https:\/\/cyberlock.com\/wp-content\/uploads\/2018\/01\/PL-HP1-768x691.jpg 768w, https:\/\/cyberlock.com\/wp-content\/uploads\/2018\/01\/PL-HP1-1024x921.jpg 1024w, https:\/\/cyberlock.com\/wp-content\/uploads\/2018\/01\/PL-HP1.jpg 1047w\" sizes=\"auto, (max-width: 150px) 100vw, 150px\" \/><br \/>\n<a href=\"\/products\/category\/custom-padlocks\">Candados a medida<\/a><\/div>\n<p><!-- End prod-cat-entry --><\/p>\n<div class=\"prod-cat-entry\"><img loading=\"lazy\" decoding=\"async\" class=\"alignnone wp-image-1885 size-thumbnail\" src=\"https:\/\/cyberlock.com\/wp-content\/uploads\/2018\/01\/SL-SW1-150x84.jpg\" alt=\"CyberLock SL-SW1 Safe Lock\" width=\"150\" height=\"84\" srcset=\"https:\/\/cyberlock.com\/wp-content\/uploads\/2018\/01\/SL-SW1-150x84.jpg 150w, https:\/\/cyberlock.com\/wp-content\/uploads\/2018\/01\/SL-SW1-300x168.jpg 300w, https:\/\/cyberlock.com\/wp-content\/uploads\/2018\/01\/SL-SW1-768x431.jpg 768w, https:\/\/cyberlock.com\/wp-content\/uploads\/2018\/01\/SL-SW1-1024x575.jpg 1024w, https:\/\/cyberlock.com\/wp-content\/uploads\/2018\/01\/SL-SW1.jpg 1462w\" sizes=\"auto, (max-width: 150px) 100vw, 150px\" \/><br \/>\n<a href=\"\/products\/safe-locks\">Cerraduras de caja fuerte<\/a><\/div>\n<p><!-- End prod-cat-entry --><\/p>\n<div class=\"prod-cat-entry\"><img loading=\"lazy\" decoding=\"async\" class=\"alignnone wp-image-1886 size-thumbnail\" src=\"https:\/\/cyberlock.com\/wp-content\/uploads\/2018\/01\/CP-05-150x150.jpg\" alt=\"CyberLock CP-05 Electronic Checkpoint\" width=\"150\" height=\"150\" srcset=\"https:\/\/cyberlock.com\/wp-content\/uploads\/2018\/01\/CP-05-150x150.jpg 150w, https:\/\/cyberlock.com\/wp-content\/uploads\/2018\/01\/CP-05-298x300.jpg 298w, https:\/\/cyberlock.com\/wp-content\/uploads\/2018\/01\/CP-05-768x773.jpg 768w, https:\/\/cyberlock.com\/wp-content\/uploads\/2018\/01\/CP-05.jpg 881w\" sizes=\"auto, (max-width: 150px) 100vw, 150px\" \/><br \/>\n<a href=\"\/products\/category\/cyberpoint\">CyberPoint<\/a><\/div>\n<p><!-- End prod-cat-entry --><\/p>\n<div class=\"prod-cat-entry\"><img loading=\"lazy\" decoding=\"async\" class=\"alignnone wp-image-1887 size-thumbnail\" src=\"https:\/\/cyberlock.com\/wp-content\/uploads\/2018\/01\/CKS-020-148x150.jpg\" alt=\"CyberLock CKS-020 USB CyberKey Station\" width=\"148\" height=\"150\" srcset=\"https:\/\/cyberlock.com\/wp-content\/uploads\/2018\/01\/CKS-020-148x150.jpg 148w, https:\/\/cyberlock.com\/wp-content\/uploads\/2018\/01\/CKS-020-297x300.jpg 297w, https:\/\/cyberlock.com\/wp-content\/uploads\/2018\/01\/CKS-020-768x777.jpg 768w, https:\/\/cyberlock.com\/wp-content\/uploads\/2018\/01\/CKS-020-1013x1024.jpg 1013w, https:\/\/cyberlock.com\/wp-content\/uploads\/2018\/01\/CKS-020.jpg 1500w\" sizes=\"auto, (max-width: 148px) 100vw, 148px\" \/><br \/>\n<a href=\"\/products\/category\/communicators\">Communicadores<\/a><\/div>\n<p><!-- End prod-cat-entry --><\/p>\n<div class=\"prod-cat-entry\"><img loading=\"lazy\" decoding=\"async\" class=\"alignnone wp-image-1888 size-thumbnail\" src=\"https:\/\/cyberlock.com\/wp-content\/uploads\/2018\/01\/Vaults-Flex-20-VK2-150x150.jpg\" alt=\"CyberLock CyberKey Vaults\" width=\"150\" height=\"150\" srcset=\"https:\/\/cyberlock.com\/wp-content\/uploads\/2018\/01\/Vaults-Flex-20-VK2-150x150.jpg 150w, https:\/\/cyberlock.com\/wp-content\/uploads\/2018\/01\/Vaults-Flex-20-VK2-300x300.jpg 300w, https:\/\/cyberlock.com\/wp-content\/uploads\/2018\/01\/Vaults-Flex-20-VK2.jpg 500w\" sizes=\"auto, (max-width: 150px) 100vw, 150px\" \/><br \/>\n<a href=\"\/products\/category\/cyberkey-vaults\">CyberKey Vaults<\/a><\/div>\n<p><!-- End prod-cat-entry --><\/p>\n<div class=\"prod-cat-entry\"><img loading=\"lazy\" decoding=\"async\" class=\"alignnone wp-image-1889 size-thumbnail\" src=\"https:\/\/cyberlock.com\/wp-content\/uploads\/2018\/01\/FS-KD01-147x150.jpg\" alt=\"CyberLock FS-KD01 Flex System Keypad Display\" width=\"147\" height=\"150\" srcset=\"https:\/\/cyberlock.com\/wp-content\/uploads\/2018\/01\/FS-KD01-147x150.jpg 147w, https:\/\/cyberlock.com\/wp-content\/uploads\/2018\/01\/FS-KD01-295x300.jpg 295w, https:\/\/cyberlock.com\/wp-content\/uploads\/2018\/01\/FS-KD01.jpg 500w\" sizes=\"auto, (max-width: 147px) 100vw, 147px\" \/><br \/>\n<a href=\"\/products\/category\/flex-system\">Sistema Flex<\/a><\/div>\n<p><!-- End prod-cat-entry --><\/p>\n<div class=\"prod-cat-entry\"><img loading=\"lazy\" decoding=\"async\" class=\"alignnone wp-image-2604 size-thumbnail\" src=\"https:\/\/cyberlock.com\/wp-content\/uploads\/2018\/01\/RFC-010-95x150.jpg\" alt=\"CyberLock RFC-010 RFID Cards, 10 pack\" width=\"95\" height=\"150\" \/><br \/>\n<a href=\"\/products\/accessories\">Accesorios<\/a><\/div>\n<p><!-- End prod-cat-entry --><\/p>\n<div class=\"prod-cat-entry\"><img loading=\"lazy\" decoding=\"async\" class=\"alignnone wp-image-1917 size-thumbnail\" src=\"https:\/\/cyberlock.com\/wp-content\/uploads\/2018\/01\/SE-100-150x113.jpg\" alt=\"CyberLock SE-100 Server\" width=\"150\" height=\"113\" srcset=\"https:\/\/cyberlock.com\/wp-content\/uploads\/2018\/01\/SE-100-150x113.jpg 150w, https:\/\/cyberlock.com\/wp-content\/uploads\/2018\/01\/SE-100-300x225.jpg 300w, https:\/\/cyberlock.com\/wp-content\/uploads\/2018\/01\/SE-100-768x577.jpg 768w, https:\/\/cyberlock.com\/wp-content\/uploads\/2018\/01\/SE-100-1024x770.jpg 1024w, https:\/\/cyberlock.com\/wp-content\/uploads\/2018\/01\/SE-100.jpg 1908w\" sizes=\"auto, (max-width: 150px) 100vw, 150px\" \/><br \/>\n<a href=\"\/products\/category\/system-management\">Gesti\u00f3n del sistema<\/a><\/div>\n<p><!-- End prod-cat-entry --><\/p>\n<div class=\"prod-cat-entry\"><img loading=\"lazy\" decoding=\"async\" class=\"alignnone wp-image-1890 size-thumbnail\" src=\"https:\/\/cyberlock.com\/wp-content\/uploads\/2018\/01\/FL-M4-150x134.jpg\" alt=\"CyberLock FL-M4 Mortise Lock FlashLock\" width=\"150\" height=\"134\" srcset=\"https:\/\/cyberlock.com\/wp-content\/uploads\/2018\/01\/FL-M4-150x134.jpg 150w, https:\/\/cyberlock.com\/wp-content\/uploads\/2018\/01\/FL-M4.jpg 300w\" sizes=\"auto, (max-width: 150px) 100vw, 150px\" \/><br \/>\n<a href=\"\/products\/category\/flashlock\">FlashLock<\/a><\/div>\n<p><!-- End prod-cat-entry --><\/p>\n<\/div>\n<p><\/p>","protected":false},"excerpt":{"rendered":"<p>Llaves Inteligentes de Generaci\u00f3n 1 Llaves Inteligentes de Generaci\u00f3n 2 Llaves H\u00edbridas Cerraduras est\u00e1ndar Cerraduras a medida Candados est\u00e1ndar Candados a medida Cerraduras de caja fuerte CyberPoint Communicadores CyberKey Vaults Sistema Flex Accesorios Gesti\u00f3n del sistema FlashLock<\/p>\n","protected":false},"author":1,"featured_media":3992,"parent":0,"menu_order":0,"comment_status":"closed","ping_status":"closed","template":"","meta":{"footnotes":"","advanced-sidebar-menu\/link-title":"","advanced-sidebar-menu\/exclude-page":false},"class_list":["post-1880","page","type-page","status-publish","has-post-thumbnail","hentry"],"_links":{"self":[{"href":"https:\/\/cyberlock.com\/es\/wp-json\/wp\/v2\/pages\/1880","targetHints":{"allow":["GET"]}}],"collection":[{"href":"https:\/\/cyberlock.com\/es\/wp-json\/wp\/v2\/pages"}],"about":[{"href":"https:\/\/cyberlock.com\/es\/wp-json\/wp\/v2\/types\/page"}],"author":[{"embeddable":true,"href":"https:\/\/cyberlock.com\/es\/wp-json\/wp\/v2\/users\/1"}],"replies":[{"embeddable":true,"href":"https:\/\/cyberlock.com\/es\/wp-json\/wp\/v2\/comments?post=1880"}],"version-history":[{"count":40,"href":"https:\/\/cyberlock.com\/es\/wp-json\/wp\/v2\/pages\/1880\/revisions"}],"predecessor-version":[{"id":4455,"href":"https:\/\/cyberlock.com\/es\/wp-json\/wp\/v2\/pages\/1880\/revisions\/4455"}],"wp:featuredmedia":[{"embeddable":true,"href":"https:\/\/cyberlock.com\/es\/wp-json\/wp\/v2\/media\/3992"}],"wp:attachment":[{"href":"https:\/\/cyberlock.com\/es\/wp-json\/wp\/v2\/media?parent=1880"}],"curies":[{"name":"wp","href":"https:\/\/api.w.org\/{rel}","templated":true}]}}