{"id":1825,"date":"2018-01-09T09:17:50","date_gmt":"2018-01-09T17:17:50","guid":{"rendered":"http:\/\/cyberlock.dev\/?page_id=1825"},"modified":"2018-08-20T15:20:03","modified_gmt":"2018-08-20T22:20:03","slug":"product-lines","status":"publish","type":"page","link":"https:\/\/cyberlock.com\/es\/product-lines\/","title":{"rendered":"Productos"},"content":{"rendered":"<p><\/p>\n<div class=\"prod-line-overview\">\n<div class=\"prod-line-icon\"><img loading=\"lazy\" decoding=\"async\" width=\"150\" height=\"143\" class=\"alignnone wp-image-1823 size-thumbnail\" src=\"https:\/\/cyberlock.com\/wp-content\/uploads\/2017\/08\/CL-M2-4-150x143.jpg\" alt=\"CyberLock CL-M2 1.125&quot;, CL-M4 1.25&quot; Mortise Cylinder\" srcset=\"https:\/\/cyberlock.com\/wp-content\/uploads\/2017\/08\/CL-M2-4-150x143.jpg 150w, https:\/\/cyberlock.com\/wp-content\/uploads\/2017\/08\/CL-M2-4.jpg 220w\" sizes=\"auto, (max-width: 150px) 100vw, 150px\" \/><\/div>\n<div class=\"prod-line-text\">\n<h2><a href=\"https:\/\/cyberlock.com\/product-lines\/cyberlock\/\">Sistema de Control de Accessos CyberLock<\/a><\/h2>\n<p>CyberLock es un sistema de control de accesos centrado en las llaves. Es un sistema dise\u00f1ado para aumentar la seguridad, la responsabilidad y el control de llaves en toda su organizaci\u00f3n.<\/p>\n<\/div>\n<\/div>\n<p><!-- End prod-line-overview --><\/p>\n<div class=\"prod-line-overview\">\n<div class=\"prod-line-icon\"><img loading=\"lazy\" decoding=\"async\" class=\"alignnone size-thumbnail wp-image-2063\" src=\"https:\/\/cyberlock.com\/wp-content\/uploads\/2018\/01\/FS-RH02-150x150.jpg\" alt=\"CyberLock FS-RH02 Flex System RFID Reader\" width=\"150\" height=\"150\" srcset=\"https:\/\/cyberlock.com\/wp-content\/uploads\/2018\/01\/FS-RH02-150x150.jpg 150w, https:\/\/cyberlock.com\/wp-content\/uploads\/2018\/01\/FS-RH02-300x298.jpg 300w, https:\/\/cyberlock.com\/wp-content\/uploads\/2018\/01\/FS-RH02.jpg 500w\" sizes=\"auto, (max-width: 150px) 100vw, 150px\" \/><\/div>\n<div class=\"prod-line-text\">\n<h2><a href=\"https:\/\/cyberlock.com\/product-lines\/flex-system\/\">Sistema Flex<\/a><\/h2>\n<p>Sistema Flex ofrece integraci\u00f3n con dispositivos de acceso de terceros.<\/p>\n<\/div>\n<\/div>\n<p><!-- End prod-line-overview --><\/p>\n<div class=\"prod-line-overview\">\n<div class=\"prod-line-icon\"><img loading=\"lazy\" decoding=\"async\" class=\"alignnone wp-image-1888 size-thumbnail\" src=\"https:\/\/cyberlock.com\/wp-content\/uploads\/2018\/01\/Vaults-Flex-20-VK2-150x150.jpg\" alt=\"CyberLock CyberKey Vaults\" width=\"150\" height=\"150\" srcset=\"https:\/\/cyberlock.com\/wp-content\/uploads\/2018\/01\/Vaults-Flex-20-VK2-150x150.jpg 150w, https:\/\/cyberlock.com\/wp-content\/uploads\/2018\/01\/Vaults-Flex-20-VK2-300x300.jpg 300w, https:\/\/cyberlock.com\/wp-content\/uploads\/2018\/01\/Vaults-Flex-20-VK2.jpg 500w\" sizes=\"auto, (max-width: 150px) 100vw, 150px\" \/><\/div>\n<div class=\"prod-line-text\">\n<h2><a href=\"https:\/\/cyberlock.com\/product-lines\/cyberkey-vaults\/\">CyberKey Vault<\/a><\/h2>\n<p>Los gabinetes de llave CybeKey Vault ofrecen una manera inteligente de controlar y dispensar llaves inteligentes CyberKey.<\/p>\n<\/div>\n<\/div>\n<p><!-- End prod-line-overview --><\/p>\n<div class=\"prod-line-overview\">\n<div class=\"prod-line-icon\"><img loading=\"lazy\" decoding=\"async\" class=\"alignnone wp-image-1886 size-thumbnail\" src=\"https:\/\/cyberlock.com\/wp-content\/uploads\/2018\/01\/CP-05-150x150.jpg\" alt=\"CyberLock CP-05 Electronic Checkpoint\" width=\"150\" height=\"150\" srcset=\"https:\/\/cyberlock.com\/wp-content\/uploads\/2018\/01\/CP-05-150x150.jpg 150w, https:\/\/cyberlock.com\/wp-content\/uploads\/2018\/01\/CP-05-298x300.jpg 298w, https:\/\/cyberlock.com\/wp-content\/uploads\/2018\/01\/CP-05-768x773.jpg 768w, https:\/\/cyberlock.com\/wp-content\/uploads\/2018\/01\/CP-05.jpg 881w\" sizes=\"auto, (max-width: 150px) 100vw, 150px\" \/><\/div>\n<div class=\"prod-line-text\">\n<h2><a href=\"https:\/\/cyberlock.com\/product-lines\/cyberpoint\/\">CyberPoint<\/a><\/h2>\n<p><span id=\"result_box\" class=\"\" lang=\"es\" tabindex=\"-1\"><span class=\"\">Los CyberPoints funcionan como puntos de control de datos para los recorridos de guardia de seguridad y se pueden instalar pr\u00e1cticamente en cualquier lugar.<\/span><\/span><\/p>\n<\/div>\n<\/div>\n<p><!-- End prod-line-overview --><\/p>\n<div class=\"prod-line-overview\">\n<div class=\"prod-line-icon\"><img loading=\"lazy\" decoding=\"async\" class=\"alignnone wp-image-1890 size-thumbnail\" src=\"https:\/\/cyberlock.com\/wp-content\/uploads\/2018\/01\/FL-M4-150x134.jpg\" alt=\"CyberLock FL-M4 Mortise Lock FlashLock\" width=\"150\" height=\"134\" srcset=\"https:\/\/cyberlock.com\/wp-content\/uploads\/2018\/01\/FL-M4-150x134.jpg 150w, https:\/\/cyberlock.com\/wp-content\/uploads\/2018\/01\/FL-M4.jpg 300w\" sizes=\"auto, (max-width: 150px) 100vw, 150px\" \/><\/div>\n<div class=\"prod-line-text\">\n<h2><a href=\"https:\/\/cyberlock.com\/product-lines\/flashlock\/\">FlashLock<\/a><\/h2>\n<p>FlashLock ofrece control de acceso sin llave desde cualquier tel\u00e9fono inteligente, tableta o iPad. No hay aplicaciones para descargar o Bluetooth para sincronizar. Conceder acceso por mensaje de texto o correo electr\u00f3nico 24\/7.<\/p>\n<\/div>\n<\/div>\n<p><!-- End prod-line-overview --><\/p>\n<div class=\"prod-line-overview\">\n<div class=\"prod-line-icon\"><img loading=\"lazy\" decoding=\"async\" class=\"alignnone wp-image-3239 size-thumbnail\" src=\"https:\/\/cyberlock.com\/wp-content\/uploads\/2018\/02\/Laptop-150x103.jpg\" alt=\"CyberAudit-Web Software\" width=\"150\" height=\"103\" \/><\/div>\n<div class=\"prod-line-text\">\n<h2><a href=\"https:\/\/cyberlock.com\/product-lines\/cyberaudit-web\/\">Software de gesti\u00f3n CyberAudit-Web<\/a><\/h2>\n<p><span id=\"result_box\" class=\"\" lang=\"es\" tabindex=\"-1\"><span class=\"\">CyberAudit es el paquete de software para la administraci\u00f3n de sistemas CyberLock de todos los tama\u00f1os.<\/span> <span class=\"\">CyberAudit permite asignar llaves, establecer expiraciones, agregar nuevos cilindros, monitorear al personal y contratistas, crear horarios de acceso y generar pistas de auditor\u00eda e informes personalizados.<\/span><\/span><\/p>\n<\/div>\n<\/div>\n<p><!-- End prod-line-overview --><\/p>\n<div class=\"prod-line-overview\">\n<div class=\"prod-line-icon\" style=\"width: 150px;\"><img decoding=\"async\" class=\"alignnone size-thumbnail\" src=\"https:\/\/cyberlock.com\/wp-content\/uploads\/2022\/10\/FL-PL02-Spec-Sheet-GCO5297-pdf.jpg\" alt=\"Photos and Specs\" \/><\/div>\n<div class=\"prod-line-text\">\n<h2><a href=\"https:\/\/cyberlock.com\/products\/\">Fotos y <span id=\"result_box\" class=\"short_text\" lang=\"es\" tabindex=\"-1\"><span class=\"\">especificaciones<\/span><\/span><\/a><\/h2>\n<p><span id=\"result_box\" class=\"\" lang=\"es\" tabindex=\"-1\"><span class=\"\">Ver fotos y especificaciones de productos en todos los componentes y accesorios de CyberLock y Flex System.<\/span><\/span><\/p>\n<\/div>\n<p><!-- End prod-line-overview --><\/p>\n<\/div>\n<p><\/p>","protected":false},"excerpt":{"rendered":"<p>Sistema de Control de Accessos CyberLock CyberLock es un sistema de control de accesos centrado en las llaves. Es un sistema dise\u00f1ado para aumentar la seguridad, la responsabilidad y el control de llaves en toda su organizaci\u00f3n. Sistema Flex Sistema Flex ofrece integraci\u00f3n con dispositivos de acceso de terceros. CyberKey Vault Los gabinetes de llave [&hellip;]<\/p>\n","protected":false},"author":1,"featured_media":3991,"parent":0,"menu_order":0,"comment_status":"closed","ping_status":"closed","template":"","meta":{"footnotes":"","advanced-sidebar-menu\/link-title":"","advanced-sidebar-menu\/exclude-page":false},"class_list":["post-1825","page","type-page","status-publish","has-post-thumbnail","hentry"],"_links":{"self":[{"href":"https:\/\/cyberlock.com\/es\/wp-json\/wp\/v2\/pages\/1825","targetHints":{"allow":["GET"]}}],"collection":[{"href":"https:\/\/cyberlock.com\/es\/wp-json\/wp\/v2\/pages"}],"about":[{"href":"https:\/\/cyberlock.com\/es\/wp-json\/wp\/v2\/types\/page"}],"author":[{"embeddable":true,"href":"https:\/\/cyberlock.com\/es\/wp-json\/wp\/v2\/users\/1"}],"replies":[{"embeddable":true,"href":"https:\/\/cyberlock.com\/es\/wp-json\/wp\/v2\/comments?post=1825"}],"version-history":[{"count":35,"href":"https:\/\/cyberlock.com\/es\/wp-json\/wp\/v2\/pages\/1825\/revisions"}],"predecessor-version":[{"id":4227,"href":"https:\/\/cyberlock.com\/es\/wp-json\/wp\/v2\/pages\/1825\/revisions\/4227"}],"wp:featuredmedia":[{"embeddable":true,"href":"https:\/\/cyberlock.com\/es\/wp-json\/wp\/v2\/media\/3991"}],"wp:attachment":[{"href":"https:\/\/cyberlock.com\/es\/wp-json\/wp\/v2\/media?parent=1825"}],"curies":[{"name":"wp","href":"https:\/\/api.w.org\/{rel}","templated":true}]}}